{"id":8351,"date":"2025-10-27T09:56:39","date_gmt":"2025-10-27T08:56:39","guid":{"rendered":"https:\/\/www.passionski.ch\/?page_id=8351"},"modified":"2026-01-13T08:37:56","modified_gmt":"2026-01-13T07:37:56","slug":"miriam-huchler","status":"publish","type":"page","link":"https:\/\/www.passionski.ch\/it\/squadra\/miriam-huchler\/","title":{"rendered":"Miriam Huchler"},"content":{"rendered":"<div data-elementor-type=\"wp-page\" data-elementor-id=\"8351\" class=\"elementor elementor-8351\" data-elementor-post-type=\"page\">\n\t\t\t\t\t\t<section class=\"elementor-section elementor-top-section elementor-element elementor-element-f12bab2 elementor-section-boxed elementor-section-height-default elementor-section-height-default\" data-id=\"f12bab2\" data-element_type=\"section\">\n\t\t\t\t\t\t<div class=\"elementor-container elementor-column-gap-no\">\n\t\t\t\t\t<div class=\"elementor-column elementor-col-100 elementor-top-column elementor-element elementor-element-7b68fe8\" data-id=\"7b68fe8\" data-element_type=\"column\">\n\t\t\t<div class=\"elementor-widget-wrap elementor-element-populated\">\n\t\t\t\t\t\t<div class=\"elementor-element elementor-element-ae21904 elementor-widget elementor-widget-heading\" data-id=\"ae21904\" data-element_type=\"widget\" data-widget_type=\"heading.default\">\n\t\t\t\t<div class=\"elementor-widget-container\">\n\t\t\t\t\t<h2 class=\"elementor-heading-title elementor-size-default\">Miriam Huchler<\/h2>\t\t\t\t<\/div>\n\t\t\t\t<\/div>\n\t\t\t\t<div class=\"elementor-element elementor-element-c7d09e2 elementor-widget elementor-widget-heading\" data-id=\"c7d09e2\" data-element_type=\"widget\" data-widget_type=\"heading.default\">\n\t\t\t\t<div class=\"elementor-widget-container\">\n\t\t\t\t\t<h6 class=\"elementor-heading-title elementor-size-default\"><a href=\"https:\/\/www.passionski.ch\/it\/c\/istruttore-di-sport-sulla-neve-in\/\" rel=\"tag\">Istruttore di sport sulla neve<\/a><\/h6>\t\t\t\t<\/div>\n\t\t\t\t<\/div>\n\t\t\t\t\t<\/div>\n\t\t<\/div>\n\t\t\t\t\t<\/div>\n\t\t<\/section>\n\t\t\t\t<section class=\"elementor-section elementor-top-section elementor-element elementor-element-81c51ca elementor-section-boxed elementor-section-height-default elementor-section-height-default\" data-id=\"81c51ca\" data-element_type=\"section\">\n\t\t\t\t\t\t<div class=\"elementor-container elementor-column-gap-no\">\n\t\t\t\t\t<div class=\"elementor-column elementor-col-50 elementor-top-column elementor-element elementor-element-669cbde\" data-id=\"669cbde\" data-element_type=\"column\">\n\t\t\t<div class=\"elementor-widget-wrap elementor-element-populated\">\n\t\t\t\t\t\t<div class=\"elementor-element elementor-element-c920f85 elementor-widget elementor-widget-theme-post-featured-image elementor-widget-image\" data-id=\"c920f85\" data-element_type=\"widget\" data-widget_type=\"theme-post-featured-image.default\">\n\t\t\t\t<div class=\"elementor-widget-container\">\n\t\t\t\t\t\t\t\t\t\t\t\t\t\t\t<img fetchpriority=\"high\" decoding=\"async\" width=\"900\" height=\"900\" src=\"https:\/\/www.passionski.ch\/wp-content\/uploads\/2026\/01\/Team_Miriam-Huchler.jpg\" class=\"attachment-full size-full wp-image-8472\" alt=\"\" srcset=\"https:\/\/www.passionski.ch\/wp-content\/uploads\/2026\/01\/Team_Miriam-Huchler.jpg 900w, https:\/\/www.passionski.ch\/wp-content\/uploads\/2026\/01\/Team_Miriam-Huchler-300x300.jpg 300w, https:\/\/www.passionski.ch\/wp-content\/uploads\/2026\/01\/Team_Miriam-Huchler-150x150.jpg 150w, https:\/\/www.passionski.ch\/wp-content\/uploads\/2026\/01\/Team_Miriam-Huchler-768x768.jpg 768w, https:\/\/www.passionski.ch\/wp-content\/uploads\/2026\/01\/Team_Miriam-Huchler-12x12.jpg 12w, https:\/\/www.passionski.ch\/wp-content\/uploads\/2026\/01\/Team_Miriam-Huchler-700x700.jpg 700w, https:\/\/www.passionski.ch\/wp-content\/uploads\/2026\/01\/Team_Miriam-Huchler-400x400.jpg 400w\" sizes=\"(max-width: 900px) 100vw, 900px\" \/>\t\t\t\t\t\t\t\t\t\t\t\t\t\t\t<\/div>\n\t\t\t\t<\/div>\n\t\t\t\t\t<\/div>\n\t\t<\/div>\n\t\t\t\t<div class=\"elementor-column elementor-col-50 elementor-top-column elementor-element elementor-element-2923430\" data-id=\"2923430\" data-element_type=\"column\">\n\t\t\t<div class=\"elementor-widget-wrap elementor-element-populated\">\n\t\t\t\t\t\t<div class=\"elementor-element elementor-element-ceff8e5 elementor-widget elementor-widget-text-editor\" data-id=\"ceff8e5\" data-element_type=\"widget\" data-widget_type=\"text-editor.default\">\n\t\t\t\t<div class=\"elementor-widget-container\">\n\t\t\t\t\t\t\t\t\t<p>Sono cresciuto nelle splendide Alpi austriache e ho scoperto lo sci all&#039;et\u00e0 di 4 anni. Pi\u00f9 tardi ho iniziato a praticare lo snowboard, e cos\u00ec \u00e8 nata la mia passione per la montagna e la natura. L&#039;acqua, sia ghiacciata che liquida, ha sempre esercitato su di me un&#039;attrazione speciale.<\/p><p>Quello che \u00e8 iniziato come un hobby \u00e8 diventato rapidamente la mia professione. Ho avuto la fortuna di viaggiare in molti luoghi mozzafiato, finch\u00e9 l&#039;Engadina non mi ha conquistato. Qui ho anche scoperto il mio grande amore per lo snowkite. \u00c8 incredibile come la vita ti riporti sempre nei posti pi\u00f9 belli!<\/p><p>Adoro trascorrere le mie giornate all&#039;aria aperta, che si tratti di sci, snowboard, snowkite, kitesurf, parapendio o arrampicata. Voglio condividere con gli altri questa indescrivibile sensazione di libert\u00e0 nella natura e di gioco con gli elementi. Non vedo l&#039;ora di incontrare nuove persone. Magari sarai la prossima persona con cui potr\u00f2 esplorare le montagne!<\/p>\t\t\t\t\t\t\t\t<\/div>\n\t\t\t\t<\/div>\n\t\t\t\t<div class=\"elementor-element elementor-element-c931785 elementor-widget__width-auto elementor-widget elementor-widget-button\" data-id=\"c931785\" data-element_type=\"widget\" data-widget_type=\"button.default\">\n\t\t\t\t<div class=\"elementor-widget-container\">\n\t\t\t\t\t\t\t\t\t<div class=\"elementor-button-wrapper\">\n\t\t\t\t\t<a class=\"elementor-button elementor-button-link elementor-size-sm\" href=\"https:\/\/www.instagram.com\/eliasflurin\/\" target=\"_blank\">\n\t\t\t\t\t\t<span class=\"elementor-button-content-wrapper\">\n\t\t\t\t\t\t\t\t\t<span class=\"elementor-button-text\">Social media<\/span>\n\t\t\t\t\t<\/span>\n\t\t\t\t\t<\/a>\n\t\t\t\t<\/div>\n\t\t\t\t\t\t\t\t<\/div>\n\t\t\t\t<\/div>\n\t\t\t\t<div class=\"elementor-element elementor-element-219dec4 elementor-widget__width-auto elementor-widget elementor-widget-button\" data-id=\"219dec4\" data-element_type=\"widget\" data-widget_type=\"button.default\">\n\t\t\t\t<div class=\"elementor-widget-container\">\n\t\t\t\t\t\t\t\t\t<div class=\"elementor-button-wrapper\">\n\t\t\t\t\t<a class=\"elementor-button elementor-button-link elementor-size-sm\" href=\"mailto:MiriamHuchler@gmx.at\">\n\t\t\t\t\t\t<span class=\"elementor-button-content-wrapper\">\n\t\t\t\t\t\t\t\t\t<span class=\"elementor-button-text\">E-Mail<\/span>\n\t\t\t\t\t<\/span>\n\t\t\t\t\t<\/a>\n\t\t\t\t<\/div>\n\t\t\t\t\t\t\t\t<\/div>\n\t\t\t\t<\/div>\n\t\t\t\t\t<\/div>\n\t\t<\/div>\n\t\t\t\t\t<\/div>\n\t\t<\/section>\n\t\t\t\t<\/div>","protected":false},"excerpt":{"rendered":"<p>Ich bin in den wundersch\u00f6nen \u00d6sterreichischen Alpen aufgewachsen und habe schon mit 4 Jahren das Skifahren f\u00fcr mich entdeckt. Sp\u00e4ter kam das Snowboarden hinzu, und so entwickelte sich meine Leidenschaft f\u00fcr die Berge und die Natur. Wasser, sei es gefroren oder fl\u00fcssig, hat immer eine besondere Anziehung f\u00fcr mich gehabt. Was als Hobby begann, wurde [&hellip;]<\/p>","protected":false},"author":4,"featured_media":8472,"parent":5369,"menu_order":0,"comment_status":"closed","ping_status":"closed","template":"","meta":{"site-sidebar-layout":"no-sidebar","site-content-layout":"page-builder","ast-site-content-layout":"full-width-container","site-content-style":"default","site-sidebar-style":"default","ast-global-header-display":"","ast-banner-title-visibility":"","ast-main-header-display":"","ast-hfb-above-header-display":"","ast-hfb-below-header-display":"","ast-hfb-mobile-header-display":"","site-post-title":"disabled","ast-breadcrumbs-content":"","ast-featured-img":"disabled","footer-sml-layout":"","theme-transparent-header-meta":"","adv-header-id-meta":"","stick-header-meta":"","header-above-stick-meta":"","header-main-stick-meta":"","header-below-stick-meta":"","astra-migrate-meta-layouts":"set","ast-page-background-enabled":"default","ast-page-background-meta":{"desktop":{"background-color":"","background-image":"","background-repeat":"repeat","background-position":"center center","background-size":"auto","background-attachment":"scroll","background-type":"","background-media":"","overlay-type":"","overlay-color":"","overlay-opacity":"","overlay-gradient":""},"tablet":{"background-color":"","background-image":"","background-repeat":"repeat","background-position":"center center","background-size":"auto","background-attachment":"scroll","background-type":"","background-media":"","overlay-type":"","overlay-color":"","overlay-opacity":"","overlay-gradient":""},"mobile":{"background-color":"","background-image":"","background-repeat":"repeat","background-position":"center center","background-size":"auto","background-attachment":"scroll","background-type":"","background-media":"","overlay-type":"","overlay-color":"","overlay-opacity":"","overlay-gradient":""}},"ast-content-background-meta":{"desktop":{"background-color":"var(--ast-global-color-5)","background-image":"","background-repeat":"repeat","background-position":"center center","background-size":"auto","background-attachment":"scroll","background-type":"","background-media":"","overlay-type":"","overlay-color":"","overlay-opacity":"","overlay-gradient":""},"tablet":{"background-color":"var(--ast-global-color-5)","background-image":"","background-repeat":"repeat","background-position":"center center","background-size":"auto","background-attachment":"scroll","background-type":"","background-media":"","overlay-type":"","overlay-color":"","overlay-opacity":"","overlay-gradient":""},"mobile":{"background-color":"var(--ast-global-color-5)","background-image":"","background-repeat":"repeat","background-position":"center center","background-size":"auto","background-attachment":"scroll","background-type":"","background-media":"","overlay-type":"","overlay-color":"","overlay-opacity":"","overlay-gradient":""}},"footnotes":""},"categories":[20],"tags":[],"class_list":["post-8351","page","type-page","status-publish","has-post-thumbnail","hentry","category-schneesportlehrer-in"],"yoast_head":"<!-- This site is optimized with the Yoast SEO plugin v26.7 - https:\/\/yoast.com\/wordpress\/plugins\/seo\/ -->\n<title>Miriam Huchler - Passion Ski - St. Moritz Ski School<\/title>\n<meta name=\"robots\" content=\"index, follow, max-snippet:-1, max-image-preview:large, max-video-preview:-1\" \/>\n<link rel=\"canonical\" href=\"https:\/\/www.passionski.ch\/it\/squadra\/miriam-huchler\/\" \/>\n<meta property=\"og:locale\" content=\"it_IT\" \/>\n<meta property=\"og:type\" content=\"article\" \/>\n<meta property=\"og:title\" content=\"Miriam Huchler - Passion Ski - St. Moritz Ski School\" \/>\n<meta property=\"og:description\" content=\"Ich bin in den wundersch\u00f6nen \u00d6sterreichischen Alpen aufgewachsen und habe schon mit 4 Jahren das Skifahren f\u00fcr mich entdeckt. Sp\u00e4ter kam das Snowboarden hinzu, und so entwickelte sich meine Leidenschaft f\u00fcr die Berge und die Natur. Wasser, sei es gefroren oder fl\u00fcssig, hat immer eine besondere Anziehung f\u00fcr mich gehabt. Was als Hobby begann, wurde [&hellip;]\" \/>\n<meta property=\"og:url\" content=\"https:\/\/www.passionski.ch\/it\/squadra\/miriam-huchler\/\" \/>\n<meta property=\"og:site_name\" content=\"Passion Ski - St. Moritz Ski School\" \/>\n<meta property=\"article:modified_time\" content=\"2026-01-13T07:37:56+00:00\" \/>\n<meta property=\"og:image\" content=\"https:\/\/www.passionski.ch\/wp-content\/uploads\/2026\/01\/Team_Miriam-Huchler.jpg\" \/>\n\t<meta property=\"og:image:width\" content=\"900\" \/>\n\t<meta property=\"og:image:height\" content=\"900\" \/>\n\t<meta property=\"og:image:type\" content=\"image\/jpeg\" \/>\n<meta name=\"twitter:card\" content=\"summary_large_image\" \/>\n<meta name=\"twitter:label1\" content=\"Tempo di lettura stimato\" \/>\n\t<meta name=\"twitter:data1\" content=\"2 minuti\" \/>\n<script type=\"application\/ld+json\" class=\"yoast-schema-graph\">{\"@context\":\"https:\/\/schema.org\",\"@graph\":[{\"@type\":\"WebPage\",\"@id\":\"https:\/\/www.passionski.ch\/team\/miriam-huchler\/\",\"url\":\"https:\/\/www.passionski.ch\/team\/miriam-huchler\/\",\"name\":\"Miriam Huchler - Passion Ski - St. Moritz Ski School\",\"isPartOf\":{\"@id\":\"https:\/\/www.passionski.ch\/#website\"},\"primaryImageOfPage\":{\"@id\":\"https:\/\/www.passionski.ch\/team\/miriam-huchler\/#primaryimage\"},\"image\":{\"@id\":\"https:\/\/www.passionski.ch\/team\/miriam-huchler\/#primaryimage\"},\"thumbnailUrl\":\"https:\/\/www.passionski.ch\/wp-content\/uploads\/2026\/01\/Team_Miriam-Huchler.jpg\",\"datePublished\":\"2025-10-27T08:56:39+00:00\",\"dateModified\":\"2026-01-13T07:37:56+00:00\",\"breadcrumb\":{\"@id\":\"https:\/\/www.passionski.ch\/team\/miriam-huchler\/#breadcrumb\"},\"inLanguage\":\"it-IT\",\"potentialAction\":[{\"@type\":\"ReadAction\",\"target\":[\"https:\/\/www.passionski.ch\/team\/miriam-huchler\/\"]}]},{\"@type\":\"ImageObject\",\"inLanguage\":\"it-IT\",\"@id\":\"https:\/\/www.passionski.ch\/team\/miriam-huchler\/#primaryimage\",\"url\":\"https:\/\/www.passionski.ch\/wp-content\/uploads\/2026\/01\/Team_Miriam-Huchler.jpg\",\"contentUrl\":\"https:\/\/www.passionski.ch\/wp-content\/uploads\/2026\/01\/Team_Miriam-Huchler.jpg\",\"width\":900,\"height\":900},{\"@type\":\"BreadcrumbList\",\"@id\":\"https:\/\/www.passionski.ch\/team\/miriam-huchler\/#breadcrumb\",\"itemListElement\":[{\"@type\":\"ListItem\",\"position\":1,\"name\":\"Startseite\",\"item\":\"https:\/\/www.passionski.ch\/\"},{\"@type\":\"ListItem\",\"position\":2,\"name\":\"Team\",\"item\":\"https:\/\/www.passionski.ch\/team\/\"},{\"@type\":\"ListItem\",\"position\":3,\"name\":\"Miriam Huchler\"}]},{\"@type\":\"WebSite\",\"@id\":\"https:\/\/www.passionski.ch\/#website\",\"url\":\"https:\/\/www.passionski.ch\/\",\"name\":\"Passion Ski - St. Moritz Ski School\",\"description\":\"Your snow sports school\",\"publisher\":{\"@id\":\"https:\/\/www.passionski.ch\/#organization\"},\"potentialAction\":[{\"@type\":\"SearchAction\",\"target\":{\"@type\":\"EntryPoint\",\"urlTemplate\":\"https:\/\/www.passionski.ch\/?s={search_term_string}\"},\"query-input\":{\"@type\":\"PropertyValueSpecification\",\"valueRequired\":true,\"valueName\":\"search_term_string\"}}],\"inLanguage\":\"it-IT\"},{\"@type\":\"Organization\",\"@id\":\"https:\/\/www.passionski.ch\/#organization\",\"name\":\"PassionSki GmbH\",\"url\":\"https:\/\/www.passionski.ch\/\",\"logo\":{\"@type\":\"ImageObject\",\"inLanguage\":\"it-IT\",\"@id\":\"https:\/\/www.passionski.ch\/#\/schema\/logo\/image\/\",\"url\":\"https:\/\/www.passionski.ch\/wp-content\/uploads\/2016\/07\/LOGO-PASSIONSKI-COLOREOK.png\",\"contentUrl\":\"https:\/\/www.passionski.ch\/wp-content\/uploads\/2016\/07\/LOGO-PASSIONSKI-COLOREOK.png\",\"width\":150,\"height\":47,\"caption\":\"PassionSki GmbH\"},\"image\":{\"@id\":\"https:\/\/www.passionski.ch\/#\/schema\/logo\/image\/\"}}]}<\/script>\n<!-- \/ Yoast SEO plugin. -->","yoast_head_json":{"title":"Miriam Huchler - Passion Ski - St. Moritz Ski School","robots":{"index":"index","follow":"follow","max-snippet":"max-snippet:-1","max-image-preview":"max-image-preview:large","max-video-preview":"max-video-preview:-1"},"canonical":"https:\/\/www.passionski.ch\/it\/squadra\/miriam-huchler\/","og_locale":"it_IT","og_type":"article","og_title":"Miriam Huchler - Passion Ski - St. Moritz Ski School","og_description":"Ich bin in den wundersch\u00f6nen \u00d6sterreichischen Alpen aufgewachsen und habe schon mit 4 Jahren das Skifahren f\u00fcr mich entdeckt. Sp\u00e4ter kam das Snowboarden hinzu, und so entwickelte sich meine Leidenschaft f\u00fcr die Berge und die Natur. Wasser, sei es gefroren oder fl\u00fcssig, hat immer eine besondere Anziehung f\u00fcr mich gehabt. Was als Hobby begann, wurde [&hellip;]","og_url":"https:\/\/www.passionski.ch\/it\/squadra\/miriam-huchler\/","og_site_name":"Passion Ski - St. Moritz Ski School","article_modified_time":"2026-01-13T07:37:56+00:00","og_image":[{"width":900,"height":900,"url":"https:\/\/www.passionski.ch\/wp-content\/uploads\/2026\/01\/Team_Miriam-Huchler.jpg","type":"image\/jpeg"}],"twitter_card":"summary_large_image","twitter_misc":{"Tempo di lettura stimato":"2 minuti"},"schema":{"@context":"https:\/\/schema.org","@graph":[{"@type":"WebPage","@id":"https:\/\/www.passionski.ch\/team\/miriam-huchler\/","url":"https:\/\/www.passionski.ch\/team\/miriam-huchler\/","name":"Miriam Huchler - Passion Ski - St. Moritz Ski School","isPartOf":{"@id":"https:\/\/www.passionski.ch\/#website"},"primaryImageOfPage":{"@id":"https:\/\/www.passionski.ch\/team\/miriam-huchler\/#primaryimage"},"image":{"@id":"https:\/\/www.passionski.ch\/team\/miriam-huchler\/#primaryimage"},"thumbnailUrl":"https:\/\/www.passionski.ch\/wp-content\/uploads\/2026\/01\/Team_Miriam-Huchler.jpg","datePublished":"2025-10-27T08:56:39+00:00","dateModified":"2026-01-13T07:37:56+00:00","breadcrumb":{"@id":"https:\/\/www.passionski.ch\/team\/miriam-huchler\/#breadcrumb"},"inLanguage":"it-IT","potentialAction":[{"@type":"ReadAction","target":["https:\/\/www.passionski.ch\/team\/miriam-huchler\/"]}]},{"@type":"ImageObject","inLanguage":"it-IT","@id":"https:\/\/www.passionski.ch\/team\/miriam-huchler\/#primaryimage","url":"https:\/\/www.passionski.ch\/wp-content\/uploads\/2026\/01\/Team_Miriam-Huchler.jpg","contentUrl":"https:\/\/www.passionski.ch\/wp-content\/uploads\/2026\/01\/Team_Miriam-Huchler.jpg","width":900,"height":900},{"@type":"BreadcrumbList","@id":"https:\/\/www.passionski.ch\/team\/miriam-huchler\/#breadcrumb","itemListElement":[{"@type":"ListItem","position":1,"name":"Startseite","item":"https:\/\/www.passionski.ch\/"},{"@type":"ListItem","position":2,"name":"Team","item":"https:\/\/www.passionski.ch\/team\/"},{"@type":"ListItem","position":3,"name":"Miriam Huchler"}]},{"@type":"WebSite","@id":"https:\/\/www.passionski.ch\/#website","url":"https:\/\/www.passionski.ch\/","name":"Scuola di sci Passion Ski - St. Moritz","description":"La tua scuola di sport sulla neve","publisher":{"@id":"https:\/\/www.passionski.ch\/#organization"},"potentialAction":[{"@type":"SearchAction","target":{"@type":"EntryPoint","urlTemplate":"https:\/\/www.passionski.ch\/?s={search_term_string}"},"query-input":{"@type":"PropertyValueSpecification","valueRequired":true,"valueName":"search_term_string"}}],"inLanguage":"it-IT"},{"@type":"Organization","@id":"https:\/\/www.passionski.ch\/#organization","name":"PassionSki GmbH","url":"https:\/\/www.passionski.ch\/","logo":{"@type":"ImageObject","inLanguage":"it-IT","@id":"https:\/\/www.passionski.ch\/#\/schema\/logo\/image\/","url":"https:\/\/www.passionski.ch\/wp-content\/uploads\/2016\/07\/LOGO-PASSIONSKI-COLOREOK.png","contentUrl":"https:\/\/www.passionski.ch\/wp-content\/uploads\/2016\/07\/LOGO-PASSIONSKI-COLOREOK.png","width":150,"height":47,"caption":"PassionSki GmbH"},"image":{"@id":"https:\/\/www.passionski.ch\/#\/schema\/logo\/image\/"}}]}},"_links":{"self":[{"href":"https:\/\/www.passionski.ch\/it\/wp-json\/wp\/v2\/pages\/8351","targetHints":{"allow":["GET"]}}],"collection":[{"href":"https:\/\/www.passionski.ch\/it\/wp-json\/wp\/v2\/pages"}],"about":[{"href":"https:\/\/www.passionski.ch\/it\/wp-json\/wp\/v2\/types\/page"}],"author":[{"embeddable":true,"href":"https:\/\/www.passionski.ch\/it\/wp-json\/wp\/v2\/users\/4"}],"replies":[{"embeddable":true,"href":"https:\/\/www.passionski.ch\/it\/wp-json\/wp\/v2\/comments?post=8351"}],"version-history":[{"count":16,"href":"https:\/\/www.passionski.ch\/it\/wp-json\/wp\/v2\/pages\/8351\/revisions"}],"predecessor-version":[{"id":8470,"href":"https:\/\/www.passionski.ch\/it\/wp-json\/wp\/v2\/pages\/8351\/revisions\/8470"}],"up":[{"embeddable":true,"href":"https:\/\/www.passionski.ch\/it\/wp-json\/wp\/v2\/pages\/5369"}],"wp:featuredmedia":[{"embeddable":true,"href":"https:\/\/www.passionski.ch\/it\/wp-json\/wp\/v2\/media\/8472"}],"wp:attachment":[{"href":"https:\/\/www.passionski.ch\/it\/wp-json\/wp\/v2\/media?parent=8351"}],"wp:term":[{"taxonomy":"category","embeddable":true,"href":"https:\/\/www.passionski.ch\/it\/wp-json\/wp\/v2\/categories?post=8351"},{"taxonomy":"post_tag","embeddable":true,"href":"https:\/\/www.passionski.ch\/it\/wp-json\/wp\/v2\/tags?post=8351"}],"curies":[{"name":"wp","href":"https:\/\/api.w.org\/{rel}","templated":true}]}}