{"id":7998,"date":"2024-12-17T10:13:41","date_gmt":"2024-12-17T09:13:41","guid":{"rendered":"https:\/\/www.passionski.ch\/?page_id=7998"},"modified":"2025-10-27T10:09:52","modified_gmt":"2025-10-27T09:09:52","slug":"mattia-passardi","status":"publish","type":"page","link":"https:\/\/www.passionski.ch\/it\/squadra\/mattia-passardi\/","title":{"rendered":"Mattia Passardi\u00a0"},"content":{"rendered":"<div data-elementor-type=\"wp-page\" data-elementor-id=\"7998\" class=\"elementor elementor-7998\" data-elementor-post-type=\"page\">\n\t\t\t\t\t\t<section class=\"elementor-section elementor-top-section elementor-element elementor-element-17f7225 elementor-section-boxed elementor-section-height-default elementor-section-height-default\" data-id=\"17f7225\" data-element_type=\"section\">\n\t\t\t\t\t\t<div class=\"elementor-container elementor-column-gap-no\">\n\t\t\t\t\t<div class=\"elementor-column elementor-col-100 elementor-top-column elementor-element elementor-element-12fa9d0\" data-id=\"12fa9d0\" data-element_type=\"column\">\n\t\t\t<div class=\"elementor-widget-wrap elementor-element-populated\">\n\t\t\t\t\t\t<div class=\"elementor-element elementor-element-b8f3d97 elementor-widget elementor-widget-heading\" data-id=\"b8f3d97\" data-element_type=\"widget\" data-widget_type=\"heading.default\">\n\t\t\t\t<div class=\"elementor-widget-container\">\n\t\t\t\t\t<h2 class=\"elementor-heading-title elementor-size-default\">Mattia Passardi\u00a0<\/h2>\t\t\t\t<\/div>\n\t\t\t\t<\/div>\n\t\t\t\t<div class=\"elementor-element elementor-element-da1860e elementor-widget elementor-widget-heading\" data-id=\"da1860e\" data-element_type=\"widget\" data-widget_type=\"heading.default\">\n\t\t\t\t<div class=\"elementor-widget-container\">\n\t\t\t\t\t<h6 class=\"elementor-heading-title elementor-size-default\"><a href=\"https:\/\/www.passionski.ch\/it\/c\/aspirante-guida-alpina\/\" rel=\"tag\">Aspirante guida alpina<\/a><\/h6>\t\t\t\t<\/div>\n\t\t\t\t<\/div>\n\t\t\t\t\t<\/div>\n\t\t<\/div>\n\t\t\t\t\t<\/div>\n\t\t<\/section>\n\t\t\t\t<section class=\"elementor-section elementor-top-section elementor-element elementor-element-0e21369 elementor-section-boxed elementor-section-height-default elementor-section-height-default\" data-id=\"0e21369\" data-element_type=\"section\">\n\t\t\t\t\t\t<div class=\"elementor-container elementor-column-gap-no\">\n\t\t\t\t\t<div class=\"elementor-column elementor-col-50 elementor-top-column elementor-element elementor-element-65a1f9e\" data-id=\"65a1f9e\" data-element_type=\"column\">\n\t\t\t<div class=\"elementor-widget-wrap elementor-element-populated\">\n\t\t\t\t\t\t<div class=\"elementor-element elementor-element-f02b1f3 elementor-widget elementor-widget-theme-post-featured-image elementor-widget-image\" data-id=\"f02b1f3\" data-element_type=\"widget\" data-widget_type=\"theme-post-featured-image.default\">\n\t\t\t\t<div class=\"elementor-widget-container\">\n\t\t\t\t\t\t\t\t\t\t\t\t\t\t\t<img fetchpriority=\"high\" decoding=\"async\" width=\"900\" height=\"900\" src=\"https:\/\/www.passionski.ch\/wp-content\/uploads\/2025\/01\/team_mattia-passardi.jpg\" class=\"attachment-full size-full wp-image-8191\" alt=\"\" srcset=\"https:\/\/www.passionski.ch\/wp-content\/uploads\/2025\/01\/team_mattia-passardi.jpg 900w, https:\/\/www.passionski.ch\/wp-content\/uploads\/2025\/01\/team_mattia-passardi-300x300.jpg 300w, https:\/\/www.passionski.ch\/wp-content\/uploads\/2025\/01\/team_mattia-passardi-150x150.jpg 150w, https:\/\/www.passionski.ch\/wp-content\/uploads\/2025\/01\/team_mattia-passardi-768x768.jpg 768w, https:\/\/www.passionski.ch\/wp-content\/uploads\/2025\/01\/team_mattia-passardi-12x12.jpg 12w, https:\/\/www.passionski.ch\/wp-content\/uploads\/2025\/01\/team_mattia-passardi-700x700.jpg 700w, https:\/\/www.passionski.ch\/wp-content\/uploads\/2025\/01\/team_mattia-passardi-400x400.jpg 400w\" sizes=\"(max-width: 900px) 100vw, 900px\" \/>\t\t\t\t\t\t\t\t\t\t\t\t\t\t\t<\/div>\n\t\t\t\t<\/div>\n\t\t\t\t<div class=\"elementor-element elementor-element-495c344 elementor-widget__width-auto elementor-hidden-desktop elementor-hidden-tablet elementor-hidden-mobile elementor-widget elementor-widget-button\" data-id=\"495c344\" data-element_type=\"widget\" data-widget_type=\"button.default\">\n\t\t\t\t<div class=\"elementor-widget-container\">\n\t\t\t\t\t\t\t\t\t<div class=\"elementor-button-wrapper\">\n\t\t\t\t\t<a class=\"elementor-button elementor-button-link elementor-size-sm\" href=\"mailto:Vincent.Hagin@sport-net.ch\">\n\t\t\t\t\t\t<span class=\"elementor-button-content-wrapper\">\n\t\t\t\t\t\t\t\t\t<span class=\"elementor-button-text\">E-Mail<\/span>\n\t\t\t\t\t<\/span>\n\t\t\t\t\t<\/a>\n\t\t\t\t<\/div>\n\t\t\t\t\t\t\t\t<\/div>\n\t\t\t\t<\/div>\n\t\t\t\t<div class=\"elementor-element elementor-element-2e824ed elementor-widget__width-auto elementor-hidden-desktop elementor-hidden-tablet elementor-hidden-mobile elementor-widget elementor-widget-button\" data-id=\"2e824ed\" data-element_type=\"widget\" data-widget_type=\"button.default\">\n\t\t\t\t<div class=\"elementor-widget-container\">\n\t\t\t\t\t\t\t\t\t<div class=\"elementor-button-wrapper\">\n\t\t\t\t\t<a class=\"elementor-button elementor-button-link elementor-size-sm\" href=\"mailto:Vincent.Hagin@sport-net.ch\">\n\t\t\t\t\t\t<span class=\"elementor-button-content-wrapper\">\n\t\t\t\t\t\t\t\t\t<span class=\"elementor-button-text\">E-Mail<\/span>\n\t\t\t\t\t<\/span>\n\t\t\t\t\t<\/a>\n\t\t\t\t<\/div>\n\t\t\t\t\t\t\t\t<\/div>\n\t\t\t\t<\/div>\n\t\t\t\t\t<\/div>\n\t\t<\/div>\n\t\t\t\t<div class=\"elementor-column elementor-col-50 elementor-top-column elementor-element elementor-element-5769c38\" data-id=\"5769c38\" data-element_type=\"column\">\n\t\t\t<div class=\"elementor-widget-wrap elementor-element-populated\">\n\t\t\t\t\t\t<div class=\"elementor-element elementor-element-c651bcc elementor-widget elementor-widget-text-editor\" data-id=\"c651bcc\" data-element_type=\"widget\" data-widget_type=\"text-editor.default\">\n\t\t\t\t<div class=\"elementor-widget-container\">\n\t\t\t\t\t\t\t\t\t<p>Sto terminando gli studi di geografia all&#039;Universit\u00e0 di Friburgo e dal 2024 sono aspirante guida alpina.. Cresciuto in Ticino, ho scoperto lavorando nei rifugi della Valle Bedretto quanta gioia mi d\u00e0 far conoscere agli altri la bellezza della natura.<\/p>\n<p>Ho avuto la fortuna di andare in montagna con persone molto diverse: anziani e giovani, esperti e inesperti, con e senza disabilit\u00e0. Trovo che questa diversit\u00e0 sia una ricchezza inesauribile. Per chiunque salga in montagna con me, mi impegno a offrire un&#039;avventura a &quot;km0&quot;.<\/p>\n<p>La montagna ci offre anche molta libert\u00e0. Sia che raggiungiamo la vetta o semplicemente cerchiamo il piacere della lentezza e della prestazione personale, giocare con questi elementi mi riempie di passione e mi porta in linea con la filosofia orientata alla qualit\u00e0 di PassionSki.<\/p>\t\t\t\t\t\t\t\t<\/div>\n\t\t\t\t<\/div>\n\t\t\t\t<div class=\"elementor-element elementor-element-d491a68 elementor-widget__width-auto elementor-widget elementor-widget-button\" data-id=\"d491a68\" data-element_type=\"widget\" data-widget_type=\"button.default\">\n\t\t\t\t<div class=\"elementor-widget-container\">\n\t\t\t\t\t\t\t\t\t<div class=\"elementor-button-wrapper\">\n\t\t\t\t\t<a class=\"elementor-button elementor-button-link elementor-size-sm\" href=\"mailto:mattiapassardi@gmail.com\">\n\t\t\t\t\t\t<span class=\"elementor-button-content-wrapper\">\n\t\t\t\t\t\t\t\t\t<span class=\"elementor-button-text\">E-Mail<\/span>\n\t\t\t\t\t<\/span>\n\t\t\t\t\t<\/a>\n\t\t\t\t<\/div>\n\t\t\t\t\t\t\t\t<\/div>\n\t\t\t\t<\/div>\n\t\t\t\t<div class=\"elementor-element elementor-element-2dc6427 elementor-widget__width-auto elementor-widget elementor-widget-button\" data-id=\"2dc6427\" data-element_type=\"widget\" data-widget_type=\"button.default\">\n\t\t\t\t<div class=\"elementor-widget-container\">\n\t\t\t\t\t\t\t\t\t<div class=\"elementor-button-wrapper\">\n\t\t\t\t\t<a class=\"elementor-button elementor-button-link elementor-size-sm\" href=\"https:\/\/www.instagram.com\/sudellealpi\/\" target=\"_blank\">\n\t\t\t\t\t\t<span class=\"elementor-button-content-wrapper\">\n\t\t\t\t\t\t\t\t\t<span class=\"elementor-button-text\">Social media<\/span>\n\t\t\t\t\t<\/span>\n\t\t\t\t\t<\/a>\n\t\t\t\t<\/div>\n\t\t\t\t\t\t\t\t<\/div>\n\t\t\t\t<\/div>\n\t\t\t\t\t<\/div>\n\t\t<\/div>\n\t\t\t\t\t<\/div>\n\t\t<\/section>\n\t\t\t\t<\/div>","protected":false},"excerpt":{"rendered":"<p>E-Mail E-Mail Ich beende mein Geografiestudium an der Universit\u00e4t Fribourg und bin seit 2024 Bergf\u00fchreraspirant. Aufgewachsen im Tessin, habe ich bei der Arbeit in den Bergh\u00fctten des Bedrettotals entdeckt, wie viel Freude es mir bereitet, anderen die Sch\u00f6nheit der Natur n\u00e4herzubringen. Ich hatte das Gl\u00fcck, mit sehr unterschiedlichen Menschen in die Berge zu gehen: mit [&hellip;]<\/p>","protected":false},"author":4,"featured_media":8191,"parent":5369,"menu_order":0,"comment_status":"closed","ping_status":"closed","template":"","meta":{"site-sidebar-layout":"no-sidebar","site-content-layout":"page-builder","ast-site-content-layout":"full-width-container","site-content-style":"default","site-sidebar-style":"default","ast-global-header-display":"","ast-banner-title-visibility":"","ast-main-header-display":"","ast-hfb-above-header-display":"","ast-hfb-below-header-display":"","ast-hfb-mobile-header-display":"","site-post-title":"disabled","ast-breadcrumbs-content":"","ast-featured-img":"disabled","footer-sml-layout":"","theme-transparent-header-meta":"","adv-header-id-meta":"","stick-header-meta":"","header-above-stick-meta":"","header-main-stick-meta":"","header-below-stick-meta":"","astra-migrate-meta-layouts":"set","ast-page-background-enabled":"default","ast-page-background-meta":{"desktop":{"background-color":"","background-image":"","background-repeat":"repeat","background-position":"center center","background-size":"auto","background-attachment":"scroll","background-type":"","background-media":"","overlay-type":"","overlay-color":"","overlay-opacity":"","overlay-gradient":""},"tablet":{"background-color":"","background-image":"","background-repeat":"repeat","background-position":"center center","background-size":"auto","background-attachment":"scroll","background-type":"","background-media":"","overlay-type":"","overlay-color":"","overlay-opacity":"","overlay-gradient":""},"mobile":{"background-color":"","background-image":"","background-repeat":"repeat","background-position":"center center","background-size":"auto","background-attachment":"scroll","background-type":"","background-media":"","overlay-type":"","overlay-color":"","overlay-opacity":"","overlay-gradient":""}},"ast-content-background-meta":{"desktop":{"background-color":"var(--ast-global-color-5)","background-image":"","background-repeat":"repeat","background-position":"center center","background-size":"auto","background-attachment":"scroll","background-type":"","background-media":"","overlay-type":"","overlay-color":"","overlay-opacity":"","overlay-gradient":""},"tablet":{"background-color":"var(--ast-global-color-5)","background-image":"","background-repeat":"repeat","background-position":"center center","background-size":"auto","background-attachment":"scroll","background-type":"","background-media":"","overlay-type":"","overlay-color":"","overlay-opacity":"","overlay-gradient":""},"mobile":{"background-color":"var(--ast-global-color-5)","background-image":"","background-repeat":"repeat","background-position":"center center","background-size":"auto","background-attachment":"scroll","background-type":"","background-media":"","overlay-type":"","overlay-color":"","overlay-opacity":"","overlay-gradient":""}},"footnotes":""},"categories":[27],"tags":[],"class_list":["post-7998","page","type-page","status-publish","has-post-thumbnail","hentry","category-bergfuehrer-aspirant"],"yoast_head":"<!-- This site is optimized with the Yoast SEO plugin v26.7 - https:\/\/yoast.com\/wordpress\/plugins\/seo\/ -->\n<title>Mattia Passardi\u00a0 - Passion Ski - St. Moritz Ski School<\/title>\n<meta name=\"robots\" content=\"index, follow, max-snippet:-1, max-image-preview:large, max-video-preview:-1\" \/>\n<link rel=\"canonical\" href=\"https:\/\/www.passionski.ch\/it\/squadra\/mattia-passardi\/\" \/>\n<meta property=\"og:locale\" content=\"it_IT\" \/>\n<meta property=\"og:type\" content=\"article\" \/>\n<meta property=\"og:title\" content=\"Mattia Passardi\u00a0 - Passion Ski - St. Moritz Ski School\" \/>\n<meta property=\"og:description\" content=\"E-Mail E-Mail Ich beende mein Geografiestudium an der Universit\u00e4t Fribourg und bin seit 2024 Bergf\u00fchreraspirant. Aufgewachsen im Tessin, habe ich bei der Arbeit in den Bergh\u00fctten des Bedrettotals entdeckt, wie viel Freude es mir bereitet, anderen die Sch\u00f6nheit der Natur n\u00e4herzubringen. Ich hatte das Gl\u00fcck, mit sehr unterschiedlichen Menschen in die Berge zu gehen: mit [&hellip;]\" \/>\n<meta property=\"og:url\" content=\"https:\/\/www.passionski.ch\/it\/squadra\/mattia-passardi\/\" \/>\n<meta property=\"og:site_name\" content=\"Passion Ski - St. Moritz Ski School\" \/>\n<meta property=\"article:modified_time\" content=\"2025-10-27T09:09:52+00:00\" \/>\n<meta property=\"og:image\" content=\"https:\/\/www.passionski.ch\/wp-content\/uploads\/2025\/01\/team_mattia-passardi.jpg\" \/>\n\t<meta property=\"og:image:width\" content=\"900\" \/>\n\t<meta property=\"og:image:height\" content=\"900\" \/>\n\t<meta property=\"og:image:type\" content=\"image\/jpeg\" \/>\n<meta name=\"twitter:card\" content=\"summary_large_image\" \/>\n<meta name=\"twitter:label1\" content=\"Tempo di lettura stimato\" \/>\n\t<meta name=\"twitter:data1\" content=\"1 minuto\" \/>\n<script type=\"application\/ld+json\" class=\"yoast-schema-graph\">{\"@context\":\"https:\/\/schema.org\",\"@graph\":[{\"@type\":\"WebPage\",\"@id\":\"https:\/\/www.passionski.ch\/team\/mattia-passardi\/\",\"url\":\"https:\/\/www.passionski.ch\/team\/mattia-passardi\/\",\"name\":\"Mattia Passardi\u00a0 - Passion Ski - St. Moritz Ski School\",\"isPartOf\":{\"@id\":\"https:\/\/www.passionski.ch\/#website\"},\"primaryImageOfPage\":{\"@id\":\"https:\/\/www.passionski.ch\/team\/mattia-passardi\/#primaryimage\"},\"image\":{\"@id\":\"https:\/\/www.passionski.ch\/team\/mattia-passardi\/#primaryimage\"},\"thumbnailUrl\":\"https:\/\/www.passionski.ch\/wp-content\/uploads\/2025\/01\/team_mattia-passardi.jpg\",\"datePublished\":\"2024-12-17T09:13:41+00:00\",\"dateModified\":\"2025-10-27T09:09:52+00:00\",\"breadcrumb\":{\"@id\":\"https:\/\/www.passionski.ch\/team\/mattia-passardi\/#breadcrumb\"},\"inLanguage\":\"it-IT\",\"potentialAction\":[{\"@type\":\"ReadAction\",\"target\":[\"https:\/\/www.passionski.ch\/team\/mattia-passardi\/\"]}]},{\"@type\":\"ImageObject\",\"inLanguage\":\"it-IT\",\"@id\":\"https:\/\/www.passionski.ch\/team\/mattia-passardi\/#primaryimage\",\"url\":\"https:\/\/www.passionski.ch\/wp-content\/uploads\/2025\/01\/team_mattia-passardi.jpg\",\"contentUrl\":\"https:\/\/www.passionski.ch\/wp-content\/uploads\/2025\/01\/team_mattia-passardi.jpg\",\"width\":900,\"height\":900},{\"@type\":\"BreadcrumbList\",\"@id\":\"https:\/\/www.passionski.ch\/team\/mattia-passardi\/#breadcrumb\",\"itemListElement\":[{\"@type\":\"ListItem\",\"position\":1,\"name\":\"Startseite\",\"item\":\"https:\/\/www.passionski.ch\/\"},{\"@type\":\"ListItem\",\"position\":2,\"name\":\"Team\",\"item\":\"https:\/\/www.passionski.ch\/team\/\"},{\"@type\":\"ListItem\",\"position\":3,\"name\":\"Mattia Passardi\u00a0\"}]},{\"@type\":\"WebSite\",\"@id\":\"https:\/\/www.passionski.ch\/#website\",\"url\":\"https:\/\/www.passionski.ch\/\",\"name\":\"Passion Ski - St. Moritz Ski School\",\"description\":\"Your snow sports school\",\"publisher\":{\"@id\":\"https:\/\/www.passionski.ch\/#organization\"},\"potentialAction\":[{\"@type\":\"SearchAction\",\"target\":{\"@type\":\"EntryPoint\",\"urlTemplate\":\"https:\/\/www.passionski.ch\/?s={search_term_string}\"},\"query-input\":{\"@type\":\"PropertyValueSpecification\",\"valueRequired\":true,\"valueName\":\"search_term_string\"}}],\"inLanguage\":\"it-IT\"},{\"@type\":\"Organization\",\"@id\":\"https:\/\/www.passionski.ch\/#organization\",\"name\":\"PassionSki GmbH\",\"url\":\"https:\/\/www.passionski.ch\/\",\"logo\":{\"@type\":\"ImageObject\",\"inLanguage\":\"it-IT\",\"@id\":\"https:\/\/www.passionski.ch\/#\/schema\/logo\/image\/\",\"url\":\"https:\/\/www.passionski.ch\/wp-content\/uploads\/2016\/07\/LOGO-PASSIONSKI-COLOREOK.png\",\"contentUrl\":\"https:\/\/www.passionski.ch\/wp-content\/uploads\/2016\/07\/LOGO-PASSIONSKI-COLOREOK.png\",\"width\":150,\"height\":47,\"caption\":\"PassionSki GmbH\"},\"image\":{\"@id\":\"https:\/\/www.passionski.ch\/#\/schema\/logo\/image\/\"}}]}<\/script>\n<!-- \/ Yoast SEO plugin. -->","yoast_head_json":{"title":"Mattia Passardi - Passion Ski - St. Scuola Sci Moritz","robots":{"index":"index","follow":"follow","max-snippet":"max-snippet:-1","max-image-preview":"max-image-preview:large","max-video-preview":"max-video-preview:-1"},"canonical":"https:\/\/www.passionski.ch\/it\/squadra\/mattia-passardi\/","og_locale":"it_IT","og_type":"article","og_title":"Mattia Passardi\u00a0 - Passion Ski - St. Moritz Ski School","og_description":"E-Mail E-Mail Ich beende mein Geografiestudium an der Universit\u00e4t Fribourg und bin seit 2024 Bergf\u00fchreraspirant. Aufgewachsen im Tessin, habe ich bei der Arbeit in den Bergh\u00fctten des Bedrettotals entdeckt, wie viel Freude es mir bereitet, anderen die Sch\u00f6nheit der Natur n\u00e4herzubringen. Ich hatte das Gl\u00fcck, mit sehr unterschiedlichen Menschen in die Berge zu gehen: mit [&hellip;]","og_url":"https:\/\/www.passionski.ch\/it\/squadra\/mattia-passardi\/","og_site_name":"Passion Ski - St. Moritz Ski School","article_modified_time":"2025-10-27T09:09:52+00:00","og_image":[{"width":900,"height":900,"url":"https:\/\/www.passionski.ch\/wp-content\/uploads\/2025\/01\/team_mattia-passardi.jpg","type":"image\/jpeg"}],"twitter_card":"summary_large_image","twitter_misc":{"Tempo di lettura stimato":"1 minuto"},"schema":{"@context":"https:\/\/schema.org","@graph":[{"@type":"WebPage","@id":"https:\/\/www.passionski.ch\/team\/mattia-passardi\/","url":"https:\/\/www.passionski.ch\/team\/mattia-passardi\/","name":"Mattia Passardi - Passion Ski - St. Scuola Sci Moritz","isPartOf":{"@id":"https:\/\/www.passionski.ch\/#website"},"primaryImageOfPage":{"@id":"https:\/\/www.passionski.ch\/team\/mattia-passardi\/#primaryimage"},"image":{"@id":"https:\/\/www.passionski.ch\/team\/mattia-passardi\/#primaryimage"},"thumbnailUrl":"https:\/\/www.passionski.ch\/wp-content\/uploads\/2025\/01\/team_mattia-passardi.jpg","datePublished":"2024-12-17T09:13:41+00:00","dateModified":"2025-10-27T09:09:52+00:00","breadcrumb":{"@id":"https:\/\/www.passionski.ch\/team\/mattia-passardi\/#breadcrumb"},"inLanguage":"it-IT","potentialAction":[{"@type":"ReadAction","target":["https:\/\/www.passionski.ch\/team\/mattia-passardi\/"]}]},{"@type":"ImageObject","inLanguage":"it-IT","@id":"https:\/\/www.passionski.ch\/team\/mattia-passardi\/#primaryimage","url":"https:\/\/www.passionski.ch\/wp-content\/uploads\/2025\/01\/team_mattia-passardi.jpg","contentUrl":"https:\/\/www.passionski.ch\/wp-content\/uploads\/2025\/01\/team_mattia-passardi.jpg","width":900,"height":900},{"@type":"BreadcrumbList","@id":"https:\/\/www.passionski.ch\/team\/mattia-passardi\/#breadcrumb","itemListElement":[{"@type":"ListItem","position":1,"name":"Startseite","item":"https:\/\/www.passionski.ch\/"},{"@type":"ListItem","position":2,"name":"Team","item":"https:\/\/www.passionski.ch\/team\/"},{"@type":"ListItem","position":3,"name":"Mattia Passardi\u00a0"}]},{"@type":"WebSite","@id":"https:\/\/www.passionski.ch\/#website","url":"https:\/\/www.passionski.ch\/","name":"Scuola di sci Passion Ski - St. Moritz","description":"La tua scuola di sport sulla neve","publisher":{"@id":"https:\/\/www.passionski.ch\/#organization"},"potentialAction":[{"@type":"SearchAction","target":{"@type":"EntryPoint","urlTemplate":"https:\/\/www.passionski.ch\/?s={search_term_string}"},"query-input":{"@type":"PropertyValueSpecification","valueRequired":true,"valueName":"search_term_string"}}],"inLanguage":"it-IT"},{"@type":"Organization","@id":"https:\/\/www.passionski.ch\/#organization","name":"PassionSki GmbH","url":"https:\/\/www.passionski.ch\/","logo":{"@type":"ImageObject","inLanguage":"it-IT","@id":"https:\/\/www.passionski.ch\/#\/schema\/logo\/image\/","url":"https:\/\/www.passionski.ch\/wp-content\/uploads\/2016\/07\/LOGO-PASSIONSKI-COLOREOK.png","contentUrl":"https:\/\/www.passionski.ch\/wp-content\/uploads\/2016\/07\/LOGO-PASSIONSKI-COLOREOK.png","width":150,"height":47,"caption":"PassionSki GmbH"},"image":{"@id":"https:\/\/www.passionski.ch\/#\/schema\/logo\/image\/"}}]}},"_links":{"self":[{"href":"https:\/\/www.passionski.ch\/it\/wp-json\/wp\/v2\/pages\/7998","targetHints":{"allow":["GET"]}}],"collection":[{"href":"https:\/\/www.passionski.ch\/it\/wp-json\/wp\/v2\/pages"}],"about":[{"href":"https:\/\/www.passionski.ch\/it\/wp-json\/wp\/v2\/types\/page"}],"author":[{"embeddable":true,"href":"https:\/\/www.passionski.ch\/it\/wp-json\/wp\/v2\/users\/4"}],"replies":[{"embeddable":true,"href":"https:\/\/www.passionski.ch\/it\/wp-json\/wp\/v2\/comments?post=7998"}],"version-history":[{"count":19,"href":"https:\/\/www.passionski.ch\/it\/wp-json\/wp\/v2\/pages\/7998\/revisions"}],"predecessor-version":[{"id":8403,"href":"https:\/\/www.passionski.ch\/it\/wp-json\/wp\/v2\/pages\/7998\/revisions\/8403"}],"up":[{"embeddable":true,"href":"https:\/\/www.passionski.ch\/it\/wp-json\/wp\/v2\/pages\/5369"}],"wp:featuredmedia":[{"embeddable":true,"href":"https:\/\/www.passionski.ch\/it\/wp-json\/wp\/v2\/media\/8191"}],"wp:attachment":[{"href":"https:\/\/www.passionski.ch\/it\/wp-json\/wp\/v2\/media?parent=7998"}],"wp:term":[{"taxonomy":"category","embeddable":true,"href":"https:\/\/www.passionski.ch\/it\/wp-json\/wp\/v2\/categories?post=7998"},{"taxonomy":"post_tag","embeddable":true,"href":"https:\/\/www.passionski.ch\/it\/wp-json\/wp\/v2\/tags?post=7998"}],"curies":[{"name":"wp","href":"https:\/\/api.w.org\/{rel}","templated":true}]}}