{"id":7744,"date":"2024-07-21T11:18:24","date_gmt":"2024-07-21T09:18:24","guid":{"rendered":"https:\/\/www.passionski.ch\/?page_id=7744"},"modified":"2025-10-27T10:07:47","modified_gmt":"2025-10-27T09:07:47","slug":"lucas-swieykowski","status":"publish","type":"page","link":"https:\/\/www.passionski.ch\/it\/squadra\/lucas-swieykowski\/","title":{"rendered":"Lucas Swieykowski"},"content":{"rendered":"<div data-elementor-type=\"wp-page\" data-elementor-id=\"7744\" class=\"elementor elementor-7744\" data-elementor-post-type=\"page\">\n\t\t\t\t\t\t<section class=\"elementor-section elementor-top-section elementor-element elementor-element-3e4aa91 elementor-section-boxed elementor-section-height-default elementor-section-height-default\" data-id=\"3e4aa91\" data-element_type=\"section\">\n\t\t\t\t\t\t<div class=\"elementor-container elementor-column-gap-no\">\n\t\t\t\t\t<div class=\"elementor-column elementor-col-100 elementor-top-column elementor-element elementor-element-4c572e2\" data-id=\"4c572e2\" data-element_type=\"column\">\n\t\t\t<div class=\"elementor-widget-wrap elementor-element-populated\">\n\t\t\t\t\t\t<div class=\"elementor-element elementor-element-b62b2b8 elementor-widget elementor-widget-heading\" data-id=\"b62b2b8\" data-element_type=\"widget\" data-widget_type=\"heading.default\">\n\t\t\t\t<div class=\"elementor-widget-container\">\n\t\t\t\t\t<h2 class=\"elementor-heading-title elementor-size-default\">Lucas Swieykowski<\/h2>\t\t\t\t<\/div>\n\t\t\t\t<\/div>\n\t\t\t\t<div class=\"elementor-element elementor-element-b2342a9 elementor-widget elementor-widget-heading\" data-id=\"b2342a9\" data-element_type=\"widget\" data-widget_type=\"heading.default\">\n\t\t\t\t<div class=\"elementor-widget-container\">\n\t\t\t\t\t<h6 class=\"elementor-heading-title elementor-size-default\"><a href=\"https:\/\/www.passionski.ch\/it\/c\/istruttore-di-sport-sulla-neve-in\/\" rel=\"tag\">Istruttore di sport sulla neve<\/a><\/h6>\t\t\t\t<\/div>\n\t\t\t\t<\/div>\n\t\t\t\t\t<\/div>\n\t\t<\/div>\n\t\t\t\t\t<\/div>\n\t\t<\/section>\n\t\t\t\t<section class=\"elementor-section elementor-top-section elementor-element elementor-element-43d2a8f elementor-section-boxed elementor-section-height-default elementor-section-height-default\" data-id=\"43d2a8f\" data-element_type=\"section\">\n\t\t\t\t\t\t<div class=\"elementor-container elementor-column-gap-no\">\n\t\t\t\t\t<div class=\"elementor-column elementor-col-50 elementor-top-column elementor-element elementor-element-c1664c1\" data-id=\"c1664c1\" data-element_type=\"column\">\n\t\t\t<div class=\"elementor-widget-wrap elementor-element-populated\">\n\t\t\t\t\t\t<div class=\"elementor-element elementor-element-347f916 elementor-widget elementor-widget-theme-post-featured-image elementor-widget-image\" data-id=\"347f916\" data-element_type=\"widget\" data-widget_type=\"theme-post-featured-image.default\">\n\t\t\t\t<div class=\"elementor-widget-container\">\n\t\t\t\t\t\t\t\t\t\t\t\t\t\t\t<img fetchpriority=\"high\" decoding=\"async\" width=\"900\" height=\"900\" src=\"https:\/\/www.passionski.ch\/wp-content\/uploads\/2024\/07\/Team_Lukas.jpg\" class=\"attachment-full size-full wp-image-7681\" alt=\"\" srcset=\"https:\/\/www.passionski.ch\/wp-content\/uploads\/2024\/07\/Team_Lukas.jpg 900w, https:\/\/www.passionski.ch\/wp-content\/uploads\/2024\/07\/Team_Lukas-300x300.jpg 300w, https:\/\/www.passionski.ch\/wp-content\/uploads\/2024\/07\/Team_Lukas-150x150.jpg 150w, https:\/\/www.passionski.ch\/wp-content\/uploads\/2024\/07\/Team_Lukas-768x768.jpg 768w, https:\/\/www.passionski.ch\/wp-content\/uploads\/2024\/07\/Team_Lukas-12x12.jpg 12w, https:\/\/www.passionski.ch\/wp-content\/uploads\/2024\/07\/Team_Lukas-700x700.jpg 700w, https:\/\/www.passionski.ch\/wp-content\/uploads\/2024\/07\/Team_Lukas-400x400.jpg 400w\" sizes=\"(max-width: 900px) 100vw, 900px\" \/>\t\t\t\t\t\t\t\t\t\t\t\t\t\t\t<\/div>\n\t\t\t\t<\/div>\n\t\t\t\t\t<\/div>\n\t\t<\/div>\n\t\t\t\t<div class=\"elementor-column elementor-col-50 elementor-top-column elementor-element elementor-element-4a2f517\" data-id=\"4a2f517\" data-element_type=\"column\">\n\t\t\t<div class=\"elementor-widget-wrap elementor-element-populated\">\n\t\t\t\t\t\t<div class=\"elementor-element elementor-element-e9e59d2 elementor-widget elementor-widget-text-editor\" data-id=\"e9e59d2\" data-element_type=\"widget\" data-widget_type=\"text-editor.default\">\n\t\t\t\t<div class=\"elementor-widget-container\">\n\t\t\t\t\t\t\t\t\t<p>Lo sci ha portato l&#039;argentino Lucas Swieykowski in giro per il mondo come sciatore professionista, maestro di sci e guida alpina. Conosciuto per la sua esperienza, passione per lo sci estremo e la natura rilassata, Lucas trova neve eccellente su piste inesplorate e mozzafiato ovunque viaggi.<\/p>\n<p>Alla ricerca dell&#039;&quot;Inverno senza fine&quot;, Lucas \u00e8 guidato dal suo motto personale: &quot;Ogni giorno conta. Persegue instancabilmente la giornata perfetta sugli sci e combina esperienze indimenticabili con la sua passione per la montagna. Da Bariloche, Argentina, persegue il suo obiettivo. sogna di raggiungere i posti pi\u00f9 straordinari del mondo per sciare e fare freeride.<\/p>\n<p>Lucas ha dedicato la sua vita allo sci, spingendosi oltre i confini e scoprendo montagne incontaminate. Che tu sia un principiante, uno sciatore intermedio o un esperto che si diverte con le piste condivise con lui come cliente privato o che lavori insieme per ottenere lo scatto d&#039;azione definitivo, ogni momento sar\u00e0 indimenticabile \u2013 un&#039;avventura che ispira e ispira.<\/p>\n<p>\u201cLa via della montagna \u00e8 il mio percorso di vita\u201d, afferma Lucas. \u201cAmo scoprire luoghi selvaggi e vivere la natura nella sua forma pi\u00f9 pura. Il rispetto per l\u2019ambiente e l\u2019impegno per la sicurezza sono i principi che mi permettono di continuare ad essere mio per superare i confini e raggiungere i miei obiettivi.\u201d<\/p>\t\t\t\t\t\t\t\t<\/div>\n\t\t\t\t<\/div>\n\t\t\t\t<div class=\"elementor-element elementor-element-36b7992 elementor-widget__width-auto elementor-widget elementor-widget-button\" data-id=\"36b7992\" data-element_type=\"widget\" data-widget_type=\"button.default\">\n\t\t\t\t<div class=\"elementor-widget-container\">\n\t\t\t\t\t\t\t\t\t<div class=\"elementor-button-wrapper\">\n\t\t\t\t\t<a class=\"elementor-button elementor-button-link elementor-size-sm\" href=\"https:\/\/www.instagram.com\/lswieykowski\/\" target=\"_blank\">\n\t\t\t\t\t\t<span class=\"elementor-button-content-wrapper\">\n\t\t\t\t\t\t\t\t\t<span class=\"elementor-button-text\">Mezzi sociali<\/span>\n\t\t\t\t\t<\/span>\n\t\t\t\t\t<\/a>\n\t\t\t\t<\/div>\n\t\t\t\t\t\t\t\t<\/div>\n\t\t\t\t<\/div>\n\t\t\t\t<div class=\"elementor-element elementor-element-ed31166 elementor-widget__width-auto elementor-widget elementor-widget-button\" data-id=\"ed31166\" data-element_type=\"widget\" data-widget_type=\"button.default\">\n\t\t\t\t<div class=\"elementor-widget-container\">\n\t\t\t\t\t\t\t\t\t<div class=\"elementor-button-wrapper\">\n\t\t\t\t\t<a class=\"elementor-button elementor-button-link elementor-size-sm\" href=\"https:\/\/www.lucasswieykowski.com\/\">\n\t\t\t\t\t\t<span class=\"elementor-button-content-wrapper\">\n\t\t\t\t\t\t\t\t\t<span class=\"elementor-button-text\">Home page<\/span>\n\t\t\t\t\t<\/span>\n\t\t\t\t\t<\/a>\n\t\t\t\t<\/div>\n\t\t\t\t\t\t\t\t<\/div>\n\t\t\t\t<\/div>\n\t\t\t\t\t<\/div>\n\t\t<\/div>\n\t\t\t\t\t<\/div>\n\t\t<\/section>\n\t\t\t\t<\/div>","protected":false},"excerpt":{"rendered":"<p>Lo sci ha portato l&#039;argentino Lucas Swieykowski in giro per il mondo come sciatore professionista, maestro di sci e guida alpina. Noto per la sua competenza, la passione per lo sci estremo e la sua natura rilassata, Lucas trova neve eccellente su pendii inesplorati e mozzafiato ovunque vada. Nella sua ricerca di un &quot;Inverno senza fine&quot;, Lucas \u00e8 guidato dal suo motto personale: &quot;Ogni [\u2026]<\/p>","protected":false},"author":4,"featured_media":7681,"parent":5369,"menu_order":0,"comment_status":"closed","ping_status":"closed","template":"","meta":{"site-sidebar-layout":"no-sidebar","site-content-layout":"page-builder","ast-site-content-layout":"full-width-container","site-content-style":"default","site-sidebar-style":"default","ast-global-header-display":"","ast-banner-title-visibility":"","ast-main-header-display":"","ast-hfb-above-header-display":"","ast-hfb-below-header-display":"","ast-hfb-mobile-header-display":"","site-post-title":"disabled","ast-breadcrumbs-content":"","ast-featured-img":"disabled","footer-sml-layout":"","theme-transparent-header-meta":"","adv-header-id-meta":"","stick-header-meta":"","header-above-stick-meta":"","header-main-stick-meta":"","header-below-stick-meta":"","astra-migrate-meta-layouts":"set","ast-page-background-enabled":"default","ast-page-background-meta":{"desktop":{"background-color":"","background-image":"","background-repeat":"repeat","background-position":"center center","background-size":"auto","background-attachment":"scroll","background-type":"","background-media":"","overlay-type":"","overlay-color":"","overlay-opacity":"","overlay-gradient":""},"tablet":{"background-color":"","background-image":"","background-repeat":"repeat","background-position":"center center","background-size":"auto","background-attachment":"scroll","background-type":"","background-media":"","overlay-type":"","overlay-color":"","overlay-opacity":"","overlay-gradient":""},"mobile":{"background-color":"","background-image":"","background-repeat":"repeat","background-position":"center center","background-size":"auto","background-attachment":"scroll","background-type":"","background-media":"","overlay-type":"","overlay-color":"","overlay-opacity":"","overlay-gradient":""}},"ast-content-background-meta":{"desktop":{"background-color":"var(--ast-global-color-5)","background-image":"","background-repeat":"repeat","background-position":"center center","background-size":"auto","background-attachment":"scroll","background-type":"","background-media":"","overlay-type":"","overlay-color":"","overlay-opacity":"","overlay-gradient":""},"tablet":{"background-color":"var(--ast-global-color-5)","background-image":"","background-repeat":"repeat","background-position":"center center","background-size":"auto","background-attachment":"scroll","background-type":"","background-media":"","overlay-type":"","overlay-color":"","overlay-opacity":"","overlay-gradient":""},"mobile":{"background-color":"var(--ast-global-color-5)","background-image":"","background-repeat":"repeat","background-position":"center center","background-size":"auto","background-attachment":"scroll","background-type":"","background-media":"","overlay-type":"","overlay-color":"","overlay-opacity":"","overlay-gradient":""}},"footnotes":""},"categories":[20],"tags":[],"class_list":["post-7744","page","type-page","status-publish","has-post-thumbnail","hentry","category-schneesportlehrer-in"],"yoast_head":"<!-- This site is optimized with the Yoast SEO plugin v26.7 - https:\/\/yoast.com\/wordpress\/plugins\/seo\/ -->\n<title>Lucas Swieykowski - Passion Ski - St. Moritz Ski School<\/title>\n<meta name=\"robots\" content=\"index, follow, max-snippet:-1, max-image-preview:large, max-video-preview:-1\" \/>\n<link rel=\"canonical\" href=\"https:\/\/www.passionski.ch\/it\/squadra\/lucas-swieykowski\/\" \/>\n<meta property=\"og:locale\" content=\"it_IT\" \/>\n<meta property=\"og:type\" content=\"article\" \/>\n<meta property=\"og:title\" content=\"Lucas Swieykowski - Passion Ski - St. Moritz Ski School\" \/>\n<meta property=\"og:description\" content=\"Das Skifahren hat den Argentinier Lucas Swieykowski als Profiskifahrer, Skilehrer und Bergf\u00fchrer rund um den Globus gebracht. Bekannt f\u00fcr seine Expertise, Leidenschaft f\u00fcr extremes Skifahren und seine unkomplizierte Art, Lucas findet \u00fcberall, wo er hinreist, hervorragenden Schnee auf unerforschten, atemberaubenden Pisten. Im Streben nach dem \u201cEndlosen Winter\u201d wird Lucas von seinem pers\u00f6nlichen Motto angetrieben: \u201cJeder [&hellip;]\" \/>\n<meta property=\"og:url\" content=\"https:\/\/www.passionski.ch\/it\/squadra\/lucas-swieykowski\/\" \/>\n<meta property=\"og:site_name\" content=\"Passion Ski - St. Moritz Ski School\" \/>\n<meta property=\"article:modified_time\" content=\"2025-10-27T09:07:47+00:00\" \/>\n<meta property=\"og:image\" content=\"https:\/\/www.passionski.ch\/wp-content\/uploads\/2024\/07\/Team_Lukas.jpg\" \/>\n\t<meta property=\"og:image:width\" content=\"900\" \/>\n\t<meta property=\"og:image:height\" content=\"900\" \/>\n\t<meta property=\"og:image:type\" content=\"image\/jpeg\" \/>\n<meta name=\"twitter:card\" content=\"summary_large_image\" \/>\n<meta name=\"twitter:label1\" content=\"Tempo di lettura stimato\" \/>\n\t<meta name=\"twitter:data1\" content=\"2 minuti\" \/>\n<script type=\"application\/ld+json\" class=\"yoast-schema-graph\">{\"@context\":\"https:\/\/schema.org\",\"@graph\":[{\"@type\":\"WebPage\",\"@id\":\"https:\/\/www.passionski.ch\/team\/lucas-swieykowski\/\",\"url\":\"https:\/\/www.passionski.ch\/team\/lucas-swieykowski\/\",\"name\":\"Lucas Swieykowski - Passion Ski - St. Moritz Ski School\",\"isPartOf\":{\"@id\":\"https:\/\/www.passionski.ch\/#website\"},\"primaryImageOfPage\":{\"@id\":\"https:\/\/www.passionski.ch\/team\/lucas-swieykowski\/#primaryimage\"},\"image\":{\"@id\":\"https:\/\/www.passionski.ch\/team\/lucas-swieykowski\/#primaryimage\"},\"thumbnailUrl\":\"https:\/\/www.passionski.ch\/wp-content\/uploads\/2024\/07\/Team_Lukas.jpg\",\"datePublished\":\"2024-07-21T09:18:24+00:00\",\"dateModified\":\"2025-10-27T09:07:47+00:00\",\"breadcrumb\":{\"@id\":\"https:\/\/www.passionski.ch\/team\/lucas-swieykowski\/#breadcrumb\"},\"inLanguage\":\"it-IT\",\"potentialAction\":[{\"@type\":\"ReadAction\",\"target\":[\"https:\/\/www.passionski.ch\/team\/lucas-swieykowski\/\"]}]},{\"@type\":\"ImageObject\",\"inLanguage\":\"it-IT\",\"@id\":\"https:\/\/www.passionski.ch\/team\/lucas-swieykowski\/#primaryimage\",\"url\":\"https:\/\/www.passionski.ch\/wp-content\/uploads\/2024\/07\/Team_Lukas.jpg\",\"contentUrl\":\"https:\/\/www.passionski.ch\/wp-content\/uploads\/2024\/07\/Team_Lukas.jpg\",\"width\":900,\"height\":900},{\"@type\":\"BreadcrumbList\",\"@id\":\"https:\/\/www.passionski.ch\/team\/lucas-swieykowski\/#breadcrumb\",\"itemListElement\":[{\"@type\":\"ListItem\",\"position\":1,\"name\":\"Startseite\",\"item\":\"https:\/\/www.passionski.ch\/\"},{\"@type\":\"ListItem\",\"position\":2,\"name\":\"Team\",\"item\":\"https:\/\/www.passionski.ch\/team\/\"},{\"@type\":\"ListItem\",\"position\":3,\"name\":\"Lucas Swieykowski\"}]},{\"@type\":\"WebSite\",\"@id\":\"https:\/\/www.passionski.ch\/#website\",\"url\":\"https:\/\/www.passionski.ch\/\",\"name\":\"Passion Ski - St. Moritz Ski School\",\"description\":\"Your snow sports school\",\"publisher\":{\"@id\":\"https:\/\/www.passionski.ch\/#organization\"},\"potentialAction\":[{\"@type\":\"SearchAction\",\"target\":{\"@type\":\"EntryPoint\",\"urlTemplate\":\"https:\/\/www.passionski.ch\/?s={search_term_string}\"},\"query-input\":{\"@type\":\"PropertyValueSpecification\",\"valueRequired\":true,\"valueName\":\"search_term_string\"}}],\"inLanguage\":\"it-IT\"},{\"@type\":\"Organization\",\"@id\":\"https:\/\/www.passionski.ch\/#organization\",\"name\":\"PassionSki GmbH\",\"url\":\"https:\/\/www.passionski.ch\/\",\"logo\":{\"@type\":\"ImageObject\",\"inLanguage\":\"it-IT\",\"@id\":\"https:\/\/www.passionski.ch\/#\/schema\/logo\/image\/\",\"url\":\"https:\/\/www.passionski.ch\/wp-content\/uploads\/2016\/07\/LOGO-PASSIONSKI-COLOREOK.png\",\"contentUrl\":\"https:\/\/www.passionski.ch\/wp-content\/uploads\/2016\/07\/LOGO-PASSIONSKI-COLOREOK.png\",\"width\":150,\"height\":47,\"caption\":\"PassionSki GmbH\"},\"image\":{\"@id\":\"https:\/\/www.passionski.ch\/#\/schema\/logo\/image\/\"}}]}<\/script>\n<!-- \/ Yoast SEO plugin. -->","yoast_head_json":{"title":"Lucas Swieykowski - Passion Ski - St. Scuola Sci Moritz","robots":{"index":"index","follow":"follow","max-snippet":"max-snippet:-1","max-image-preview":"max-image-preview:large","max-video-preview":"max-video-preview:-1"},"canonical":"https:\/\/www.passionski.ch\/it\/squadra\/lucas-swieykowski\/","og_locale":"it_IT","og_type":"article","og_title":"Lucas Swieykowski - Passion Ski - St. Moritz Ski School","og_description":"Das Skifahren hat den Argentinier Lucas Swieykowski als Profiskifahrer, Skilehrer und Bergf\u00fchrer rund um den Globus gebracht. Bekannt f\u00fcr seine Expertise, Leidenschaft f\u00fcr extremes Skifahren und seine unkomplizierte Art, Lucas findet \u00fcberall, wo er hinreist, hervorragenden Schnee auf unerforschten, atemberaubenden Pisten. Im Streben nach dem \u201cEndlosen Winter\u201d wird Lucas von seinem pers\u00f6nlichen Motto angetrieben: \u201cJeder [&hellip;]","og_url":"https:\/\/www.passionski.ch\/it\/squadra\/lucas-swieykowski\/","og_site_name":"Passion Ski - St. Moritz Ski School","article_modified_time":"2025-10-27T09:07:47+00:00","og_image":[{"width":900,"height":900,"url":"https:\/\/www.passionski.ch\/wp-content\/uploads\/2024\/07\/Team_Lukas.jpg","type":"image\/jpeg"}],"twitter_card":"summary_large_image","twitter_misc":{"Tempo di lettura stimato":"2 minuti"},"schema":{"@context":"https:\/\/schema.org","@graph":[{"@type":"WebPage","@id":"https:\/\/www.passionski.ch\/team\/lucas-swieykowski\/","url":"https:\/\/www.passionski.ch\/team\/lucas-swieykowski\/","name":"Lucas Swieykowski - Passion Ski - St. Scuola Sci Moritz","isPartOf":{"@id":"https:\/\/www.passionski.ch\/#website"},"primaryImageOfPage":{"@id":"https:\/\/www.passionski.ch\/team\/lucas-swieykowski\/#primaryimage"},"image":{"@id":"https:\/\/www.passionski.ch\/team\/lucas-swieykowski\/#primaryimage"},"thumbnailUrl":"https:\/\/www.passionski.ch\/wp-content\/uploads\/2024\/07\/Team_Lukas.jpg","datePublished":"2024-07-21T09:18:24+00:00","dateModified":"2025-10-27T09:07:47+00:00","breadcrumb":{"@id":"https:\/\/www.passionski.ch\/team\/lucas-swieykowski\/#breadcrumb"},"inLanguage":"it-IT","potentialAction":[{"@type":"ReadAction","target":["https:\/\/www.passionski.ch\/team\/lucas-swieykowski\/"]}]},{"@type":"ImageObject","inLanguage":"it-IT","@id":"https:\/\/www.passionski.ch\/team\/lucas-swieykowski\/#primaryimage","url":"https:\/\/www.passionski.ch\/wp-content\/uploads\/2024\/07\/Team_Lukas.jpg","contentUrl":"https:\/\/www.passionski.ch\/wp-content\/uploads\/2024\/07\/Team_Lukas.jpg","width":900,"height":900},{"@type":"BreadcrumbList","@id":"https:\/\/www.passionski.ch\/team\/lucas-swieykowski\/#breadcrumb","itemListElement":[{"@type":"ListItem","position":1,"name":"Startseite","item":"https:\/\/www.passionski.ch\/"},{"@type":"ListItem","position":2,"name":"Team","item":"https:\/\/www.passionski.ch\/team\/"},{"@type":"ListItem","position":3,"name":"Lucas Swieykowski"}]},{"@type":"WebSite","@id":"https:\/\/www.passionski.ch\/#website","url":"https:\/\/www.passionski.ch\/","name":"Scuola di sci Passion Ski - St. Moritz","description":"La tua scuola di sport sulla neve","publisher":{"@id":"https:\/\/www.passionski.ch\/#organization"},"potentialAction":[{"@type":"SearchAction","target":{"@type":"EntryPoint","urlTemplate":"https:\/\/www.passionski.ch\/?s={search_term_string}"},"query-input":{"@type":"PropertyValueSpecification","valueRequired":true,"valueName":"search_term_string"}}],"inLanguage":"it-IT"},{"@type":"Organization","@id":"https:\/\/www.passionski.ch\/#organization","name":"PassionSki GmbH","url":"https:\/\/www.passionski.ch\/","logo":{"@type":"ImageObject","inLanguage":"it-IT","@id":"https:\/\/www.passionski.ch\/#\/schema\/logo\/image\/","url":"https:\/\/www.passionski.ch\/wp-content\/uploads\/2016\/07\/LOGO-PASSIONSKI-COLOREOK.png","contentUrl":"https:\/\/www.passionski.ch\/wp-content\/uploads\/2016\/07\/LOGO-PASSIONSKI-COLOREOK.png","width":150,"height":47,"caption":"PassionSki GmbH"},"image":{"@id":"https:\/\/www.passionski.ch\/#\/schema\/logo\/image\/"}}]}},"_links":{"self":[{"href":"https:\/\/www.passionski.ch\/it\/wp-json\/wp\/v2\/pages\/7744","targetHints":{"allow":["GET"]}}],"collection":[{"href":"https:\/\/www.passionski.ch\/it\/wp-json\/wp\/v2\/pages"}],"about":[{"href":"https:\/\/www.passionski.ch\/it\/wp-json\/wp\/v2\/types\/page"}],"author":[{"embeddable":true,"href":"https:\/\/www.passionski.ch\/it\/wp-json\/wp\/v2\/users\/4"}],"replies":[{"embeddable":true,"href":"https:\/\/www.passionski.ch\/it\/wp-json\/wp\/v2\/comments?post=7744"}],"version-history":[{"count":19,"href":"https:\/\/www.passionski.ch\/it\/wp-json\/wp\/v2\/pages\/7744\/revisions"}],"predecessor-version":[{"id":8391,"href":"https:\/\/www.passionski.ch\/it\/wp-json\/wp\/v2\/pages\/7744\/revisions\/8391"}],"up":[{"embeddable":true,"href":"https:\/\/www.passionski.ch\/it\/wp-json\/wp\/v2\/pages\/5369"}],"wp:featuredmedia":[{"embeddable":true,"href":"https:\/\/www.passionski.ch\/it\/wp-json\/wp\/v2\/media\/7681"}],"wp:attachment":[{"href":"https:\/\/www.passionski.ch\/it\/wp-json\/wp\/v2\/media?parent=7744"}],"wp:term":[{"taxonomy":"category","embeddable":true,"href":"https:\/\/www.passionski.ch\/it\/wp-json\/wp\/v2\/categories?post=7744"},{"taxonomy":"post_tag","embeddable":true,"href":"https:\/\/www.passionski.ch\/it\/wp-json\/wp\/v2\/tags?post=7744"}],"curies":[{"name":"wp","href":"https:\/\/api.w.org\/{rel}","templated":true}]}}