{"id":7129,"date":"2023-08-29T13:39:24","date_gmt":"2023-08-29T11:39:24","guid":{"rendered":"https:\/\/www.passionski.ch\/?page_id=7129"},"modified":"2025-05-02T08:46:07","modified_gmt":"2025-05-02T06:46:07","slug":"condizioni","status":"publish","type":"page","link":"https:\/\/www.passionski.ch\/it\/condizioni\/","title":{"rendered":"condizioni"},"content":{"rendered":"<div data-elementor-type=\"wp-page\" data-elementor-id=\"7129\" class=\"elementor elementor-7129\" data-elementor-post-type=\"page\">\n\t\t\t\t\t\t<section class=\"elementor-section elementor-top-section elementor-element elementor-element-f909a08 elementor-section-boxed elementor-section-height-default elementor-section-height-default\" data-id=\"f909a08\" data-element_type=\"section\">\n\t\t\t\t\t\t<div class=\"elementor-container elementor-column-gap-no\">\n\t\t\t\t\t<div class=\"elementor-column elementor-col-100 elementor-top-column elementor-element elementor-element-f69958e\" data-id=\"f69958e\" data-element_type=\"column\">\n\t\t\t<div class=\"elementor-widget-wrap elementor-element-populated\">\n\t\t\t\t\t\t<div class=\"elementor-element elementor-element-11149e3 elementor-widget elementor-widget-text-editor\" data-id=\"11149e3\" data-element_type=\"widget\" data-widget_type=\"text-editor.default\">\n\t\t\t\t<div class=\"elementor-widget-container\">\n\t\t\t\t\t\t\t\t\t<h3>Condizioni di prenotazione stagione invernale 2025-2026<\/h3><h3>\u00a0<\/h3><h4>Generale<\/h4><ul><li>Salvo diverso accordo espresso, le presenti Condizioni Generali si applicano a tutte le transazioni tra PassionSki GmbH e il cliente. L&#039;oggetto sociale \u00e8 la gestione di una scuola di sport sulla neve e sulla montagna. Tra queste rientrano in particolare servizi quali l&#039;insegnamento delle tecniche e delle conoscenze degli sport sulla neve, senza garanzia di un concreto successo formativo, nonch\u00e9 la guida e l&#039;accompagnamento durante la pratica di sport sulla neve e in montagna.<\/li><li>Il costo delle lezioni non include l&#039;utilizzo degli impianti di risalita. PassionSki GmbH non rimborsa le lezioni perse a causa di guasti agli impianti di risalita e alle funivie. Solo nel caso in cui le condizioni meteorologiche dovessero rendere chiuso pi\u00f9 dell&#039;80% del comprensorio sciistico a causa di neve o tempeste di vento, saremo lieti di organizzare un programma alternativo per te e la tua famiglia o di annullare gratuitamente la lezione prenotata.<\/li><\/ul><h4>condizioni di cancellazione<\/h4><ul><li><b>La prenotazione \u00e8 definitiva e garantita solo con il pagamento anticipato 100%<\/b>. Il pagamento avviene tramite carta di credito, TWINT o online banking.<ul><li style=\"list-style-type: none;\"><ul><li>Cancellazione 20 giorni prima della prenotazione =&gt;Gratuita<\/li><li>Cancellazione 10-19 giorni prima della prenotazione =&gt;verranno addebitati 50% dell&#039;intero importo<\/li><li>Cancellazione 3-9 giorni prima della prenotazione =&gt; verranno addebitati 75% dell&#039;intero importo<\/li><li>Cancellazione 48 ore prima della prenotazione =&gt; verr\u00e0 addebitato 100% dell&#039;intero importo<\/li><\/ul><\/li><\/ul><\/li><\/ul><p><strong>Ti consigliamo di stipulare un&#039;assicurazione annullamento-.<\/strong><\/p><ul><li>PassionSki si riserva il diritto di modificare, annullare o annullare il programma o singoli servizi dopo la conclusione del contratto e anche durante l&#039;attivit\u00e0 se le condizioni meteorologiche naturali- e\/or o altre circostanze impreviste (forza maggiore, misure di sicurezza ufficiali o altri rischi) lo richiedono.<\/li><li>Modifiche o cancellazioni di prenotazioni tramite Agenzie di Viaggio Online (OTA) devono essere comunicate direttamente tramite questo intermediario.<\/li><li>In caso di pandemia- le condizioni di annullamento possono essere adeguate a seconda della situazione e in conformit\u00e0 con le eventuali disposizioni di legge. Alla conclusione del contratto vengono accettate le disposizioni di protezione secondo l&#039;attuale concetto di protezione di PassionSki.<\/li><\/ul><h4>Prezzi<\/h4><p>I prezzi indicati sono in franchi svizzeri (CHF). Se il pagamento viene effettuato in un&#039;altra valuta (EURO, USD...), verr\u00e0 applicato il tasso di cambio giornaliero corrispondente del fornitore del servizio.<\/p><h4>Insegnamento da parte di altri fornitori<\/h4><p>PassionSki si riserva il diritto di modificare il programma o singoli servizi dopo la conclusione del contratto, ad esempio facendo eseguire i nostri servizi da un altro fornitore, se circostanze impreviste (ad esempio malattia o incidente di un maestro di PassionSki) lo rendono necessario.<\/p><h4>Pagamento in linea<\/h4><p>I pagamenti con carta di credito a favore della scuola di sci vengono raccolti. da SumUp Payments Limited a Londra. Le transazioni tramite il nostro negozio online- sono garantite. dalla societ\u00e0 Check Yeti<\/p><h4>Responsabilit\u00e0<\/h4><p>PassionSki GmbH non risponde di incidenti durante le lezioni di sport sulla neve e le escursioni in montagna. L&#039;assicurazione contro gli infortuni \u00e8 a carico dei partecipanti. <strong>PassionSki declina ogni responsabilit\u00e0 prima, durante e dopo le lezioni. Decliniamo ogni responsabilit\u00e0 per danni materiali.<\/strong><\/p><h4>compenso<\/h4><p>Rimangono tassativamente escluse richieste di risarcimento danni per errori nelle illustrazioni, nei prezzi e nei testi.<\/p><h4>protezione dati<\/h4><p>PassionSki si riserva il diritto di utilizzare qualsiasi materiale fotografico per scopi di marketing. Puoi revocare il tuo consenso all&#039;utilizzo e alla trasmissione dei dati e delle immagini in qualsiasi momento inviandoci un messaggio corrispondente a info@passionski.ch. I dati necessari per le transazioni commerciali rimarranno ovviamente confidenziali trattato.<\/p><h4>luogo di giurisdizione<\/h4><p>Luogo di adempimento \u00e8 la filiale centrale di PassionSki GmbH. Foro competente \u00e8 St. Moritz. Si applica il diritto svizzero.<\/p>\t\t\t\t\t\t\t\t<\/div>\n\t\t\t\t<\/div>\n\t\t\t\t\t<\/div>\n\t\t<\/div>\n\t\t\t\t\t<\/div>\n\t\t<\/section>\n\t\t\t\t<\/div>","protected":false},"excerpt":{"rendered":"<p>Buchungsbestimmung Wintersaison 2025-2026 \u00a0 Allgemeines Soweit nicht ausdru\u0308cklich Gegenteiliges vereinbart wird, gelten fu\u0308r s\u00e4mtliche Gesch\u00e4fte zwischen der PassionSki GmbH und den Kunden diese AGB\u2018s. Gegenstand des Unternehmens ist der Betrieb einer Schnee- &amp; Bergsportschule. Dies umfasst insbesondere Dienstleistungen, wie das Erteilen von Unterricht in den Fertigkeiten und Kenntnissen des Schneesports, ohne Garantie eines bestimmten Ausbildungserfolges, [&hellip;]<\/p>","protected":false},"author":4,"featured_media":0,"parent":0,"menu_order":0,"comment_status":"closed","ping_status":"closed","template":"","meta":{"site-sidebar-layout":"no-sidebar","site-content-layout":"page-builder","ast-site-content-layout":"default","site-content-style":"default","site-sidebar-style":"default","ast-global-header-display":"","ast-banner-title-visibility":"","ast-main-header-display":"","ast-hfb-above-header-display":"","ast-hfb-below-header-display":"","ast-hfb-mobile-header-display":"","site-post-title":"disabled","ast-breadcrumbs-content":"","ast-featured-img":"disabled","footer-sml-layout":"","theme-transparent-header-meta":"","adv-header-id-meta":"","stick-header-meta":"","header-above-stick-meta":"","header-main-stick-meta":"","header-below-stick-meta":"","astra-migrate-meta-layouts":"set","ast-page-background-enabled":"default","ast-page-background-meta":{"desktop":{"background-color":"","background-image":"","background-repeat":"repeat","background-position":"center center","background-size":"auto","background-attachment":"scroll","background-type":"","background-media":"","overlay-type":"","overlay-color":"","overlay-opacity":"","overlay-gradient":""},"tablet":{"background-color":"","background-image":"","background-repeat":"repeat","background-position":"center center","background-size":"auto","background-attachment":"scroll","background-type":"","background-media":"","overlay-type":"","overlay-color":"","overlay-opacity":"","overlay-gradient":""},"mobile":{"background-color":"","background-image":"","background-repeat":"repeat","background-position":"center center","background-size":"auto","background-attachment":"scroll","background-type":"","background-media":"","overlay-type":"","overlay-color":"","overlay-opacity":"","overlay-gradient":""}},"ast-content-background-meta":{"desktop":{"background-color":"var(--ast-global-color-5)","background-image":"","background-repeat":"repeat","background-position":"center center","background-size":"auto","background-attachment":"scroll","background-type":"","background-media":"","overlay-type":"","overlay-color":"","overlay-opacity":"","overlay-gradient":""},"tablet":{"background-color":"var(--ast-global-color-5)","background-image":"","background-repeat":"repeat","background-position":"center center","background-size":"auto","background-attachment":"scroll","background-type":"","background-media":"","overlay-type":"","overlay-color":"","overlay-opacity":"","overlay-gradient":""},"mobile":{"background-color":"var(--ast-global-color-5)","background-image":"","background-repeat":"repeat","background-position":"center center","background-size":"auto","background-attachment":"scroll","background-type":"","background-media":"","overlay-type":"","overlay-color":"","overlay-opacity":"","overlay-gradient":""}},"footnotes":""},"categories":[],"tags":[],"class_list":["post-7129","page","type-page","status-publish","hentry"],"yoast_head":"<!-- This site is optimized with the Yoast SEO plugin v26.7 - https:\/\/yoast.com\/wordpress\/plugins\/seo\/ -->\n<title>Bedingungen - Passion Ski - St. Moritz Ski School<\/title>\n<meta name=\"robots\" content=\"index, follow, max-snippet:-1, max-image-preview:large, max-video-preview:-1\" \/>\n<link rel=\"canonical\" href=\"https:\/\/www.passionski.ch\/it\/condizioni\/\" \/>\n<meta property=\"og:locale\" content=\"it_IT\" \/>\n<meta property=\"og:type\" content=\"article\" \/>\n<meta property=\"og:title\" content=\"Bedingungen - Passion Ski - St. Moritz Ski School\" \/>\n<meta property=\"og:description\" content=\"Buchungsbestimmung Wintersaison 2025-2026 \u00a0 Allgemeines Soweit nicht ausdru\u0308cklich Gegenteiliges vereinbart wird, gelten fu\u0308r s\u00e4mtliche Gesch\u00e4fte zwischen der PassionSki GmbH und den Kunden diese AGB\u2018s. Gegenstand des Unternehmens ist der Betrieb einer Schnee- &amp; Bergsportschule. Dies umfasst insbesondere Dienstleistungen, wie das Erteilen von Unterricht in den Fertigkeiten und Kenntnissen des Schneesports, ohne Garantie eines bestimmten Ausbildungserfolges, [&hellip;]\" \/>\n<meta property=\"og:url\" content=\"https:\/\/www.passionski.ch\/it\/condizioni\/\" \/>\n<meta property=\"og:site_name\" content=\"Passion Ski - St. Moritz Ski School\" \/>\n<meta property=\"article:modified_time\" content=\"2025-05-02T06:46:07+00:00\" \/>\n<meta name=\"twitter:card\" content=\"summary_large_image\" \/>\n<meta name=\"twitter:label1\" content=\"Tempo di lettura stimato\" \/>\n\t<meta name=\"twitter:data1\" content=\"3 minuti\" \/>\n<script type=\"application\/ld+json\" class=\"yoast-schema-graph\">{\"@context\":\"https:\/\/schema.org\",\"@graph\":[{\"@type\":\"WebPage\",\"@id\":\"https:\/\/www.passionski.ch\/bedingungen\/\",\"url\":\"https:\/\/www.passionski.ch\/bedingungen\/\",\"name\":\"Bedingungen - Passion Ski - St. Moritz Ski School\",\"isPartOf\":{\"@id\":\"https:\/\/www.passionski.ch\/#website\"},\"datePublished\":\"2023-08-29T11:39:24+00:00\",\"dateModified\":\"2025-05-02T06:46:07+00:00\",\"breadcrumb\":{\"@id\":\"https:\/\/www.passionski.ch\/bedingungen\/#breadcrumb\"},\"inLanguage\":\"it-IT\",\"potentialAction\":[{\"@type\":\"ReadAction\",\"target\":[\"https:\/\/www.passionski.ch\/bedingungen\/\"]}]},{\"@type\":\"BreadcrumbList\",\"@id\":\"https:\/\/www.passionski.ch\/bedingungen\/#breadcrumb\",\"itemListElement\":[{\"@type\":\"ListItem\",\"position\":1,\"name\":\"Startseite\",\"item\":\"https:\/\/www.passionski.ch\/\"},{\"@type\":\"ListItem\",\"position\":2,\"name\":\"Bedingungen\"}]},{\"@type\":\"WebSite\",\"@id\":\"https:\/\/www.passionski.ch\/#website\",\"url\":\"https:\/\/www.passionski.ch\/\",\"name\":\"Passion Ski - St. Moritz Ski School\",\"description\":\"Your snow sports school\",\"publisher\":{\"@id\":\"https:\/\/www.passionski.ch\/#organization\"},\"potentialAction\":[{\"@type\":\"SearchAction\",\"target\":{\"@type\":\"EntryPoint\",\"urlTemplate\":\"https:\/\/www.passionski.ch\/?s={search_term_string}\"},\"query-input\":{\"@type\":\"PropertyValueSpecification\",\"valueRequired\":true,\"valueName\":\"search_term_string\"}}],\"inLanguage\":\"it-IT\"},{\"@type\":\"Organization\",\"@id\":\"https:\/\/www.passionski.ch\/#organization\",\"name\":\"PassionSki GmbH\",\"url\":\"https:\/\/www.passionski.ch\/\",\"logo\":{\"@type\":\"ImageObject\",\"inLanguage\":\"it-IT\",\"@id\":\"https:\/\/www.passionski.ch\/#\/schema\/logo\/image\/\",\"url\":\"https:\/\/www.passionski.ch\/wp-content\/uploads\/2016\/07\/LOGO-PASSIONSKI-COLOREOK.png\",\"contentUrl\":\"https:\/\/www.passionski.ch\/wp-content\/uploads\/2016\/07\/LOGO-PASSIONSKI-COLOREOK.png\",\"width\":150,\"height\":47,\"caption\":\"PassionSki GmbH\"},\"image\":{\"@id\":\"https:\/\/www.passionski.ch\/#\/schema\/logo\/image\/\"}}]}<\/script>\n<!-- \/ Yoast SEO plugin. -->","yoast_head_json":{"title":"Condizioni - Passion Ski - St. Scuola Sci Moritz","robots":{"index":"index","follow":"follow","max-snippet":"max-snippet:-1","max-image-preview":"max-image-preview:large","max-video-preview":"max-video-preview:-1"},"canonical":"https:\/\/www.passionski.ch\/it\/condizioni\/","og_locale":"it_IT","og_type":"article","og_title":"Bedingungen - Passion Ski - St. Moritz Ski School","og_description":"Buchungsbestimmung Wintersaison 2025-2026 \u00a0 Allgemeines Soweit nicht ausdru\u0308cklich Gegenteiliges vereinbart wird, gelten fu\u0308r s\u00e4mtliche Gesch\u00e4fte zwischen der PassionSki GmbH und den Kunden diese AGB\u2018s. Gegenstand des Unternehmens ist der Betrieb einer Schnee- &amp; Bergsportschule. Dies umfasst insbesondere Dienstleistungen, wie das Erteilen von Unterricht in den Fertigkeiten und Kenntnissen des Schneesports, ohne Garantie eines bestimmten Ausbildungserfolges, [&hellip;]","og_url":"https:\/\/www.passionski.ch\/it\/condizioni\/","og_site_name":"Passion Ski - St. Moritz Ski School","article_modified_time":"2025-05-02T06:46:07+00:00","twitter_card":"summary_large_image","twitter_misc":{"Tempo di lettura stimato":"3 minuti"},"schema":{"@context":"https:\/\/schema.org","@graph":[{"@type":"WebPage","@id":"https:\/\/www.passionski.ch\/bedingungen\/","url":"https:\/\/www.passionski.ch\/bedingungen\/","name":"Condizioni - Passion Ski - St. Scuola Sci Moritz","isPartOf":{"@id":"https:\/\/www.passionski.ch\/#website"},"datePublished":"2023-08-29T11:39:24+00:00","dateModified":"2025-05-02T06:46:07+00:00","breadcrumb":{"@id":"https:\/\/www.passionski.ch\/bedingungen\/#breadcrumb"},"inLanguage":"it-IT","potentialAction":[{"@type":"ReadAction","target":["https:\/\/www.passionski.ch\/bedingungen\/"]}]},{"@type":"BreadcrumbList","@id":"https:\/\/www.passionski.ch\/bedingungen\/#breadcrumb","itemListElement":[{"@type":"ListItem","position":1,"name":"Startseite","item":"https:\/\/www.passionski.ch\/"},{"@type":"ListItem","position":2,"name":"Bedingungen"}]},{"@type":"WebSite","@id":"https:\/\/www.passionski.ch\/#website","url":"https:\/\/www.passionski.ch\/","name":"Scuola di sci Passion Ski - St. Moritz","description":"La tua scuola di sport sulla neve","publisher":{"@id":"https:\/\/www.passionski.ch\/#organization"},"potentialAction":[{"@type":"SearchAction","target":{"@type":"EntryPoint","urlTemplate":"https:\/\/www.passionski.ch\/?s={search_term_string}"},"query-input":{"@type":"PropertyValueSpecification","valueRequired":true,"valueName":"search_term_string"}}],"inLanguage":"it-IT"},{"@type":"Organization","@id":"https:\/\/www.passionski.ch\/#organization","name":"PassionSki GmbH","url":"https:\/\/www.passionski.ch\/","logo":{"@type":"ImageObject","inLanguage":"it-IT","@id":"https:\/\/www.passionski.ch\/#\/schema\/logo\/image\/","url":"https:\/\/www.passionski.ch\/wp-content\/uploads\/2016\/07\/LOGO-PASSIONSKI-COLOREOK.png","contentUrl":"https:\/\/www.passionski.ch\/wp-content\/uploads\/2016\/07\/LOGO-PASSIONSKI-COLOREOK.png","width":150,"height":47,"caption":"PassionSki GmbH"},"image":{"@id":"https:\/\/www.passionski.ch\/#\/schema\/logo\/image\/"}}]}},"_links":{"self":[{"href":"https:\/\/www.passionski.ch\/it\/wp-json\/wp\/v2\/pages\/7129","targetHints":{"allow":["GET"]}}],"collection":[{"href":"https:\/\/www.passionski.ch\/it\/wp-json\/wp\/v2\/pages"}],"about":[{"href":"https:\/\/www.passionski.ch\/it\/wp-json\/wp\/v2\/types\/page"}],"author":[{"embeddable":true,"href":"https:\/\/www.passionski.ch\/it\/wp-json\/wp\/v2\/users\/4"}],"replies":[{"embeddable":true,"href":"https:\/\/www.passionski.ch\/it\/wp-json\/wp\/v2\/comments?post=7129"}],"version-history":[{"count":28,"href":"https:\/\/www.passionski.ch\/it\/wp-json\/wp\/v2\/pages\/7129\/revisions"}],"predecessor-version":[{"id":8300,"href":"https:\/\/www.passionski.ch\/it\/wp-json\/wp\/v2\/pages\/7129\/revisions\/8300"}],"wp:attachment":[{"href":"https:\/\/www.passionski.ch\/it\/wp-json\/wp\/v2\/media?parent=7129"}],"wp:term":[{"taxonomy":"category","embeddable":true,"href":"https:\/\/www.passionski.ch\/it\/wp-json\/wp\/v2\/categories?post=7129"},{"taxonomy":"post_tag","embeddable":true,"href":"https:\/\/www.passionski.ch\/it\/wp-json\/wp\/v2\/tags?post=7129"}],"curies":[{"name":"wp","href":"https:\/\/api.w.org\/{rel}","templated":true}]}}