{"id":5526,"date":"2020-10-13T15:41:06","date_gmt":"2020-10-13T13:41:06","guid":{"rendered":"https:\/\/www.passionski.ch\/?page_id=5526"},"modified":"2020-10-26T10:15:19","modified_gmt":"2020-10-26T08:15:19","slug":"bambini","status":"publish","type":"page","link":"https:\/\/www.passionski.ch\/it\/bambini\/","title":{"rendered":"Bambini"},"content":{"rendered":"<div data-elementor-type=\"wp-page\" data-elementor-id=\"5526\" class=\"elementor elementor-5526\" data-elementor-post-type=\"page\">\n\t\t\t\t\t\t<section class=\"elementor-section elementor-top-section elementor-element elementor-element-c930c87 elementor-section-boxed elementor-section-height-default elementor-section-height-default\" data-id=\"c930c87\" data-element_type=\"section\">\n\t\t\t\t\t\t<div class=\"elementor-container elementor-column-gap-no\">\n\t\t\t\t\t<div class=\"elementor-column elementor-col-100 elementor-top-column elementor-element elementor-element-7855409\" data-id=\"7855409\" data-element_type=\"column\">\n\t\t\t<div class=\"elementor-widget-wrap elementor-element-populated\">\n\t\t\t\t\t\t<div class=\"elementor-element elementor-element-ec97deb elementor-widget elementor-widget-heading\" data-id=\"ec97deb\" data-element_type=\"widget\" data-widget_type=\"heading.default\">\n\t\t\t\t<div class=\"elementor-widget-container\">\n\t\t\t\t\t<h2 class=\"elementor-heading-title elementor-size-default\">Bambini<\/h2>\t\t\t\t<\/div>\n\t\t\t\t<\/div>\n\t\t\t\t\t<\/div>\n\t\t<\/div>\n\t\t\t\t\t<\/div>\n\t\t<\/section>\n\t\t\t\t<section class=\"elementor-section elementor-top-section elementor-element elementor-element-6a4d5f0 elementor-section-boxed elementor-section-height-default elementor-section-height-default\" data-id=\"6a4d5f0\" data-element_type=\"section\">\n\t\t\t\t\t\t<div class=\"elementor-container elementor-column-gap-no\">\n\t\t\t\t\t<div class=\"elementor-column elementor-col-100 elementor-top-column elementor-element elementor-element-3cdcf8a\" data-id=\"3cdcf8a\" data-element_type=\"column\">\n\t\t\t<div class=\"elementor-widget-wrap elementor-element-populated\">\n\t\t\t\t\t\t<div class=\"elementor-element elementor-element-f5d48f4 elementor-widget elementor-widget-image\" data-id=\"f5d48f4\" data-element_type=\"widget\" data-widget_type=\"image.default\">\n\t\t\t\t<div class=\"elementor-widget-container\">\n\t\t\t\t\t\t\t\t\t\t\t\t\t\t\t<img fetchpriority=\"high\" decoding=\"async\" width=\"1920\" height=\"800\" src=\"https:\/\/www.passionski.ch\/wp-content\/uploads\/2020\/10\/passion-ski_Kinder.jpg\" class=\"attachment-full size-full wp-image-5807\" alt=\"\" srcset=\"https:\/\/www.passionski.ch\/wp-content\/uploads\/2020\/10\/passion-ski_Kinder.jpg 1920w, https:\/\/www.passionski.ch\/wp-content\/uploads\/2020\/10\/passion-ski_Kinder-300x125.jpg 300w, https:\/\/www.passionski.ch\/wp-content\/uploads\/2020\/10\/passion-ski_Kinder-1024x427.jpg 1024w, https:\/\/www.passionski.ch\/wp-content\/uploads\/2020\/10\/passion-ski_Kinder-768x320.jpg 768w, https:\/\/www.passionski.ch\/wp-content\/uploads\/2020\/10\/passion-ski_Kinder-1536x640.jpg 1536w, https:\/\/www.passionski.ch\/wp-content\/uploads\/2020\/10\/passion-ski_Kinder-16x7.jpg 16w, https:\/\/www.passionski.ch\/wp-content\/uploads\/2020\/10\/passion-ski_Kinder-1080x450.jpg 1080w, https:\/\/www.passionski.ch\/wp-content\/uploads\/2020\/10\/passion-ski_Kinder-700x292.jpg 700w\" sizes=\"(max-width: 1920px) 100vw, 1920px\" \/>\t\t\t\t\t\t\t\t\t\t\t\t\t\t\t<\/div>\n\t\t\t\t<\/div>\n\t\t\t\t\t<\/div>\n\t\t<\/div>\n\t\t\t\t\t<\/div>\n\t\t<\/section>\n\t\t\t\t<section class=\"elementor-section elementor-top-section elementor-element elementor-element-240fdc8 elementor-section-boxed elementor-section-height-default elementor-section-height-default\" data-id=\"240fdc8\" data-element_type=\"section\">\n\t\t\t\t\t\t<div class=\"elementor-container elementor-column-gap-no\">\n\t\t\t\t\t<div class=\"elementor-column elementor-col-50 elementor-top-column elementor-element elementor-element-2fd5f70\" data-id=\"2fd5f70\" data-element_type=\"column\">\n\t\t\t<div class=\"elementor-widget-wrap elementor-element-populated\">\n\t\t\t\t\t\t<div class=\"elementor-element elementor-element-e006e9d elementor-widget elementor-widget-video\" data-id=\"e006e9d\" data-element_type=\"widget\" data-settings=\"{&quot;youtube_url&quot;:&quot;https:\\\/\\\/youtu.be\\\/PZ0OGhgLO1U&quot;,&quot;video_type&quot;:&quot;youtube&quot;,&quot;controls&quot;:&quot;yes&quot;}\" data-widget_type=\"video.default\">\n\t\t\t\t<div class=\"elementor-widget-container\">\n\t\t\t\t\t\t\t<div class=\"elementor-wrapper elementor-open-inline\">\n\t\t\t<div class=\"elementor-video\"><\/div>\t\t<\/div>\n\t\t\t\t\t\t<\/div>\n\t\t\t\t<\/div>\n\t\t\t\t\t<\/div>\n\t\t<\/div>\n\t\t\t\t<div class=\"elementor-column elementor-col-50 elementor-top-column elementor-element elementor-element-709f837\" data-id=\"709f837\" data-element_type=\"column\">\n\t\t\t<div class=\"elementor-widget-wrap elementor-element-populated\">\n\t\t\t\t\t\t<div class=\"elementor-element elementor-element-c4d3d21 elementor-widget elementor-widget-text-editor\" data-id=\"c4d3d21\" data-element_type=\"widget\" data-widget_type=\"text-editor.default\">\n\t\t\t\t<div class=\"elementor-widget-container\">\n\t\t\t\t\t\t\t\t\t<p>Sono la cosa pi\u00f9 importante per te, quindi solo il meglio aspetti per i tuoi figli. Un certificato di prestazione alla fine della settimana non \u00e8 importante per noi, ma trasmettere gioia e passione ha la massima priorit\u00e0. Vogliamo divertirci con i tuoi bambini sulla neve, questo \u00e8 ci\u00f2 di cui abbiamo bisogno tempo, neve, buon umore e un maestro di sci appassionato. Questo \u00e8 quello che possiamo garantirvi.<\/p>\t\t\t\t\t\t\t\t<\/div>\n\t\t\t\t<\/div>\n\t\t\t\t<div class=\"elementor-element elementor-element-5c5c9c4 elementor-widget__width-auto elementor-widget elementor-widget-button\" data-id=\"5c5c9c4\" data-element_type=\"widget\" data-widget_type=\"button.default\">\n\t\t\t\t<div class=\"elementor-widget-container\">\n\t\t\t\t\t\t\t\t\t<div class=\"elementor-button-wrapper\">\n\t\t\t\t\t<a class=\"elementor-button elementor-button-link elementor-size-sm\" href=\"https:\/\/www.passionski.ch\/it\/richiesta\/\">\n\t\t\t\t\t\t<span class=\"elementor-button-content-wrapper\">\n\t\t\t\t\t\t\t\t\t<span class=\"elementor-button-text\">Richiesta<\/span>\n\t\t\t\t\t<\/span>\n\t\t\t\t\t<\/a>\n\t\t\t\t<\/div>\n\t\t\t\t\t\t\t\t<\/div>\n\t\t\t\t<\/div>\n\t\t\t\t<div class=\"elementor-element elementor-element-638b446 elementor-widget__width-auto elementor-widget elementor-widget-button\" data-id=\"638b446\" data-element_type=\"widget\" data-widget_type=\"button.default\">\n\t\t\t\t<div class=\"elementor-widget-container\">\n\t\t\t\t\t\t\t\t\t<div class=\"elementor-button-wrapper\">\n\t\t\t\t\t<a class=\"elementor-button elementor-button-link elementor-size-sm\" href=\"https:\/\/www.checkyeti.com\/en\/p\/16\/passionski?sourceId=provider-website&#038;referralId=passionski&#038;utm_source=partner&#038;utm_medium=provider-website&#038;utm_campaign=passionski&#038;vertical=winter\" target=\"_blank\">\n\t\t\t\t\t\t<span class=\"elementor-button-content-wrapper\">\n\t\t\t\t\t\t\t\t\t<span class=\"elementor-button-text\">Prenotare<\/span>\n\t\t\t\t\t<\/span>\n\t\t\t\t\t<\/a>\n\t\t\t\t<\/div>\n\t\t\t\t\t\t\t\t<\/div>\n\t\t\t\t<\/div>\n\t\t\t\t\t<\/div>\n\t\t<\/div>\n\t\t\t\t\t<\/div>\n\t\t<\/section>\n\t\t\t\t<section class=\"elementor-section elementor-top-section elementor-element elementor-element-ca9e9aa elementor-section-boxed elementor-section-height-default elementor-section-height-default\" data-id=\"ca9e9aa\" data-element_type=\"section\">\n\t\t\t\t\t\t<div class=\"elementor-container elementor-column-gap-no\">\n\t\t\t\t\t<div class=\"elementor-column elementor-col-100 elementor-top-column elementor-element elementor-element-88314b7\" data-id=\"88314b7\" data-element_type=\"column\">\n\t\t\t<div class=\"elementor-widget-wrap elementor-element-populated\">\n\t\t\t\t\t\t\t<\/div>\n\t\t<\/div>\n\t\t\t\t\t<\/div>\n\t\t<\/section>\n\t\t\t\t<\/div>","protected":false},"excerpt":{"rendered":"<p>Bambini https:\/\/youtu.be\/PZ0OGhgLO1U Tu sei la cosa pi\u00f9 importante per te, ecco perch\u00e9 solo il meglio \u00e8 abbastanza per i tuoi figli. La prova della prestazione alla fine della settimana per noi non \u00e8 importante, ma trasmettere gioia e passione ha la massima priorit\u00e0. Vogliamo divertitevi sulla neve con i vostri bambini, per questo abbiamo bisogno di tempo, neve, buon umore e [\u2026]<\/p>","protected":false},"author":4,"featured_media":0,"parent":0,"menu_order":0,"comment_status":"closed","ping_status":"closed","template":"","meta":{"site-sidebar-layout":"no-sidebar","site-content-layout":"page-builder","ast-site-content-layout":"","site-content-style":"default","site-sidebar-style":"default","ast-global-header-display":"","ast-banner-title-visibility":"","ast-main-header-display":"","ast-hfb-above-header-display":"","ast-hfb-below-header-display":"","ast-hfb-mobile-header-display":"","site-post-title":"disabled","ast-breadcrumbs-content":"","ast-featured-img":"disabled","footer-sml-layout":"","theme-transparent-header-meta":"default","adv-header-id-meta":"","stick-header-meta":"","header-above-stick-meta":"","header-main-stick-meta":"","header-below-stick-meta":"","astra-migrate-meta-layouts":"default","ast-page-background-enabled":"default","ast-page-background-meta":{"desktop":{"background-color":"","background-image":"","background-repeat":"repeat","background-position":"center center","background-size":"auto","background-attachment":"scroll","background-type":"","background-media":"","overlay-type":"","overlay-color":"","overlay-opacity":"","overlay-gradient":""},"tablet":{"background-color":"","background-image":"","background-repeat":"repeat","background-position":"center center","background-size":"auto","background-attachment":"scroll","background-type":"","background-media":"","overlay-type":"","overlay-color":"","overlay-opacity":"","overlay-gradient":""},"mobile":{"background-color":"","background-image":"","background-repeat":"repeat","background-position":"center center","background-size":"auto","background-attachment":"scroll","background-type":"","background-media":"","overlay-type":"","overlay-color":"","overlay-opacity":"","overlay-gradient":""}},"ast-content-background-meta":{"desktop":{"background-color":"var(--ast-global-color-5)","background-image":"","background-repeat":"repeat","background-position":"center center","background-size":"auto","background-attachment":"scroll","background-type":"","background-media":"","overlay-type":"","overlay-color":"","overlay-opacity":"","overlay-gradient":""},"tablet":{"background-color":"var(--ast-global-color-5)","background-image":"","background-repeat":"repeat","background-position":"center center","background-size":"auto","background-attachment":"scroll","background-type":"","background-media":"","overlay-type":"","overlay-color":"","overlay-opacity":"","overlay-gradient":""},"mobile":{"background-color":"var(--ast-global-color-5)","background-image":"","background-repeat":"repeat","background-position":"center center","background-size":"auto","background-attachment":"scroll","background-type":"","background-media":"","overlay-type":"","overlay-color":"","overlay-opacity":"","overlay-gradient":""}},"footnotes":""},"categories":[],"tags":[],"class_list":["post-5526","page","type-page","status-publish","hentry"],"yoast_head":"<!-- This site is optimized with the Yoast SEO plugin v26.7 - https:\/\/yoast.com\/wordpress\/plugins\/seo\/ -->\n<title>Kinder - Passion Ski - St. Moritz Ski School<\/title>\n<meta name=\"robots\" content=\"index, follow, max-snippet:-1, max-image-preview:large, max-video-preview:-1\" \/>\n<link rel=\"canonical\" href=\"https:\/\/www.passionski.ch\/it\/bambini\/\" \/>\n<meta property=\"og:locale\" content=\"it_IT\" \/>\n<meta property=\"og:type\" content=\"article\" \/>\n<meta property=\"og:title\" content=\"Kinder - Passion Ski - St. Moritz Ski School\" \/>\n<meta property=\"og:description\" content=\"Kinder https:\/\/youtu.be\/PZ0OGhgLO1U Sie sind f\u00fcr Sie das Wichtigste, deswegen ist f\u00fcr Ihre Kinder nur das Beste gut genug. Ein Leistungsnachweis Ende der Woche ist f\u00fcr uns unwichtig, die Vermittlung von Freude und Leidenschaft hat aber h\u00f6chste Priorit\u00e4t. Wir wollen mit Ihren Kindern Spass im Schnee erleben, daf\u00fcr ben\u00f6tigen wir Zeit, Schnee, gute Laune und einen [&hellip;]\" \/>\n<meta property=\"og:url\" content=\"https:\/\/www.passionski.ch\/it\/bambini\/\" \/>\n<meta property=\"og:site_name\" content=\"Passion Ski - St. Moritz Ski School\" \/>\n<meta property=\"article:modified_time\" content=\"2020-10-26T08:15:19+00:00\" \/>\n<meta property=\"og:image\" content=\"https:\/\/www.passionski.ch\/wp-content\/uploads\/2020\/10\/passion-ski_Kinder.jpg\" \/>\n<meta name=\"twitter:card\" content=\"summary_large_image\" \/>\n<script type=\"application\/ld+json\" class=\"yoast-schema-graph\">{\"@context\":\"https:\/\/schema.org\",\"@graph\":[{\"@type\":\"WebPage\",\"@id\":\"https:\/\/www.passionski.ch\/kinder\/\",\"url\":\"https:\/\/www.passionski.ch\/kinder\/\",\"name\":\"Kinder - Passion Ski - St. Moritz Ski School\",\"isPartOf\":{\"@id\":\"https:\/\/www.passionski.ch\/#website\"},\"primaryImageOfPage\":{\"@id\":\"https:\/\/www.passionski.ch\/kinder\/#primaryimage\"},\"image\":{\"@id\":\"https:\/\/www.passionski.ch\/kinder\/#primaryimage\"},\"thumbnailUrl\":\"https:\/\/www.passionski.ch\/wp-content\/uploads\/2020\/10\/passion-ski_Kinder.jpg\",\"datePublished\":\"2020-10-13T13:41:06+00:00\",\"dateModified\":\"2020-10-26T08:15:19+00:00\",\"breadcrumb\":{\"@id\":\"https:\/\/www.passionski.ch\/kinder\/#breadcrumb\"},\"inLanguage\":\"it-IT\",\"potentialAction\":[{\"@type\":\"ReadAction\",\"target\":[\"https:\/\/www.passionski.ch\/kinder\/\"]}]},{\"@type\":\"ImageObject\",\"inLanguage\":\"it-IT\",\"@id\":\"https:\/\/www.passionski.ch\/kinder\/#primaryimage\",\"url\":\"https:\/\/www.passionski.ch\/wp-content\/uploads\/2020\/10\/passion-ski_Kinder.jpg\",\"contentUrl\":\"https:\/\/www.passionski.ch\/wp-content\/uploads\/2020\/10\/passion-ski_Kinder.jpg\"},{\"@type\":\"BreadcrumbList\",\"@id\":\"https:\/\/www.passionski.ch\/kinder\/#breadcrumb\",\"itemListElement\":[{\"@type\":\"ListItem\",\"position\":1,\"name\":\"Startseite\",\"item\":\"https:\/\/www.passionski.ch\/\"},{\"@type\":\"ListItem\",\"position\":2,\"name\":\"Kinder\"}]},{\"@type\":\"WebSite\",\"@id\":\"https:\/\/www.passionski.ch\/#website\",\"url\":\"https:\/\/www.passionski.ch\/\",\"name\":\"Passion Ski - St. Moritz Ski School\",\"description\":\"Your snow sports school\",\"publisher\":{\"@id\":\"https:\/\/www.passionski.ch\/#organization\"},\"potentialAction\":[{\"@type\":\"SearchAction\",\"target\":{\"@type\":\"EntryPoint\",\"urlTemplate\":\"https:\/\/www.passionski.ch\/?s={search_term_string}\"},\"query-input\":{\"@type\":\"PropertyValueSpecification\",\"valueRequired\":true,\"valueName\":\"search_term_string\"}}],\"inLanguage\":\"it-IT\"},{\"@type\":\"Organization\",\"@id\":\"https:\/\/www.passionski.ch\/#organization\",\"name\":\"PassionSki GmbH\",\"url\":\"https:\/\/www.passionski.ch\/\",\"logo\":{\"@type\":\"ImageObject\",\"inLanguage\":\"it-IT\",\"@id\":\"https:\/\/www.passionski.ch\/#\/schema\/logo\/image\/\",\"url\":\"https:\/\/www.passionski.ch\/wp-content\/uploads\/2016\/07\/LOGO-PASSIONSKI-COLOREOK.png\",\"contentUrl\":\"https:\/\/www.passionski.ch\/wp-content\/uploads\/2016\/07\/LOGO-PASSIONSKI-COLOREOK.png\",\"width\":150,\"height\":47,\"caption\":\"PassionSki GmbH\"},\"image\":{\"@id\":\"https:\/\/www.passionski.ch\/#\/schema\/logo\/image\/\"}}]}<\/script>\n<!-- \/ Yoast SEO plugin. -->","yoast_head_json":{"title":"Bambini - Passion Ski - St. Moritz Ski School","robots":{"index":"index","follow":"follow","max-snippet":"max-snippet:-1","max-image-preview":"max-image-preview:large","max-video-preview":"max-video-preview:-1"},"canonical":"https:\/\/www.passionski.ch\/it\/bambini\/","og_locale":"it_IT","og_type":"article","og_title":"Kinder - Passion Ski - St. Moritz Ski School","og_description":"Kinder https:\/\/youtu.be\/PZ0OGhgLO1U Sie sind f\u00fcr Sie das Wichtigste, deswegen ist f\u00fcr Ihre Kinder nur das Beste gut genug. Ein Leistungsnachweis Ende der Woche ist f\u00fcr uns unwichtig, die Vermittlung von Freude und Leidenschaft hat aber h\u00f6chste Priorit\u00e4t. Wir wollen mit Ihren Kindern Spass im Schnee erleben, daf\u00fcr ben\u00f6tigen wir Zeit, Schnee, gute Laune und einen [&hellip;]","og_url":"https:\/\/www.passionski.ch\/it\/bambini\/","og_site_name":"Passion Ski - St. Moritz Ski School","article_modified_time":"2020-10-26T08:15:19+00:00","og_image":[{"url":"https:\/\/www.passionski.ch\/wp-content\/uploads\/2020\/10\/passion-ski_Kinder.jpg","type":"","width":"","height":""}],"twitter_card":"summary_large_image","schema":{"@context":"https:\/\/schema.org","@graph":[{"@type":"WebPage","@id":"https:\/\/www.passionski.ch\/kinder\/","url":"https:\/\/www.passionski.ch\/kinder\/","name":"Bambini - Passion Ski - St. Moritz Ski School","isPartOf":{"@id":"https:\/\/www.passionski.ch\/#website"},"primaryImageOfPage":{"@id":"https:\/\/www.passionski.ch\/kinder\/#primaryimage"},"image":{"@id":"https:\/\/www.passionski.ch\/kinder\/#primaryimage"},"thumbnailUrl":"https:\/\/www.passionski.ch\/wp-content\/uploads\/2020\/10\/passion-ski_Kinder.jpg","datePublished":"2020-10-13T13:41:06+00:00","dateModified":"2020-10-26T08:15:19+00:00","breadcrumb":{"@id":"https:\/\/www.passionski.ch\/kinder\/#breadcrumb"},"inLanguage":"it-IT","potentialAction":[{"@type":"ReadAction","target":["https:\/\/www.passionski.ch\/kinder\/"]}]},{"@type":"ImageObject","inLanguage":"it-IT","@id":"https:\/\/www.passionski.ch\/kinder\/#primaryimage","url":"https:\/\/www.passionski.ch\/wp-content\/uploads\/2020\/10\/passion-ski_Kinder.jpg","contentUrl":"https:\/\/www.passionski.ch\/wp-content\/uploads\/2020\/10\/passion-ski_Kinder.jpg"},{"@type":"BreadcrumbList","@id":"https:\/\/www.passionski.ch\/kinder\/#breadcrumb","itemListElement":[{"@type":"ListItem","position":1,"name":"Startseite","item":"https:\/\/www.passionski.ch\/"},{"@type":"ListItem","position":2,"name":"Kinder"}]},{"@type":"WebSite","@id":"https:\/\/www.passionski.ch\/#website","url":"https:\/\/www.passionski.ch\/","name":"Scuola di sci Passion Ski - St. Moritz","description":"La tua scuola di sport sulla neve","publisher":{"@id":"https:\/\/www.passionski.ch\/#organization"},"potentialAction":[{"@type":"SearchAction","target":{"@type":"EntryPoint","urlTemplate":"https:\/\/www.passionski.ch\/?s={search_term_string}"},"query-input":{"@type":"PropertyValueSpecification","valueRequired":true,"valueName":"search_term_string"}}],"inLanguage":"it-IT"},{"@type":"Organization","@id":"https:\/\/www.passionski.ch\/#organization","name":"PassionSki GmbH","url":"https:\/\/www.passionski.ch\/","logo":{"@type":"ImageObject","inLanguage":"it-IT","@id":"https:\/\/www.passionski.ch\/#\/schema\/logo\/image\/","url":"https:\/\/www.passionski.ch\/wp-content\/uploads\/2016\/07\/LOGO-PASSIONSKI-COLOREOK.png","contentUrl":"https:\/\/www.passionski.ch\/wp-content\/uploads\/2016\/07\/LOGO-PASSIONSKI-COLOREOK.png","width":150,"height":47,"caption":"PassionSki GmbH"},"image":{"@id":"https:\/\/www.passionski.ch\/#\/schema\/logo\/image\/"}}]}},"_links":{"self":[{"href":"https:\/\/www.passionski.ch\/it\/wp-json\/wp\/v2\/pages\/5526","targetHints":{"allow":["GET"]}}],"collection":[{"href":"https:\/\/www.passionski.ch\/it\/wp-json\/wp\/v2\/pages"}],"about":[{"href":"https:\/\/www.passionski.ch\/it\/wp-json\/wp\/v2\/types\/page"}],"author":[{"embeddable":true,"href":"https:\/\/www.passionski.ch\/it\/wp-json\/wp\/v2\/users\/4"}],"replies":[{"embeddable":true,"href":"https:\/\/www.passionski.ch\/it\/wp-json\/wp\/v2\/comments?post=5526"}],"version-history":[{"count":10,"href":"https:\/\/www.passionski.ch\/it\/wp-json\/wp\/v2\/pages\/5526\/revisions"}],"predecessor-version":[{"id":6040,"href":"https:\/\/www.passionski.ch\/it\/wp-json\/wp\/v2\/pages\/5526\/revisions\/6040"}],"wp:attachment":[{"href":"https:\/\/www.passionski.ch\/it\/wp-json\/wp\/v2\/media?parent=5526"}],"wp:term":[{"taxonomy":"category","embeddable":true,"href":"https:\/\/www.passionski.ch\/it\/wp-json\/wp\/v2\/categories?post=5526"},{"taxonomy":"post_tag","embeddable":true,"href":"https:\/\/www.passionski.ch\/it\/wp-json\/wp\/v2\/tags?post=5526"}],"curies":[{"name":"wp","href":"https:\/\/api.w.org\/{rel}","templated":true}]}}