{"id":5408,"date":"2020-10-13T11:26:25","date_gmt":"2020-10-13T09:26:25","guid":{"rendered":"https:\/\/www.passionski.ch\/?page_id=5408"},"modified":"2025-10-27T10:08:04","modified_gmt":"2025-10-27T09:08:04","slug":"lucia-arcagni","status":"publish","type":"page","link":"https:\/\/www.passionski.ch\/it\/squadra\/lucia-arcagni\/","title":{"rendered":"Lucia Arcagni"},"content":{"rendered":"<div data-elementor-type=\"wp-page\" data-elementor-id=\"5408\" class=\"elementor elementor-5408\" data-elementor-post-type=\"page\">\n\t\t\t\t\t\t<section class=\"elementor-section elementor-top-section elementor-element elementor-element-41ef579 elementor-section-boxed elementor-section-height-default elementor-section-height-default\" data-id=\"41ef579\" data-element_type=\"section\">\n\t\t\t\t\t\t<div class=\"elementor-container elementor-column-gap-no\">\n\t\t\t\t\t<div class=\"elementor-column elementor-col-100 elementor-top-column elementor-element elementor-element-11a802d\" data-id=\"11a802d\" data-element_type=\"column\">\n\t\t\t<div class=\"elementor-widget-wrap elementor-element-populated\">\n\t\t\t\t\t\t<div class=\"elementor-element elementor-element-b0260bc elementor-widget elementor-widget-heading\" data-id=\"b0260bc\" data-element_type=\"widget\" data-widget_type=\"heading.default\">\n\t\t\t\t<div class=\"elementor-widget-container\">\n\t\t\t\t\t<h2 class=\"elementor-heading-title elementor-size-default\">Lucia Arcagni<\/h2>\t\t\t\t<\/div>\n\t\t\t\t<\/div>\n\t\t\t\t<div class=\"elementor-element elementor-element-a27a660 elementor-widget elementor-widget-heading\" data-id=\"a27a660\" data-element_type=\"widget\" data-widget_type=\"heading.default\">\n\t\t\t\t<div class=\"elementor-widget-container\">\n\t\t\t\t\t<h6 class=\"elementor-heading-title elementor-size-default\"><a href=\"https:\/\/www.passionski.ch\/it\/c\/istruttore-di-sport-sulla-neve-in\/\" rel=\"tag\">Istruttore di sport sulla neve<\/a><\/h6>\t\t\t\t<\/div>\n\t\t\t\t<\/div>\n\t\t\t\t\t<\/div>\n\t\t<\/div>\n\t\t\t\t\t<\/div>\n\t\t<\/section>\n\t\t\t\t<section class=\"elementor-section elementor-top-section elementor-element elementor-element-65319e9 elementor-section-boxed elementor-section-height-default elementor-section-height-default\" data-id=\"65319e9\" data-element_type=\"section\">\n\t\t\t\t\t\t<div class=\"elementor-container elementor-column-gap-no\">\n\t\t\t\t\t<div class=\"elementor-column elementor-col-50 elementor-top-column elementor-element elementor-element-911896f\" data-id=\"911896f\" data-element_type=\"column\">\n\t\t\t<div class=\"elementor-widget-wrap elementor-element-populated\">\n\t\t\t\t\t\t<div class=\"elementor-element elementor-element-ece6a35 elementor-widget elementor-widget-theme-post-featured-image elementor-widget-image\" data-id=\"ece6a35\" data-element_type=\"widget\" data-widget_type=\"theme-post-featured-image.default\">\n\t\t\t\t<div class=\"elementor-widget-container\">\n\t\t\t\t\t\t\t\t\t\t\t\t\t\t\t<img fetchpriority=\"high\" decoding=\"async\" width=\"900\" height=\"900\" src=\"https:\/\/www.passionski.ch\/wp-content\/uploads\/2024\/12\/Team_Lucia-Arcagni.jpg\" class=\"attachment-full size-full wp-image-8172\" alt=\"\" srcset=\"https:\/\/www.passionski.ch\/wp-content\/uploads\/2024\/12\/Team_Lucia-Arcagni.jpg 900w, https:\/\/www.passionski.ch\/wp-content\/uploads\/2024\/12\/Team_Lucia-Arcagni-300x300.jpg 300w, https:\/\/www.passionski.ch\/wp-content\/uploads\/2024\/12\/Team_Lucia-Arcagni-150x150.jpg 150w, https:\/\/www.passionski.ch\/wp-content\/uploads\/2024\/12\/Team_Lucia-Arcagni-768x768.jpg 768w, https:\/\/www.passionski.ch\/wp-content\/uploads\/2024\/12\/Team_Lucia-Arcagni-12x12.jpg 12w, https:\/\/www.passionski.ch\/wp-content\/uploads\/2024\/12\/Team_Lucia-Arcagni-700x700.jpg 700w, https:\/\/www.passionski.ch\/wp-content\/uploads\/2024\/12\/Team_Lucia-Arcagni-400x400.jpg 400w\" sizes=\"(max-width: 900px) 100vw, 900px\" \/>\t\t\t\t\t\t\t\t\t\t\t\t\t\t\t<\/div>\n\t\t\t\t<\/div>\n\t\t\t\t\t<\/div>\n\t\t<\/div>\n\t\t\t\t<div class=\"elementor-column elementor-col-50 elementor-top-column elementor-element elementor-element-3bfa46d\" data-id=\"3bfa46d\" data-element_type=\"column\">\n\t\t\t<div class=\"elementor-widget-wrap elementor-element-populated\">\n\t\t\t\t\t\t<div class=\"elementor-element elementor-element-d0503e5 elementor-widget elementor-widget-text-editor\" data-id=\"d0503e5\" data-element_type=\"widget\" data-widget_type=\"text-editor.default\">\n\t\t\t\t<div class=\"elementor-widget-container\">\n\t\t\t\t\t\t\t\t\t<p>\u00abTrova un lavoro che ami e non dovrai mai lavorare nella tua vita\u00bb<\/p><p>Sono cresciuto in un piccolo villaggio della Patagonia (Argentina), circondato da montagne, laghi e foreste. Mio padre ei miei fratelli hanno avuto una grande influenza su di me, oggi la montagna significa per me rispetto e passione. Ho potuto imparare a sciare molto presto e il Fare sport sulla neve con la mia famiglia. Alla fine siamo diventati tutti maestri di sci.<\/p><p>La mia prima esperienza come maestro di sci \u00e8 stata in Andorra quando avevo 21 anni . 6 anni, quindi ho trascorso 12 stagioni ciascuna in Andorra e Patagonia, insegnando agli ospiti di tutto il mondo a sciare . Quindi ho potuto fare due cose che amo, Combinazione perfetta: insegnamento e viaggio. La famosa e bellissima destinazione Engadin \u2013 St. Moritz \u00e8 stata la prossima scoperta. Mi sono innamorato dell&#039;alta valle unica e della sua cultura della neve.<\/p><p>Per fortuna ho trovato la scuola di sci PassionSki a conduzione familiare e l\u00ec mi sono sentito subito a casa. Condividiamo molti valori comuni, come la passione. Mi sembrava di aver trovato il mio posto in Engadin. Sono passati sette anni e un sogno si \u00e8 avverato. Dopo pi\u00f9 di 20 Stagioni sulla neve, la mia gioia di sciare e insegnare rimane invariata.<\/p><p>Sono l\u00ec per te o la tua famiglia, che sia sulla neve o per trovare informazioni utili sull&#039;Engadin. Ho sempre un buon consiglio per te, perch\u00e9 l&#039;Engadina ha tanto da offrire. Parlo spagnolo, inglese e italiano. fluentemente<\/p>\t\t\t\t\t\t\t\t<\/div>\n\t\t\t\t<\/div>\n\t\t\t\t<div class=\"elementor-element elementor-element-ffc4442 elementor-widget__width-auto elementor-widget elementor-widget-button\" data-id=\"ffc4442\" data-element_type=\"widget\" data-widget_type=\"button.default\">\n\t\t\t\t<div class=\"elementor-widget-container\">\n\t\t\t\t\t\t\t\t\t<div class=\"elementor-button-wrapper\">\n\t\t\t\t\t<a class=\"elementor-button elementor-button-link elementor-size-sm\" href=\"https:\/\/www.facebook.com\/lulyarcagni\" target=\"_blank\">\n\t\t\t\t\t\t<span class=\"elementor-button-content-wrapper\">\n\t\t\t\t\t\t\t\t\t<span class=\"elementor-button-text\">Facebook<\/span>\n\t\t\t\t\t<\/span>\n\t\t\t\t\t<\/a>\n\t\t\t\t<\/div>\n\t\t\t\t\t\t\t\t<\/div>\n\t\t\t\t<\/div>\n\t\t\t\t<div class=\"elementor-element elementor-element-8219f22 elementor-widget__width-auto elementor-widget elementor-widget-button\" data-id=\"8219f22\" data-element_type=\"widget\" data-widget_type=\"button.default\">\n\t\t\t\t<div class=\"elementor-widget-container\">\n\t\t\t\t\t\t\t\t\t<div class=\"elementor-button-wrapper\">\n\t\t\t\t\t<a class=\"elementor-button elementor-button-link elementor-size-sm\" href=\"mailto:lulyarcagni@hotmail.com\">\n\t\t\t\t\t\t<span class=\"elementor-button-content-wrapper\">\n\t\t\t\t\t\t\t\t\t<span class=\"elementor-button-text\">E-Mail<\/span>\n\t\t\t\t\t<\/span>\n\t\t\t\t\t<\/a>\n\t\t\t\t<\/div>\n\t\t\t\t\t\t\t\t<\/div>\n\t\t\t\t<\/div>\n\t\t\t\t\t<\/div>\n\t\t<\/div>\n\t\t\t\t\t<\/div>\n\t\t<\/section>\n\t\t\t\t<\/div>","protected":false},"excerpt":{"rendered":"<p>\u00abScegli un lavoro che ami e non dovrai mai lavorare in vita tua\u00bb Sono cresciuto in un piccolo villaggio della Patagonia (Argentina), circondato da montagne, laghi e foreste. Mio padre e i miei fratelli hanno avuto una grande influenza su di me , oggi per me la montagna significa rispetto e passione. Molto [\u2026]<\/p>","protected":false},"author":4,"featured_media":8172,"parent":5369,"menu_order":0,"comment_status":"closed","ping_status":"closed","template":"","meta":{"site-sidebar-layout":"no-sidebar","site-content-layout":"page-builder","ast-site-content-layout":"","site-content-style":"default","site-sidebar-style":"default","ast-global-header-display":"","ast-banner-title-visibility":"","ast-main-header-display":"","ast-hfb-above-header-display":"","ast-hfb-below-header-display":"","ast-hfb-mobile-header-display":"","site-post-title":"disabled","ast-breadcrumbs-content":"","ast-featured-img":"disabled","footer-sml-layout":"","theme-transparent-header-meta":"default","adv-header-id-meta":"","stick-header-meta":"","header-above-stick-meta":"","header-main-stick-meta":"","header-below-stick-meta":"","astra-migrate-meta-layouts":"default","ast-page-background-enabled":"default","ast-page-background-meta":{"desktop":{"background-color":"","background-image":"","background-repeat":"repeat","background-position":"center center","background-size":"auto","background-attachment":"scroll","background-type":"","background-media":"","overlay-type":"","overlay-color":"","overlay-opacity":"","overlay-gradient":""},"tablet":{"background-color":"","background-image":"","background-repeat":"repeat","background-position":"center center","background-size":"auto","background-attachment":"scroll","background-type":"","background-media":"","overlay-type":"","overlay-color":"","overlay-opacity":"","overlay-gradient":""},"mobile":{"background-color":"","background-image":"","background-repeat":"repeat","background-position":"center center","background-size":"auto","background-attachment":"scroll","background-type":"","background-media":"","overlay-type":"","overlay-color":"","overlay-opacity":"","overlay-gradient":""}},"ast-content-background-meta":{"desktop":{"background-color":"var(--ast-global-color-5)","background-image":"","background-repeat":"repeat","background-position":"center center","background-size":"auto","background-attachment":"scroll","background-type":"","background-media":"","overlay-type":"","overlay-color":"","overlay-opacity":"","overlay-gradient":""},"tablet":{"background-color":"var(--ast-global-color-5)","background-image":"","background-repeat":"repeat","background-position":"center center","background-size":"auto","background-attachment":"scroll","background-type":"","background-media":"","overlay-type":"","overlay-color":"","overlay-opacity":"","overlay-gradient":""},"mobile":{"background-color":"var(--ast-global-color-5)","background-image":"","background-repeat":"repeat","background-position":"center center","background-size":"auto","background-attachment":"scroll","background-type":"","background-media":"","overlay-type":"","overlay-color":"","overlay-opacity":"","overlay-gradient":""}},"footnotes":""},"categories":[20],"tags":[],"class_list":["post-5408","page","type-page","status-publish","has-post-thumbnail","hentry","category-schneesportlehrer-in"],"yoast_head":"<!-- This site is optimized with the Yoast SEO plugin v26.7 - https:\/\/yoast.com\/wordpress\/plugins\/seo\/ -->\n<title>Lucia Arcagni - Passion Ski - St. Moritz Ski School<\/title>\n<meta name=\"robots\" content=\"index, follow, max-snippet:-1, max-image-preview:large, max-video-preview:-1\" \/>\n<link rel=\"canonical\" href=\"https:\/\/www.passionski.ch\/it\/squadra\/lucia-arcagni\/\" \/>\n<meta property=\"og:locale\" content=\"it_IT\" \/>\n<meta property=\"og:type\" content=\"article\" \/>\n<meta property=\"og:title\" content=\"Lucia Arcagni - Passion Ski - St. Moritz Ski School\" \/>\n<meta property=\"og:description\" content=\"&#171;Suche Dir einen Job den du liebst aus und du wirst in deinem Leben nie arbeiten m\u00fcssen&#187; Ich bin in einem kleinen Dorf in Patagonien (Argentinien) aufgewachsen, umgeben von Bergen, Seen und W\u00e4ldern. Mein Vater und meine Geschwister haben bei mir einen grossen Einfluss gehabt, heute bedeuten f\u00fcr mich die Bergen Respekt und Leidenschaft. Sehr [&hellip;]\" \/>\n<meta property=\"og:url\" content=\"https:\/\/www.passionski.ch\/it\/squadra\/lucia-arcagni\/\" \/>\n<meta property=\"og:site_name\" content=\"Passion Ski - St. Moritz Ski School\" \/>\n<meta property=\"article:modified_time\" content=\"2025-10-27T09:08:04+00:00\" \/>\n<meta property=\"og:image\" content=\"https:\/\/www.passionski.ch\/wp-content\/uploads\/2024\/12\/Team_Lucia-Arcagni.jpg\" \/>\n\t<meta property=\"og:image:width\" content=\"900\" \/>\n\t<meta property=\"og:image:height\" content=\"900\" \/>\n\t<meta property=\"og:image:type\" content=\"image\/jpeg\" \/>\n<meta name=\"twitter:card\" content=\"summary_large_image\" \/>\n<meta name=\"twitter:label1\" content=\"Tempo di lettura stimato\" \/>\n\t<meta name=\"twitter:data1\" content=\"2 minuti\" \/>\n<script type=\"application\/ld+json\" class=\"yoast-schema-graph\">{\"@context\":\"https:\/\/schema.org\",\"@graph\":[{\"@type\":\"WebPage\",\"@id\":\"https:\/\/www.passionski.ch\/team\/lucia-arcagni\/\",\"url\":\"https:\/\/www.passionski.ch\/team\/lucia-arcagni\/\",\"name\":\"Lucia Arcagni - Passion Ski - St. Moritz Ski School\",\"isPartOf\":{\"@id\":\"https:\/\/www.passionski.ch\/#website\"},\"primaryImageOfPage\":{\"@id\":\"https:\/\/www.passionski.ch\/team\/lucia-arcagni\/#primaryimage\"},\"image\":{\"@id\":\"https:\/\/www.passionski.ch\/team\/lucia-arcagni\/#primaryimage\"},\"thumbnailUrl\":\"https:\/\/www.passionski.ch\/wp-content\/uploads\/2024\/12\/Team_Lucia-Arcagni.jpg\",\"datePublished\":\"2020-10-13T09:26:25+00:00\",\"dateModified\":\"2025-10-27T09:08:04+00:00\",\"breadcrumb\":{\"@id\":\"https:\/\/www.passionski.ch\/team\/lucia-arcagni\/#breadcrumb\"},\"inLanguage\":\"it-IT\",\"potentialAction\":[{\"@type\":\"ReadAction\",\"target\":[\"https:\/\/www.passionski.ch\/team\/lucia-arcagni\/\"]}]},{\"@type\":\"ImageObject\",\"inLanguage\":\"it-IT\",\"@id\":\"https:\/\/www.passionski.ch\/team\/lucia-arcagni\/#primaryimage\",\"url\":\"https:\/\/www.passionski.ch\/wp-content\/uploads\/2024\/12\/Team_Lucia-Arcagni.jpg\",\"contentUrl\":\"https:\/\/www.passionski.ch\/wp-content\/uploads\/2024\/12\/Team_Lucia-Arcagni.jpg\",\"width\":900,\"height\":900},{\"@type\":\"BreadcrumbList\",\"@id\":\"https:\/\/www.passionski.ch\/team\/lucia-arcagni\/#breadcrumb\",\"itemListElement\":[{\"@type\":\"ListItem\",\"position\":1,\"name\":\"Startseite\",\"item\":\"https:\/\/www.passionski.ch\/\"},{\"@type\":\"ListItem\",\"position\":2,\"name\":\"Team\",\"item\":\"https:\/\/www.passionski.ch\/team\/\"},{\"@type\":\"ListItem\",\"position\":3,\"name\":\"Lucia Arcagni\"}]},{\"@type\":\"WebSite\",\"@id\":\"https:\/\/www.passionski.ch\/#website\",\"url\":\"https:\/\/www.passionski.ch\/\",\"name\":\"Passion Ski - St. Moritz Ski School\",\"description\":\"Your snow sports school\",\"publisher\":{\"@id\":\"https:\/\/www.passionski.ch\/#organization\"},\"potentialAction\":[{\"@type\":\"SearchAction\",\"target\":{\"@type\":\"EntryPoint\",\"urlTemplate\":\"https:\/\/www.passionski.ch\/?s={search_term_string}\"},\"query-input\":{\"@type\":\"PropertyValueSpecification\",\"valueRequired\":true,\"valueName\":\"search_term_string\"}}],\"inLanguage\":\"it-IT\"},{\"@type\":\"Organization\",\"@id\":\"https:\/\/www.passionski.ch\/#organization\",\"name\":\"PassionSki GmbH\",\"url\":\"https:\/\/www.passionski.ch\/\",\"logo\":{\"@type\":\"ImageObject\",\"inLanguage\":\"it-IT\",\"@id\":\"https:\/\/www.passionski.ch\/#\/schema\/logo\/image\/\",\"url\":\"https:\/\/www.passionski.ch\/wp-content\/uploads\/2016\/07\/LOGO-PASSIONSKI-COLOREOK.png\",\"contentUrl\":\"https:\/\/www.passionski.ch\/wp-content\/uploads\/2016\/07\/LOGO-PASSIONSKI-COLOREOK.png\",\"width\":150,\"height\":47,\"caption\":\"PassionSki GmbH\"},\"image\":{\"@id\":\"https:\/\/www.passionski.ch\/#\/schema\/logo\/image\/\"}}]}<\/script>\n<!-- \/ Yoast SEO plugin. -->","yoast_head_json":{"title":"Lucia Arcagni - Passion Ski - St. Moritz Ski School","robots":{"index":"index","follow":"follow","max-snippet":"max-snippet:-1","max-image-preview":"max-image-preview:large","max-video-preview":"max-video-preview:-1"},"canonical":"https:\/\/www.passionski.ch\/it\/squadra\/lucia-arcagni\/","og_locale":"it_IT","og_type":"article","og_title":"Lucia Arcagni - Passion Ski - St. Moritz Ski School","og_description":"&#171;Suche Dir einen Job den du liebst aus und du wirst in deinem Leben nie arbeiten m\u00fcssen&#187; Ich bin in einem kleinen Dorf in Patagonien (Argentinien) aufgewachsen, umgeben von Bergen, Seen und W\u00e4ldern. Mein Vater und meine Geschwister haben bei mir einen grossen Einfluss gehabt, heute bedeuten f\u00fcr mich die Bergen Respekt und Leidenschaft. Sehr [&hellip;]","og_url":"https:\/\/www.passionski.ch\/it\/squadra\/lucia-arcagni\/","og_site_name":"Passion Ski - St. Moritz Ski School","article_modified_time":"2025-10-27T09:08:04+00:00","og_image":[{"width":900,"height":900,"url":"https:\/\/www.passionski.ch\/wp-content\/uploads\/2024\/12\/Team_Lucia-Arcagni.jpg","type":"image\/jpeg"}],"twitter_card":"summary_large_image","twitter_misc":{"Tempo di lettura stimato":"2 minuti"},"schema":{"@context":"https:\/\/schema.org","@graph":[{"@type":"WebPage","@id":"https:\/\/www.passionski.ch\/team\/lucia-arcagni\/","url":"https:\/\/www.passionski.ch\/team\/lucia-arcagni\/","name":"Lucia Arcagni - Passion Ski - St. Moritz Ski School","isPartOf":{"@id":"https:\/\/www.passionski.ch\/#website"},"primaryImageOfPage":{"@id":"https:\/\/www.passionski.ch\/team\/lucia-arcagni\/#primaryimage"},"image":{"@id":"https:\/\/www.passionski.ch\/team\/lucia-arcagni\/#primaryimage"},"thumbnailUrl":"https:\/\/www.passionski.ch\/wp-content\/uploads\/2024\/12\/Team_Lucia-Arcagni.jpg","datePublished":"2020-10-13T09:26:25+00:00","dateModified":"2025-10-27T09:08:04+00:00","breadcrumb":{"@id":"https:\/\/www.passionski.ch\/team\/lucia-arcagni\/#breadcrumb"},"inLanguage":"it-IT","potentialAction":[{"@type":"ReadAction","target":["https:\/\/www.passionski.ch\/team\/lucia-arcagni\/"]}]},{"@type":"ImageObject","inLanguage":"it-IT","@id":"https:\/\/www.passionski.ch\/team\/lucia-arcagni\/#primaryimage","url":"https:\/\/www.passionski.ch\/wp-content\/uploads\/2024\/12\/Team_Lucia-Arcagni.jpg","contentUrl":"https:\/\/www.passionski.ch\/wp-content\/uploads\/2024\/12\/Team_Lucia-Arcagni.jpg","width":900,"height":900},{"@type":"BreadcrumbList","@id":"https:\/\/www.passionski.ch\/team\/lucia-arcagni\/#breadcrumb","itemListElement":[{"@type":"ListItem","position":1,"name":"Startseite","item":"https:\/\/www.passionski.ch\/"},{"@type":"ListItem","position":2,"name":"Team","item":"https:\/\/www.passionski.ch\/team\/"},{"@type":"ListItem","position":3,"name":"Lucia Arcagni"}]},{"@type":"WebSite","@id":"https:\/\/www.passionski.ch\/#website","url":"https:\/\/www.passionski.ch\/","name":"Scuola di sci Passion Ski - St. Moritz","description":"La tua scuola di sport sulla neve","publisher":{"@id":"https:\/\/www.passionski.ch\/#organization"},"potentialAction":[{"@type":"SearchAction","target":{"@type":"EntryPoint","urlTemplate":"https:\/\/www.passionski.ch\/?s={search_term_string}"},"query-input":{"@type":"PropertyValueSpecification","valueRequired":true,"valueName":"search_term_string"}}],"inLanguage":"it-IT"},{"@type":"Organization","@id":"https:\/\/www.passionski.ch\/#organization","name":"PassionSki GmbH","url":"https:\/\/www.passionski.ch\/","logo":{"@type":"ImageObject","inLanguage":"it-IT","@id":"https:\/\/www.passionski.ch\/#\/schema\/logo\/image\/","url":"https:\/\/www.passionski.ch\/wp-content\/uploads\/2016\/07\/LOGO-PASSIONSKI-COLOREOK.png","contentUrl":"https:\/\/www.passionski.ch\/wp-content\/uploads\/2016\/07\/LOGO-PASSIONSKI-COLOREOK.png","width":150,"height":47,"caption":"PassionSki GmbH"},"image":{"@id":"https:\/\/www.passionski.ch\/#\/schema\/logo\/image\/"}}]}},"_links":{"self":[{"href":"https:\/\/www.passionski.ch\/it\/wp-json\/wp\/v2\/pages\/5408","targetHints":{"allow":["GET"]}}],"collection":[{"href":"https:\/\/www.passionski.ch\/it\/wp-json\/wp\/v2\/pages"}],"about":[{"href":"https:\/\/www.passionski.ch\/it\/wp-json\/wp\/v2\/types\/page"}],"author":[{"embeddable":true,"href":"https:\/\/www.passionski.ch\/it\/wp-json\/wp\/v2\/users\/4"}],"replies":[{"embeddable":true,"href":"https:\/\/www.passionski.ch\/it\/wp-json\/wp\/v2\/comments?post=5408"}],"version-history":[{"count":25,"href":"https:\/\/www.passionski.ch\/it\/wp-json\/wp\/v2\/pages\/5408\/revisions"}],"predecessor-version":[{"id":8394,"href":"https:\/\/www.passionski.ch\/it\/wp-json\/wp\/v2\/pages\/5408\/revisions\/8394"}],"up":[{"embeddable":true,"href":"https:\/\/www.passionski.ch\/it\/wp-json\/wp\/v2\/pages\/5369"}],"wp:featuredmedia":[{"embeddable":true,"href":"https:\/\/www.passionski.ch\/it\/wp-json\/wp\/v2\/media\/8172"}],"wp:attachment":[{"href":"https:\/\/www.passionski.ch\/it\/wp-json\/wp\/v2\/media?parent=5408"}],"wp:term":[{"taxonomy":"category","embeddable":true,"href":"https:\/\/www.passionski.ch\/it\/wp-json\/wp\/v2\/categories?post=5408"},{"taxonomy":"post_tag","embeddable":true,"href":"https:\/\/www.passionski.ch\/it\/wp-json\/wp\/v2\/tags?post=5408"}],"curies":[{"name":"wp","href":"https:\/\/api.w.org\/{rel}","templated":true}]}}