{"id":8356,"date":"2025-10-27T09:58:16","date_gmt":"2025-10-27T08:58:16","guid":{"rendered":"https:\/\/www.passionski.ch\/?page_id=8356"},"modified":"2025-10-28T21:12:58","modified_gmt":"2025-10-28T20:12:58","slug":"marta-pedrini","status":"publish","type":"page","link":"https:\/\/www.passionski.ch\/en\/team\/marta-pedrini\/","title":{"rendered":"Marta Pedrini"},"content":{"rendered":"<div data-elementor-type=\"wp-page\" data-elementor-id=\"8356\" class=\"elementor elementor-8356\" data-elementor-post-type=\"page\">\n\t\t\t\t\t\t<section class=\"elementor-section elementor-top-section elementor-element elementor-element-d5738bb elementor-section-boxed elementor-section-height-default elementor-section-height-default\" data-id=\"d5738bb\" data-element_type=\"section\">\n\t\t\t\t\t\t<div class=\"elementor-container elementor-column-gap-no\">\n\t\t\t\t\t<div class=\"elementor-column elementor-col-100 elementor-top-column elementor-element elementor-element-4e5f453\" data-id=\"4e5f453\" data-element_type=\"column\">\n\t\t\t<div class=\"elementor-widget-wrap elementor-element-populated\">\n\t\t\t\t\t\t<div class=\"elementor-element elementor-element-ebcd72e elementor-widget elementor-widget-heading\" data-id=\"ebcd72e\" data-element_type=\"widget\" data-widget_type=\"heading.default\">\n\t\t\t\t<div class=\"elementor-widget-container\">\n\t\t\t\t\t<h2 class=\"elementor-heading-title elementor-size-default\">Marta Pedrini<\/h2>\t\t\t\t<\/div>\n\t\t\t\t<\/div>\n\t\t\t\t<div class=\"elementor-element elementor-element-b980263 elementor-widget elementor-widget-heading\" data-id=\"b980263\" data-element_type=\"widget\" data-widget_type=\"heading.default\">\n\t\t\t\t<div class=\"elementor-widget-container\">\n\t\t\t\t\t<h6 class=\"elementor-heading-title elementor-size-default\"><a href=\"https:\/\/www.passionski.ch\/en\/c\/snow-sports-instructor-in\/\" rel=\"tag\">Snow sports instructor<\/a><\/h6>\t\t\t\t<\/div>\n\t\t\t\t<\/div>\n\t\t\t\t\t<\/div>\n\t\t<\/div>\n\t\t\t\t\t<\/div>\n\t\t<\/section>\n\t\t\t\t<section class=\"elementor-section elementor-top-section elementor-element elementor-element-5583e2d elementor-section-boxed elementor-section-height-default elementor-section-height-default\" data-id=\"5583e2d\" data-element_type=\"section\">\n\t\t\t\t\t\t<div class=\"elementor-container elementor-column-gap-no\">\n\t\t\t\t\t<div class=\"elementor-column elementor-col-50 elementor-top-column elementor-element elementor-element-e47d326\" data-id=\"e47d326\" data-element_type=\"column\">\n\t\t\t<div class=\"elementor-widget-wrap elementor-element-populated\">\n\t\t\t\t\t\t<div class=\"elementor-element elementor-element-2f25133 elementor-widget elementor-widget-theme-post-featured-image elementor-widget-image\" data-id=\"2f25133\" data-element_type=\"widget\" data-widget_type=\"theme-post-featured-image.default\">\n\t\t\t\t<div class=\"elementor-widget-container\">\n\t\t\t\t\t\t\t\t\t\t\t\t\t\t\t<img fetchpriority=\"high\" decoding=\"async\" width=\"900\" height=\"900\" src=\"https:\/\/www.passionski.ch\/wp-content\/uploads\/2024\/12\/placeholder-square.jpg\" class=\"attachment-full size-full wp-image-7988\" alt=\"\" srcset=\"https:\/\/www.passionski.ch\/wp-content\/uploads\/2024\/12\/placeholder-square.jpg 900w, https:\/\/www.passionski.ch\/wp-content\/uploads\/2024\/12\/placeholder-square-300x300.jpg 300w, https:\/\/www.passionski.ch\/wp-content\/uploads\/2024\/12\/placeholder-square-150x150.jpg 150w, https:\/\/www.passionski.ch\/wp-content\/uploads\/2024\/12\/placeholder-square-768x768.jpg 768w, https:\/\/www.passionski.ch\/wp-content\/uploads\/2024\/12\/placeholder-square-12x12.jpg 12w, https:\/\/www.passionski.ch\/wp-content\/uploads\/2024\/12\/placeholder-square-700x700.jpg 700w, https:\/\/www.passionski.ch\/wp-content\/uploads\/2024\/12\/placeholder-square-400x400.jpg 400w\" sizes=\"(max-width: 900px) 100vw, 900px\" \/>\t\t\t\t\t\t\t\t\t\t\t\t\t\t\t<\/div>\n\t\t\t\t<\/div>\n\t\t\t\t\t<\/div>\n\t\t<\/div>\n\t\t\t\t<div class=\"elementor-column elementor-col-50 elementor-top-column elementor-element elementor-element-f595467\" data-id=\"f595467\" data-element_type=\"column\">\n\t\t\t<div class=\"elementor-widget-wrap elementor-element-populated\">\n\t\t\t\t\t\t<div class=\"elementor-element elementor-element-e2e9007 elementor-widget elementor-widget-text-editor\" data-id=\"e2e9007\" data-element_type=\"widget\" data-widget_type=\"text-editor.default\">\n\t\t\t\t<div class=\"elementor-widget-container\">\n\t\t\t\t\t\t\t\t\t<p>Growing up in the mountains of Ticino and Graub\u00fcnden, skiing has been my greatest passion since childhood. While studying mechanical engineering in Zurich, I was fortunate enough to work as a ski instructor and complete my training with enthusiasm.<\/p><p>I am currently writing my PhD in physics, researching plasma, the state of matter that makes up the stars in our universe. This allows me to indulge my scientific curiosity and has built a solid foundation in technical thinking and precision.<\/p><p>The fresh mountain air and the snow are my elements \u2013 for me they are not just scenery, but places where you can share movement, freedom and the joy of skiing .<\/p><p>I accompany my guests \u2013 whether beginners, families, groups or ski tourers \u2013 to an unforgettable experience, paying attention to their individual pace and appreciating the beauty of nature.<\/p><p>And between runs, I like to laugh, enjoy the day with ease and look forward to a good, typical meal in good company \u2013 because the mountains are even more beautiful when you share them with a smile .<\/p>\t\t\t\t\t\t\t\t<\/div>\n\t\t\t\t<\/div>\n\t\t\t\t<div class=\"elementor-element elementor-element-ce6ff5b elementor-widget__width-auto elementor-widget elementor-widget-button\" data-id=\"ce6ff5b\" data-element_type=\"widget\" data-widget_type=\"button.default\">\n\t\t\t\t<div class=\"elementor-widget-container\">\n\t\t\t\t\t\t\t\t\t<div class=\"elementor-button-wrapper\">\n\t\t\t\t\t<a class=\"elementor-button elementor-button-link elementor-size-sm\" href=\"https:\/\/www.instagram.com\/pedrinimarta\/\" target=\"_blank\">\n\t\t\t\t\t\t<span class=\"elementor-button-content-wrapper\">\n\t\t\t\t\t\t\t\t\t<span class=\"elementor-button-text\">Social media<\/span>\n\t\t\t\t\t<\/span>\n\t\t\t\t\t<\/a>\n\t\t\t\t<\/div>\n\t\t\t\t\t\t\t\t<\/div>\n\t\t\t\t<\/div>\n\t\t\t\t<div class=\"elementor-element elementor-element-d74571f elementor-widget__width-auto elementor-widget elementor-widget-button\" data-id=\"d74571f\" data-element_type=\"widget\" data-widget_type=\"button.default\">\n\t\t\t\t<div class=\"elementor-widget-container\">\n\t\t\t\t\t\t\t\t\t<div class=\"elementor-button-wrapper\">\n\t\t\t\t\t<a class=\"elementor-button elementor-button-link elementor-size-sm\" href=\"mailto:marta.pedrini@outlook.com\">\n\t\t\t\t\t\t<span class=\"elementor-button-content-wrapper\">\n\t\t\t\t\t\t\t\t\t<span class=\"elementor-button-text\">Email<\/span>\n\t\t\t\t\t<\/span>\n\t\t\t\t\t<\/a>\n\t\t\t\t<\/div>\n\t\t\t\t\t\t\t\t<\/div>\n\t\t\t\t<\/div>\n\t\t\t\t\t<\/div>\n\t\t<\/div>\n\t\t\t\t\t<\/div>\n\t\t<\/section>\n\t\t\t\t<\/div>","protected":false},"excerpt":{"rendered":"<p>Aufgewachsen in den Bergen des Tessins und Graub\u00fcndens, war das Skifahren schon seit meiner Kindheit meine gr\u00f6\u00dfte Leidenschaft. Parallel zu meinem Maschinenbaustudium in Z\u00fcrich hatte ich das Gl\u00fcck, als Skilehrerin zu arbeiten und meine Ausbildung mit Begeisterung abzuschliessen. Zurzeit schreibe ich an meiner Doktorarbeit in Physik, in der ich das Plasma erforsche \u2013 den Zustand [&hellip;]<\/p>","protected":false},"author":4,"featured_media":7988,"parent":5369,"menu_order":0,"comment_status":"closed","ping_status":"closed","template":"","meta":{"site-sidebar-layout":"no-sidebar","site-content-layout":"page-builder","ast-site-content-layout":"full-width-container","site-content-style":"default","site-sidebar-style":"default","ast-global-header-display":"","ast-banner-title-visibility":"","ast-main-header-display":"","ast-hfb-above-header-display":"","ast-hfb-below-header-display":"","ast-hfb-mobile-header-display":"","site-post-title":"disabled","ast-breadcrumbs-content":"","ast-featured-img":"disabled","footer-sml-layout":"","theme-transparent-header-meta":"","adv-header-id-meta":"","stick-header-meta":"","header-above-stick-meta":"","header-main-stick-meta":"","header-below-stick-meta":"","astra-migrate-meta-layouts":"set","ast-page-background-enabled":"default","ast-page-background-meta":{"desktop":{"background-color":"","background-image":"","background-repeat":"repeat","background-position":"center center","background-size":"auto","background-attachment":"scroll","background-type":"","background-media":"","overlay-type":"","overlay-color":"","overlay-opacity":"","overlay-gradient":""},"tablet":{"background-color":"","background-image":"","background-repeat":"repeat","background-position":"center center","background-size":"auto","background-attachment":"scroll","background-type":"","background-media":"","overlay-type":"","overlay-color":"","overlay-opacity":"","overlay-gradient":""},"mobile":{"background-color":"","background-image":"","background-repeat":"repeat","background-position":"center center","background-size":"auto","background-attachment":"scroll","background-type":"","background-media":"","overlay-type":"","overlay-color":"","overlay-opacity":"","overlay-gradient":""}},"ast-content-background-meta":{"desktop":{"background-color":"var(--ast-global-color-5)","background-image":"","background-repeat":"repeat","background-position":"center center","background-size":"auto","background-attachment":"scroll","background-type":"","background-media":"","overlay-type":"","overlay-color":"","overlay-opacity":"","overlay-gradient":""},"tablet":{"background-color":"var(--ast-global-color-5)","background-image":"","background-repeat":"repeat","background-position":"center center","background-size":"auto","background-attachment":"scroll","background-type":"","background-media":"","overlay-type":"","overlay-color":"","overlay-opacity":"","overlay-gradient":""},"mobile":{"background-color":"var(--ast-global-color-5)","background-image":"","background-repeat":"repeat","background-position":"center center","background-size":"auto","background-attachment":"scroll","background-type":"","background-media":"","overlay-type":"","overlay-color":"","overlay-opacity":"","overlay-gradient":""}},"footnotes":""},"categories":[20],"tags":[],"class_list":["post-8356","page","type-page","status-publish","has-post-thumbnail","hentry","category-schneesportlehrer-in"],"yoast_head":"<!-- This site is optimized with the Yoast SEO plugin v26.7 - https:\/\/yoast.com\/wordpress\/plugins\/seo\/ -->\n<title>Marta Pedrini - Passion Ski - St. Moritz Ski School<\/title>\n<meta name=\"robots\" content=\"index, follow, max-snippet:-1, max-image-preview:large, max-video-preview:-1\" \/>\n<link rel=\"canonical\" href=\"https:\/\/www.passionski.ch\/en\/team\/marta-pedrini\/\" \/>\n<meta property=\"og:locale\" content=\"en_GB\" \/>\n<meta property=\"og:type\" content=\"article\" \/>\n<meta property=\"og:title\" content=\"Marta Pedrini - Passion Ski - St. Moritz Ski School\" \/>\n<meta property=\"og:description\" content=\"Aufgewachsen in den Bergen des Tessins und Graub\u00fcndens, war das Skifahren schon seit meiner Kindheit meine gr\u00f6\u00dfte Leidenschaft. Parallel zu meinem Maschinenbaustudium in Z\u00fcrich hatte ich das Gl\u00fcck, als Skilehrerin zu arbeiten und meine Ausbildung mit Begeisterung abzuschliessen. Zurzeit schreibe ich an meiner Doktorarbeit in Physik, in der ich das Plasma erforsche \u2013 den Zustand [&hellip;]\" \/>\n<meta property=\"og:url\" content=\"https:\/\/www.passionski.ch\/en\/team\/marta-pedrini\/\" \/>\n<meta property=\"og:site_name\" content=\"Passion Ski - St. Moritz Ski School\" \/>\n<meta property=\"article:modified_time\" content=\"2025-10-28T20:12:58+00:00\" \/>\n<meta property=\"og:image\" content=\"https:\/\/www.passionski.ch\/wp-content\/uploads\/2024\/12\/placeholder-square.jpg\" \/>\n\t<meta property=\"og:image:width\" content=\"900\" \/>\n\t<meta property=\"og:image:height\" content=\"900\" \/>\n\t<meta property=\"og:image:type\" content=\"image\/jpeg\" \/>\n<meta name=\"twitter:card\" content=\"summary_large_image\" \/>\n<meta name=\"twitter:label1\" content=\"Estimated reading time\" \/>\n\t<meta name=\"twitter:data1\" content=\"2 minutes\" \/>\n<script type=\"application\/ld+json\" class=\"yoast-schema-graph\">{\"@context\":\"https:\/\/schema.org\",\"@graph\":[{\"@type\":\"WebPage\",\"@id\":\"https:\/\/www.passionski.ch\/team\/marta-pedrini\/\",\"url\":\"https:\/\/www.passionski.ch\/team\/marta-pedrini\/\",\"name\":\"Marta Pedrini - Passion Ski - St. Moritz Ski School\",\"isPartOf\":{\"@id\":\"https:\/\/www.passionski.ch\/#website\"},\"primaryImageOfPage\":{\"@id\":\"https:\/\/www.passionski.ch\/team\/marta-pedrini\/#primaryimage\"},\"image\":{\"@id\":\"https:\/\/www.passionski.ch\/team\/marta-pedrini\/#primaryimage\"},\"thumbnailUrl\":\"https:\/\/www.passionski.ch\/wp-content\/uploads\/2024\/12\/placeholder-square.jpg\",\"datePublished\":\"2025-10-27T08:58:16+00:00\",\"dateModified\":\"2025-10-28T20:12:58+00:00\",\"breadcrumb\":{\"@id\":\"https:\/\/www.passionski.ch\/team\/marta-pedrini\/#breadcrumb\"},\"inLanguage\":\"en-GB\",\"potentialAction\":[{\"@type\":\"ReadAction\",\"target\":[\"https:\/\/www.passionski.ch\/team\/marta-pedrini\/\"]}]},{\"@type\":\"ImageObject\",\"inLanguage\":\"en-GB\",\"@id\":\"https:\/\/www.passionski.ch\/team\/marta-pedrini\/#primaryimage\",\"url\":\"https:\/\/www.passionski.ch\/wp-content\/uploads\/2024\/12\/placeholder-square.jpg\",\"contentUrl\":\"https:\/\/www.passionski.ch\/wp-content\/uploads\/2024\/12\/placeholder-square.jpg\",\"width\":900,\"height\":900},{\"@type\":\"BreadcrumbList\",\"@id\":\"https:\/\/www.passionski.ch\/team\/marta-pedrini\/#breadcrumb\",\"itemListElement\":[{\"@type\":\"ListItem\",\"position\":1,\"name\":\"Startseite\",\"item\":\"https:\/\/www.passionski.ch\/\"},{\"@type\":\"ListItem\",\"position\":2,\"name\":\"Team\",\"item\":\"https:\/\/www.passionski.ch\/team\/\"},{\"@type\":\"ListItem\",\"position\":3,\"name\":\"Marta Pedrini\"}]},{\"@type\":\"WebSite\",\"@id\":\"https:\/\/www.passionski.ch\/#website\",\"url\":\"https:\/\/www.passionski.ch\/\",\"name\":\"Passion Ski - St. Moritz Ski School\",\"description\":\"Your snow sports school\",\"publisher\":{\"@id\":\"https:\/\/www.passionski.ch\/#organization\"},\"potentialAction\":[{\"@type\":\"SearchAction\",\"target\":{\"@type\":\"EntryPoint\",\"urlTemplate\":\"https:\/\/www.passionski.ch\/?s={search_term_string}\"},\"query-input\":{\"@type\":\"PropertyValueSpecification\",\"valueRequired\":true,\"valueName\":\"search_term_string\"}}],\"inLanguage\":\"en-GB\"},{\"@type\":\"Organization\",\"@id\":\"https:\/\/www.passionski.ch\/#organization\",\"name\":\"PassionSki GmbH\",\"url\":\"https:\/\/www.passionski.ch\/\",\"logo\":{\"@type\":\"ImageObject\",\"inLanguage\":\"en-GB\",\"@id\":\"https:\/\/www.passionski.ch\/#\/schema\/logo\/image\/\",\"url\":\"https:\/\/www.passionski.ch\/wp-content\/uploads\/2016\/07\/LOGO-PASSIONSKI-COLOREOK.png\",\"contentUrl\":\"https:\/\/www.passionski.ch\/wp-content\/uploads\/2016\/07\/LOGO-PASSIONSKI-COLOREOK.png\",\"width\":150,\"height\":47,\"caption\":\"PassionSki GmbH\"},\"image\":{\"@id\":\"https:\/\/www.passionski.ch\/#\/schema\/logo\/image\/\"}}]}<\/script>\n<!-- \/ Yoast SEO plugin. -->","yoast_head_json":{"title":"Marta Pedrini - Passion Ski - St. Moritz Ski School","robots":{"index":"index","follow":"follow","max-snippet":"max-snippet:-1","max-image-preview":"max-image-preview:large","max-video-preview":"max-video-preview:-1"},"canonical":"https:\/\/www.passionski.ch\/en\/team\/marta-pedrini\/","og_locale":"en_GB","og_type":"article","og_title":"Marta Pedrini - Passion Ski - St. Moritz Ski School","og_description":"Aufgewachsen in den Bergen des Tessins und Graub\u00fcndens, war das Skifahren schon seit meiner Kindheit meine gr\u00f6\u00dfte Leidenschaft. Parallel zu meinem Maschinenbaustudium in Z\u00fcrich hatte ich das Gl\u00fcck, als Skilehrerin zu arbeiten und meine Ausbildung mit Begeisterung abzuschliessen. Zurzeit schreibe ich an meiner Doktorarbeit in Physik, in der ich das Plasma erforsche \u2013 den Zustand [&hellip;]","og_url":"https:\/\/www.passionski.ch\/en\/team\/marta-pedrini\/","og_site_name":"Passion Ski - St. Moritz Ski School","article_modified_time":"2025-10-28T20:12:58+00:00","og_image":[{"width":900,"height":900,"url":"https:\/\/www.passionski.ch\/wp-content\/uploads\/2024\/12\/placeholder-square.jpg","type":"image\/jpeg"}],"twitter_card":"summary_large_image","twitter_misc":{"Estimated reading time":"2 minutes"},"schema":{"@context":"https:\/\/schema.org","@graph":[{"@type":"WebPage","@id":"https:\/\/www.passionski.ch\/team\/marta-pedrini\/","url":"https:\/\/www.passionski.ch\/team\/marta-pedrini\/","name":"Marta Pedrini - Passion Ski - St. Moritz Ski School","isPartOf":{"@id":"https:\/\/www.passionski.ch\/#website"},"primaryImageOfPage":{"@id":"https:\/\/www.passionski.ch\/team\/marta-pedrini\/#primaryimage"},"image":{"@id":"https:\/\/www.passionski.ch\/team\/marta-pedrini\/#primaryimage"},"thumbnailUrl":"https:\/\/www.passionski.ch\/wp-content\/uploads\/2024\/12\/placeholder-square.jpg","datePublished":"2025-10-27T08:58:16+00:00","dateModified":"2025-10-28T20:12:58+00:00","breadcrumb":{"@id":"https:\/\/www.passionski.ch\/team\/marta-pedrini\/#breadcrumb"},"inLanguage":"en-GB","potentialAction":[{"@type":"ReadAction","target":["https:\/\/www.passionski.ch\/team\/marta-pedrini\/"]}]},{"@type":"ImageObject","inLanguage":"en-GB","@id":"https:\/\/www.passionski.ch\/team\/marta-pedrini\/#primaryimage","url":"https:\/\/www.passionski.ch\/wp-content\/uploads\/2024\/12\/placeholder-square.jpg","contentUrl":"https:\/\/www.passionski.ch\/wp-content\/uploads\/2024\/12\/placeholder-square.jpg","width":900,"height":900},{"@type":"BreadcrumbList","@id":"https:\/\/www.passionski.ch\/team\/marta-pedrini\/#breadcrumb","itemListElement":[{"@type":"ListItem","position":1,"name":"Startseite","item":"https:\/\/www.passionski.ch\/"},{"@type":"ListItem","position":2,"name":"Team","item":"https:\/\/www.passionski.ch\/team\/"},{"@type":"ListItem","position":3,"name":"Marta Pedrini"}]},{"@type":"WebSite","@id":"https:\/\/www.passionski.ch\/#website","url":"https:\/\/www.passionski.ch\/","name":"Passion Ski - St. Moritz Ski School","description":"Your snow sports school","publisher":{"@id":"https:\/\/www.passionski.ch\/#organization"},"potentialAction":[{"@type":"SearchAction","target":{"@type":"EntryPoint","urlTemplate":"https:\/\/www.passionski.ch\/?s={search_term_string}"},"query-input":{"@type":"PropertyValueSpecification","valueRequired":true,"valueName":"search_term_string"}}],"inLanguage":"en-GB"},{"@type":"Organization","@id":"https:\/\/www.passionski.ch\/#organization","name":"PassionSki GmbH","url":"https:\/\/www.passionski.ch\/","logo":{"@type":"ImageObject","inLanguage":"en-GB","@id":"https:\/\/www.passionski.ch\/#\/schema\/logo\/image\/","url":"https:\/\/www.passionski.ch\/wp-content\/uploads\/2016\/07\/LOGO-PASSIONSKI-COLOREOK.png","contentUrl":"https:\/\/www.passionski.ch\/wp-content\/uploads\/2016\/07\/LOGO-PASSIONSKI-COLOREOK.png","width":150,"height":47,"caption":"PassionSki GmbH"},"image":{"@id":"https:\/\/www.passionski.ch\/#\/schema\/logo\/image\/"}}]}},"_links":{"self":[{"href":"https:\/\/www.passionski.ch\/en\/wp-json\/wp\/v2\/pages\/8356","targetHints":{"allow":["GET"]}}],"collection":[{"href":"https:\/\/www.passionski.ch\/en\/wp-json\/wp\/v2\/pages"}],"about":[{"href":"https:\/\/www.passionski.ch\/en\/wp-json\/wp\/v2\/types\/page"}],"author":[{"embeddable":true,"href":"https:\/\/www.passionski.ch\/en\/wp-json\/wp\/v2\/users\/4"}],"replies":[{"embeddable":true,"href":"https:\/\/www.passionski.ch\/en\/wp-json\/wp\/v2\/comments?post=8356"}],"version-history":[{"count":16,"href":"https:\/\/www.passionski.ch\/en\/wp-json\/wp\/v2\/pages\/8356\/revisions"}],"predecessor-version":[{"id":8426,"href":"https:\/\/www.passionski.ch\/en\/wp-json\/wp\/v2\/pages\/8356\/revisions\/8426"}],"up":[{"embeddable":true,"href":"https:\/\/www.passionski.ch\/en\/wp-json\/wp\/v2\/pages\/5369"}],"wp:featuredmedia":[{"embeddable":true,"href":"https:\/\/www.passionski.ch\/en\/wp-json\/wp\/v2\/media\/7988"}],"wp:attachment":[{"href":"https:\/\/www.passionski.ch\/en\/wp-json\/wp\/v2\/media?parent=8356"}],"wp:term":[{"taxonomy":"category","embeddable":true,"href":"https:\/\/www.passionski.ch\/en\/wp-json\/wp\/v2\/categories?post=8356"},{"taxonomy":"post_tag","embeddable":true,"href":"https:\/\/www.passionski.ch\/en\/wp-json\/wp\/v2\/tags?post=8356"}],"curies":[{"name":"wp","href":"https:\/\/api.w.org\/{rel}","templated":true}]}}