{"id":7991,"date":"2024-12-17T10:09:06","date_gmt":"2024-12-17T09:09:06","guid":{"rendered":"https:\/\/www.passionski.ch\/?page_id=7991"},"modified":"2025-10-27T10:07:16","modified_gmt":"2025-10-27T09:07:16","slug":"flurin-putscher","status":"publish","type":"page","link":"https:\/\/www.passionski.ch\/en\/team\/flurin-putscher\/","title":{"rendered":"Flurin Putscher"},"content":{"rendered":"<div data-elementor-type=\"wp-page\" data-elementor-id=\"7991\" class=\"elementor elementor-7991\" data-elementor-post-type=\"page\">\n\t\t\t\t\t\t<section class=\"elementor-section elementor-top-section elementor-element elementor-element-494c31a elementor-section-boxed elementor-section-height-default elementor-section-height-default\" data-id=\"494c31a\" data-element_type=\"section\">\n\t\t\t\t\t\t<div class=\"elementor-container elementor-column-gap-no\">\n\t\t\t\t\t<div class=\"elementor-column elementor-col-100 elementor-top-column elementor-element elementor-element-4ee8bc9\" data-id=\"4ee8bc9\" data-element_type=\"column\">\n\t\t\t<div class=\"elementor-widget-wrap elementor-element-populated\">\n\t\t\t\t\t\t<div class=\"elementor-element elementor-element-89f0bf1 elementor-widget elementor-widget-heading\" data-id=\"89f0bf1\" data-element_type=\"widget\" data-widget_type=\"heading.default\">\n\t\t\t\t<div class=\"elementor-widget-container\">\n\t\t\t\t\t<h2 class=\"elementor-heading-title elementor-size-default\">Flurin Putscher<\/h2>\t\t\t\t<\/div>\n\t\t\t\t<\/div>\n\t\t\t\t<div class=\"elementor-element elementor-element-163ae3a elementor-widget elementor-widget-heading\" data-id=\"163ae3a\" data-element_type=\"widget\" data-widget_type=\"heading.default\">\n\t\t\t\t<div class=\"elementor-widget-container\">\n\t\t\t\t\t<h6 class=\"elementor-heading-title elementor-size-default\"><a href=\"https:\/\/www.passionski.ch\/en\/c\/snow-sports-instructor-in\/\" rel=\"tag\">Snow sports instructor<\/a><\/h6>\t\t\t\t<\/div>\n\t\t\t\t<\/div>\n\t\t\t\t\t<\/div>\n\t\t<\/div>\n\t\t\t\t\t<\/div>\n\t\t<\/section>\n\t\t\t\t<section class=\"elementor-section elementor-top-section elementor-element elementor-element-f6f5b02 elementor-section-boxed elementor-section-height-default elementor-section-height-default\" data-id=\"f6f5b02\" data-element_type=\"section\">\n\t\t\t\t\t\t<div class=\"elementor-container elementor-column-gap-no\">\n\t\t\t\t\t<div class=\"elementor-column elementor-col-50 elementor-top-column elementor-element elementor-element-194db03\" data-id=\"194db03\" data-element_type=\"column\">\n\t\t\t<div class=\"elementor-widget-wrap elementor-element-populated\">\n\t\t\t\t\t\t<div class=\"elementor-element elementor-element-6148d31 elementor-widget elementor-widget-theme-post-featured-image elementor-widget-image\" data-id=\"6148d31\" data-element_type=\"widget\" data-widget_type=\"theme-post-featured-image.default\">\n\t\t\t\t<div class=\"elementor-widget-container\">\n\t\t\t\t\t\t\t\t\t\t\t\t\t\t\t<img fetchpriority=\"high\" decoding=\"async\" width=\"900\" height=\"900\" src=\"https:\/\/www.passionski.ch\/wp-content\/uploads\/2024\/12\/Team_Flurin-Putscher.jpg\" class=\"attachment-full size-full wp-image-8169\" alt=\"\" srcset=\"https:\/\/www.passionski.ch\/wp-content\/uploads\/2024\/12\/Team_Flurin-Putscher.jpg 900w, https:\/\/www.passionski.ch\/wp-content\/uploads\/2024\/12\/Team_Flurin-Putscher-300x300.jpg 300w, https:\/\/www.passionski.ch\/wp-content\/uploads\/2024\/12\/Team_Flurin-Putscher-150x150.jpg 150w, https:\/\/www.passionski.ch\/wp-content\/uploads\/2024\/12\/Team_Flurin-Putscher-768x768.jpg 768w, https:\/\/www.passionski.ch\/wp-content\/uploads\/2024\/12\/Team_Flurin-Putscher-12x12.jpg 12w, https:\/\/www.passionski.ch\/wp-content\/uploads\/2024\/12\/Team_Flurin-Putscher-700x700.jpg 700w, https:\/\/www.passionski.ch\/wp-content\/uploads\/2024\/12\/Team_Flurin-Putscher-400x400.jpg 400w\" sizes=\"(max-width: 900px) 100vw, 900px\" \/>\t\t\t\t\t\t\t\t\t\t\t\t\t\t\t<\/div>\n\t\t\t\t<\/div>\n\t\t\t\t\t<\/div>\n\t\t<\/div>\n\t\t\t\t<div class=\"elementor-column elementor-col-50 elementor-top-column elementor-element elementor-element-77cd061\" data-id=\"77cd061\" data-element_type=\"column\">\n\t\t\t<div class=\"elementor-widget-wrap elementor-element-populated\">\n\t\t\t\t\t\t<div class=\"elementor-element elementor-element-0924543 elementor-widget elementor-widget-text-editor\" data-id=\"0924543\" data-element_type=\"widget\" data-widget_type=\"text-editor.default\">\n\t\t\t\t<div class=\"elementor-widget-container\">\n\t\t\t\t\t\t\t\t\t<p>For me, skiing is one of the most exciting activities you can imagine. Growing up in the Engadine, a region known for its breathtaking mountains and perfect slopes, I was lucky enough to live in an environment that nurtured my passion for winter sports from an early age. According to my mother, I could ski before I could walk\u2013 an expression of how deeply rooted this enthusiasm is in me.<\/p><p>In addition to skiing, I also played ice hockey and did cross-country skiing. This combination has not only taught me a variety of skills, but has also intensified my passion for winter sports in general. Recently, I have also discovered the fascination of ski touring, which offers me the opportunity to experience the untouched nature and freedom of the mountains in a completely new way.<\/p><p>For me, a particularly beautiful aspect of skiing is the opportunity to share the joy of the sport with others. I get great pleasure from inspiring people and giving them unforgettable days on the slopes. The beaming faces and laughter of those who enjoy the slopes are the best rewards for me.<\/p><p>In summer I also head to the mountains where I love hiking and camping. Nature has a special appeal for me and I love experiencing the beauty of the mountains in every season. Skiing and the mountains are not just hobbies for me, but a way of life that brings me joy and fulfillment.<\/p>\t\t\t\t\t\t\t\t<\/div>\n\t\t\t\t<\/div>\n\t\t\t\t<div class=\"elementor-element elementor-element-f370211 elementor-widget__width-auto elementor-widget elementor-widget-button\" data-id=\"f370211\" data-element_type=\"widget\" data-widget_type=\"button.default\">\n\t\t\t\t<div class=\"elementor-widget-container\">\n\t\t\t\t\t\t\t\t\t<div class=\"elementor-button-wrapper\">\n\t\t\t\t\t<a class=\"elementor-button elementor-button-link elementor-size-sm\" href=\"mailto:flurin.putscher@students.bfh.ch\">\n\t\t\t\t\t\t<span class=\"elementor-button-content-wrapper\">\n\t\t\t\t\t\t\t\t\t<span class=\"elementor-button-text\">Email<\/span>\n\t\t\t\t\t<\/span>\n\t\t\t\t\t<\/a>\n\t\t\t\t<\/div>\n\t\t\t\t\t\t\t\t<\/div>\n\t\t\t\t<\/div>\n\t\t\t\t<div class=\"elementor-element elementor-element-b018469 elementor-widget__width-auto elementor-hidden-desktop elementor-hidden-tablet elementor-hidden-mobile elementor-widget elementor-widget-button\" data-id=\"b018469\" data-element_type=\"widget\" data-widget_type=\"button.default\">\n\t\t\t\t<div class=\"elementor-widget-container\">\n\t\t\t\t\t\t\t\t\t<div class=\"elementor-button-wrapper\">\n\t\t\t\t\t<a class=\"elementor-button elementor-button-link elementor-size-sm\" href=\"https:\/\/www.instagram.com\/ninapufek\/\" target=\"_blank\">\n\t\t\t\t\t\t<span class=\"elementor-button-content-wrapper\">\n\t\t\t\t\t\t\t\t\t<span class=\"elementor-button-text\">Social media<\/span>\n\t\t\t\t\t<\/span>\n\t\t\t\t\t<\/a>\n\t\t\t\t<\/div>\n\t\t\t\t\t\t\t\t<\/div>\n\t\t\t\t<\/div>\n\t\t\t\t\t<\/div>\n\t\t<\/div>\n\t\t\t\t\t<\/div>\n\t\t<\/section>\n\t\t\t\t<\/div>","protected":false},"excerpt":{"rendered":"<p>For me, skiing is one of the most exciting activities imaginable. Growing up in the Engadin, a region known for its breathtaking mountains and perfect slopes, I was fortunate enough to live in an environment that nurtured my passion for winter sports from an early age. According to my mother, I was able to [\u2026]<\/p>","protected":false},"author":4,"featured_media":8169,"parent":5369,"menu_order":0,"comment_status":"closed","ping_status":"closed","template":"","meta":{"site-sidebar-layout":"no-sidebar","site-content-layout":"page-builder","ast-site-content-layout":"full-width-container","site-content-style":"default","site-sidebar-style":"default","ast-global-header-display":"","ast-banner-title-visibility":"","ast-main-header-display":"","ast-hfb-above-header-display":"","ast-hfb-below-header-display":"","ast-hfb-mobile-header-display":"","site-post-title":"disabled","ast-breadcrumbs-content":"","ast-featured-img":"disabled","footer-sml-layout":"","theme-transparent-header-meta":"","adv-header-id-meta":"","stick-header-meta":"","header-above-stick-meta":"","header-main-stick-meta":"","header-below-stick-meta":"","astra-migrate-meta-layouts":"set","ast-page-background-enabled":"default","ast-page-background-meta":{"desktop":{"background-color":"","background-image":"","background-repeat":"repeat","background-position":"center center","background-size":"auto","background-attachment":"scroll","background-type":"","background-media":"","overlay-type":"","overlay-color":"","overlay-opacity":"","overlay-gradient":""},"tablet":{"background-color":"","background-image":"","background-repeat":"repeat","background-position":"center center","background-size":"auto","background-attachment":"scroll","background-type":"","background-media":"","overlay-type":"","overlay-color":"","overlay-opacity":"","overlay-gradient":""},"mobile":{"background-color":"","background-image":"","background-repeat":"repeat","background-position":"center center","background-size":"auto","background-attachment":"scroll","background-type":"","background-media":"","overlay-type":"","overlay-color":"","overlay-opacity":"","overlay-gradient":""}},"ast-content-background-meta":{"desktop":{"background-color":"var(--ast-global-color-5)","background-image":"","background-repeat":"repeat","background-position":"center center","background-size":"auto","background-attachment":"scroll","background-type":"","background-media":"","overlay-type":"","overlay-color":"","overlay-opacity":"","overlay-gradient":""},"tablet":{"background-color":"var(--ast-global-color-5)","background-image":"","background-repeat":"repeat","background-position":"center center","background-size":"auto","background-attachment":"scroll","background-type":"","background-media":"","overlay-type":"","overlay-color":"","overlay-opacity":"","overlay-gradient":""},"mobile":{"background-color":"var(--ast-global-color-5)","background-image":"","background-repeat":"repeat","background-position":"center center","background-size":"auto","background-attachment":"scroll","background-type":"","background-media":"","overlay-type":"","overlay-color":"","overlay-opacity":"","overlay-gradient":""}},"footnotes":""},"categories":[20],"tags":[],"class_list":["post-7991","page","type-page","status-publish","has-post-thumbnail","hentry","category-schneesportlehrer-in"],"yoast_head":"<!-- This site is optimized with the Yoast SEO plugin v26.7 - https:\/\/yoast.com\/wordpress\/plugins\/seo\/ -->\n<title>Flurin Putscher - Passion Ski - St. Moritz Ski School<\/title>\n<meta name=\"robots\" content=\"index, follow, max-snippet:-1, max-image-preview:large, max-video-preview:-1\" \/>\n<link rel=\"canonical\" href=\"https:\/\/www.passionski.ch\/en\/team\/flurin-putscher\/\" \/>\n<meta property=\"og:locale\" content=\"en_GB\" \/>\n<meta property=\"og:type\" content=\"article\" \/>\n<meta property=\"og:title\" content=\"Flurin Putscher - Passion Ski - St. Moritz Ski School\" \/>\n<meta property=\"og:description\" content=\"Ski fahren z\u00e4hlt f\u00fcr mich zu den aufregendsten Aktivit\u00e4ten, die man sich nur vorstellen kann. Aufgewachsen im Engadin, einer Region, die f\u00fcr ihre atemberaubenden Berge und perfekten Pisten bekannt ist, hatte ich das Gl\u00fcck, in einer Umgebung zu leben, die meine Leidenschaft f\u00fcr den Wintersport von klein auf gen\u00e4hrt hat. Laut meiner Mutter konnte ich [&hellip;]\" \/>\n<meta property=\"og:url\" content=\"https:\/\/www.passionski.ch\/en\/team\/flurin-putscher\/\" \/>\n<meta property=\"og:site_name\" content=\"Passion Ski - St. Moritz Ski School\" \/>\n<meta property=\"article:modified_time\" content=\"2025-10-27T09:07:16+00:00\" \/>\n<meta property=\"og:image\" content=\"https:\/\/www.passionski.ch\/wp-content\/uploads\/2024\/12\/Team_Flurin-Putscher.jpg\" \/>\n\t<meta property=\"og:image:width\" content=\"900\" \/>\n\t<meta property=\"og:image:height\" content=\"900\" \/>\n\t<meta property=\"og:image:type\" content=\"image\/jpeg\" \/>\n<meta name=\"twitter:card\" content=\"summary_large_image\" \/>\n<meta name=\"twitter:label1\" content=\"Estimated reading time\" \/>\n\t<meta name=\"twitter:data1\" content=\"2 minutes\" \/>\n<script type=\"application\/ld+json\" class=\"yoast-schema-graph\">{\"@context\":\"https:\/\/schema.org\",\"@graph\":[{\"@type\":\"WebPage\",\"@id\":\"https:\/\/www.passionski.ch\/team\/flurin-putscher\/\",\"url\":\"https:\/\/www.passionski.ch\/team\/flurin-putscher\/\",\"name\":\"Flurin Putscher - Passion Ski - St. Moritz Ski School\",\"isPartOf\":{\"@id\":\"https:\/\/www.passionski.ch\/#website\"},\"primaryImageOfPage\":{\"@id\":\"https:\/\/www.passionski.ch\/team\/flurin-putscher\/#primaryimage\"},\"image\":{\"@id\":\"https:\/\/www.passionski.ch\/team\/flurin-putscher\/#primaryimage\"},\"thumbnailUrl\":\"https:\/\/www.passionski.ch\/wp-content\/uploads\/2024\/12\/Team_Flurin-Putscher.jpg\",\"datePublished\":\"2024-12-17T09:09:06+00:00\",\"dateModified\":\"2025-10-27T09:07:16+00:00\",\"breadcrumb\":{\"@id\":\"https:\/\/www.passionski.ch\/team\/flurin-putscher\/#breadcrumb\"},\"inLanguage\":\"en-GB\",\"potentialAction\":[{\"@type\":\"ReadAction\",\"target\":[\"https:\/\/www.passionski.ch\/team\/flurin-putscher\/\"]}]},{\"@type\":\"ImageObject\",\"inLanguage\":\"en-GB\",\"@id\":\"https:\/\/www.passionski.ch\/team\/flurin-putscher\/#primaryimage\",\"url\":\"https:\/\/www.passionski.ch\/wp-content\/uploads\/2024\/12\/Team_Flurin-Putscher.jpg\",\"contentUrl\":\"https:\/\/www.passionski.ch\/wp-content\/uploads\/2024\/12\/Team_Flurin-Putscher.jpg\",\"width\":900,\"height\":900},{\"@type\":\"BreadcrumbList\",\"@id\":\"https:\/\/www.passionski.ch\/team\/flurin-putscher\/#breadcrumb\",\"itemListElement\":[{\"@type\":\"ListItem\",\"position\":1,\"name\":\"Startseite\",\"item\":\"https:\/\/www.passionski.ch\/\"},{\"@type\":\"ListItem\",\"position\":2,\"name\":\"Team\",\"item\":\"https:\/\/www.passionski.ch\/team\/\"},{\"@type\":\"ListItem\",\"position\":3,\"name\":\"Flurin Putscher\"}]},{\"@type\":\"WebSite\",\"@id\":\"https:\/\/www.passionski.ch\/#website\",\"url\":\"https:\/\/www.passionski.ch\/\",\"name\":\"Passion Ski - St. Moritz Ski School\",\"description\":\"Your snow sports school\",\"publisher\":{\"@id\":\"https:\/\/www.passionski.ch\/#organization\"},\"potentialAction\":[{\"@type\":\"SearchAction\",\"target\":{\"@type\":\"EntryPoint\",\"urlTemplate\":\"https:\/\/www.passionski.ch\/?s={search_term_string}\"},\"query-input\":{\"@type\":\"PropertyValueSpecification\",\"valueRequired\":true,\"valueName\":\"search_term_string\"}}],\"inLanguage\":\"en-GB\"},{\"@type\":\"Organization\",\"@id\":\"https:\/\/www.passionski.ch\/#organization\",\"name\":\"PassionSki GmbH\",\"url\":\"https:\/\/www.passionski.ch\/\",\"logo\":{\"@type\":\"ImageObject\",\"inLanguage\":\"en-GB\",\"@id\":\"https:\/\/www.passionski.ch\/#\/schema\/logo\/image\/\",\"url\":\"https:\/\/www.passionski.ch\/wp-content\/uploads\/2016\/07\/LOGO-PASSIONSKI-COLOREOK.png\",\"contentUrl\":\"https:\/\/www.passionski.ch\/wp-content\/uploads\/2016\/07\/LOGO-PASSIONSKI-COLOREOK.png\",\"width\":150,\"height\":47,\"caption\":\"PassionSki GmbH\"},\"image\":{\"@id\":\"https:\/\/www.passionski.ch\/#\/schema\/logo\/image\/\"}}]}<\/script>\n<!-- \/ Yoast SEO plugin. -->","yoast_head_json":{"title":"Flurin Putscher - Passion Ski - St. Moritz Ski School","robots":{"index":"index","follow":"follow","max-snippet":"max-snippet:-1","max-image-preview":"max-image-preview:large","max-video-preview":"max-video-preview:-1"},"canonical":"https:\/\/www.passionski.ch\/en\/team\/flurin-putscher\/","og_locale":"en_GB","og_type":"article","og_title":"Flurin Putscher - Passion Ski - St. Moritz Ski School","og_description":"Ski fahren z\u00e4hlt f\u00fcr mich zu den aufregendsten Aktivit\u00e4ten, die man sich nur vorstellen kann. Aufgewachsen im Engadin, einer Region, die f\u00fcr ihre atemberaubenden Berge und perfekten Pisten bekannt ist, hatte ich das Gl\u00fcck, in einer Umgebung zu leben, die meine Leidenschaft f\u00fcr den Wintersport von klein auf gen\u00e4hrt hat. Laut meiner Mutter konnte ich [&hellip;]","og_url":"https:\/\/www.passionski.ch\/en\/team\/flurin-putscher\/","og_site_name":"Passion Ski - St. Moritz Ski School","article_modified_time":"2025-10-27T09:07:16+00:00","og_image":[{"width":900,"height":900,"url":"https:\/\/www.passionski.ch\/wp-content\/uploads\/2024\/12\/Team_Flurin-Putscher.jpg","type":"image\/jpeg"}],"twitter_card":"summary_large_image","twitter_misc":{"Estimated reading time":"2 minutes"},"schema":{"@context":"https:\/\/schema.org","@graph":[{"@type":"WebPage","@id":"https:\/\/www.passionski.ch\/team\/flurin-putscher\/","url":"https:\/\/www.passionski.ch\/team\/flurin-putscher\/","name":"Flurin Putscher - Passion Ski - St. Moritz Ski School","isPartOf":{"@id":"https:\/\/www.passionski.ch\/#website"},"primaryImageOfPage":{"@id":"https:\/\/www.passionski.ch\/team\/flurin-putscher\/#primaryimage"},"image":{"@id":"https:\/\/www.passionski.ch\/team\/flurin-putscher\/#primaryimage"},"thumbnailUrl":"https:\/\/www.passionski.ch\/wp-content\/uploads\/2024\/12\/Team_Flurin-Putscher.jpg","datePublished":"2024-12-17T09:09:06+00:00","dateModified":"2025-10-27T09:07:16+00:00","breadcrumb":{"@id":"https:\/\/www.passionski.ch\/team\/flurin-putscher\/#breadcrumb"},"inLanguage":"en-GB","potentialAction":[{"@type":"ReadAction","target":["https:\/\/www.passionski.ch\/team\/flurin-putscher\/"]}]},{"@type":"ImageObject","inLanguage":"en-GB","@id":"https:\/\/www.passionski.ch\/team\/flurin-putscher\/#primaryimage","url":"https:\/\/www.passionski.ch\/wp-content\/uploads\/2024\/12\/Team_Flurin-Putscher.jpg","contentUrl":"https:\/\/www.passionski.ch\/wp-content\/uploads\/2024\/12\/Team_Flurin-Putscher.jpg","width":900,"height":900},{"@type":"BreadcrumbList","@id":"https:\/\/www.passionski.ch\/team\/flurin-putscher\/#breadcrumb","itemListElement":[{"@type":"ListItem","position":1,"name":"Startseite","item":"https:\/\/www.passionski.ch\/"},{"@type":"ListItem","position":2,"name":"Team","item":"https:\/\/www.passionski.ch\/team\/"},{"@type":"ListItem","position":3,"name":"Flurin Putscher"}]},{"@type":"WebSite","@id":"https:\/\/www.passionski.ch\/#website","url":"https:\/\/www.passionski.ch\/","name":"Passion Ski - St. Moritz Ski School","description":"Your snow sports school","publisher":{"@id":"https:\/\/www.passionski.ch\/#organization"},"potentialAction":[{"@type":"SearchAction","target":{"@type":"EntryPoint","urlTemplate":"https:\/\/www.passionski.ch\/?s={search_term_string}"},"query-input":{"@type":"PropertyValueSpecification","valueRequired":true,"valueName":"search_term_string"}}],"inLanguage":"en-GB"},{"@type":"Organization","@id":"https:\/\/www.passionski.ch\/#organization","name":"PassionSki GmbH","url":"https:\/\/www.passionski.ch\/","logo":{"@type":"ImageObject","inLanguage":"en-GB","@id":"https:\/\/www.passionski.ch\/#\/schema\/logo\/image\/","url":"https:\/\/www.passionski.ch\/wp-content\/uploads\/2016\/07\/LOGO-PASSIONSKI-COLOREOK.png","contentUrl":"https:\/\/www.passionski.ch\/wp-content\/uploads\/2016\/07\/LOGO-PASSIONSKI-COLOREOK.png","width":150,"height":47,"caption":"PassionSki GmbH"},"image":{"@id":"https:\/\/www.passionski.ch\/#\/schema\/logo\/image\/"}}]}},"_links":{"self":[{"href":"https:\/\/www.passionski.ch\/en\/wp-json\/wp\/v2\/pages\/7991","targetHints":{"allow":["GET"]}}],"collection":[{"href":"https:\/\/www.passionski.ch\/en\/wp-json\/wp\/v2\/pages"}],"about":[{"href":"https:\/\/www.passionski.ch\/en\/wp-json\/wp\/v2\/types\/page"}],"author":[{"embeddable":true,"href":"https:\/\/www.passionski.ch\/en\/wp-json\/wp\/v2\/users\/4"}],"replies":[{"embeddable":true,"href":"https:\/\/www.passionski.ch\/en\/wp-json\/wp\/v2\/comments?post=7991"}],"version-history":[{"count":19,"href":"https:\/\/www.passionski.ch\/en\/wp-json\/wp\/v2\/pages\/7991\/revisions"}],"predecessor-version":[{"id":8385,"href":"https:\/\/www.passionski.ch\/en\/wp-json\/wp\/v2\/pages\/7991\/revisions\/8385"}],"up":[{"embeddable":true,"href":"https:\/\/www.passionski.ch\/en\/wp-json\/wp\/v2\/pages\/5369"}],"wp:featuredmedia":[{"embeddable":true,"href":"https:\/\/www.passionski.ch\/en\/wp-json\/wp\/v2\/media\/8169"}],"wp:attachment":[{"href":"https:\/\/www.passionski.ch\/en\/wp-json\/wp\/v2\/media?parent=7991"}],"wp:term":[{"taxonomy":"category","embeddable":true,"href":"https:\/\/www.passionski.ch\/en\/wp-json\/wp\/v2\/categories?post=7991"},{"taxonomy":"post_tag","embeddable":true,"href":"https:\/\/www.passionski.ch\/en\/wp-json\/wp\/v2\/tags?post=7991"}],"curies":[{"name":"wp","href":"https:\/\/api.w.org\/{rel}","templated":true}]}}