{"id":7744,"date":"2024-07-21T11:18:24","date_gmt":"2024-07-21T09:18:24","guid":{"rendered":"https:\/\/www.passionski.ch\/?page_id=7744"},"modified":"2025-10-27T10:07:47","modified_gmt":"2025-10-27T09:07:47","slug":"lucas-swieykowski-2","status":"publish","type":"page","link":"https:\/\/www.passionski.ch\/en\/team\/lucas-swieykowski-2\/","title":{"rendered":"Lucas Swieykowski"},"content":{"rendered":"<div data-elementor-type=\"wp-page\" data-elementor-id=\"7744\" class=\"elementor elementor-7744\" data-elementor-post-type=\"page\">\n\t\t\t\t\t\t<section class=\"elementor-section elementor-top-section elementor-element elementor-element-3e4aa91 elementor-section-boxed elementor-section-height-default elementor-section-height-default\" data-id=\"3e4aa91\" data-element_type=\"section\">\n\t\t\t\t\t\t<div class=\"elementor-container elementor-column-gap-no\">\n\t\t\t\t\t<div class=\"elementor-column elementor-col-100 elementor-top-column elementor-element elementor-element-4c572e2\" data-id=\"4c572e2\" data-element_type=\"column\">\n\t\t\t<div class=\"elementor-widget-wrap elementor-element-populated\">\n\t\t\t\t\t\t<div class=\"elementor-element elementor-element-b62b2b8 elementor-widget elementor-widget-heading\" data-id=\"b62b2b8\" data-element_type=\"widget\" data-widget_type=\"heading.default\">\n\t\t\t\t<div class=\"elementor-widget-container\">\n\t\t\t\t\t<h2 class=\"elementor-heading-title elementor-size-default\">Lucas Swieykowski<\/h2>\t\t\t\t<\/div>\n\t\t\t\t<\/div>\n\t\t\t\t<div class=\"elementor-element elementor-element-b2342a9 elementor-widget elementor-widget-heading\" data-id=\"b2342a9\" data-element_type=\"widget\" data-widget_type=\"heading.default\">\n\t\t\t\t<div class=\"elementor-widget-container\">\n\t\t\t\t\t<h6 class=\"elementor-heading-title elementor-size-default\"><a href=\"https:\/\/www.passionski.ch\/en\/c\/snow-sports-instructor-in\/\" rel=\"tag\">Snow sports instructor<\/a><\/h6>\t\t\t\t<\/div>\n\t\t\t\t<\/div>\n\t\t\t\t\t<\/div>\n\t\t<\/div>\n\t\t\t\t\t<\/div>\n\t\t<\/section>\n\t\t\t\t<section class=\"elementor-section elementor-top-section elementor-element elementor-element-43d2a8f elementor-section-boxed elementor-section-height-default elementor-section-height-default\" data-id=\"43d2a8f\" data-element_type=\"section\">\n\t\t\t\t\t\t<div class=\"elementor-container elementor-column-gap-no\">\n\t\t\t\t\t<div class=\"elementor-column elementor-col-50 elementor-top-column elementor-element elementor-element-c1664c1\" data-id=\"c1664c1\" data-element_type=\"column\">\n\t\t\t<div class=\"elementor-widget-wrap elementor-element-populated\">\n\t\t\t\t\t\t<div class=\"elementor-element elementor-element-347f916 elementor-widget elementor-widget-theme-post-featured-image elementor-widget-image\" data-id=\"347f916\" data-element_type=\"widget\" data-widget_type=\"theme-post-featured-image.default\">\n\t\t\t\t<div class=\"elementor-widget-container\">\n\t\t\t\t\t\t\t\t\t\t\t\t\t\t\t<img fetchpriority=\"high\" decoding=\"async\" width=\"900\" height=\"900\" src=\"https:\/\/www.passionski.ch\/wp-content\/uploads\/2024\/07\/Team_Lukas.jpg\" class=\"attachment-full size-full wp-image-7681\" alt=\"\" srcset=\"https:\/\/www.passionski.ch\/wp-content\/uploads\/2024\/07\/Team_Lukas.jpg 900w, https:\/\/www.passionski.ch\/wp-content\/uploads\/2024\/07\/Team_Lukas-300x300.jpg 300w, https:\/\/www.passionski.ch\/wp-content\/uploads\/2024\/07\/Team_Lukas-150x150.jpg 150w, https:\/\/www.passionski.ch\/wp-content\/uploads\/2024\/07\/Team_Lukas-768x768.jpg 768w, https:\/\/www.passionski.ch\/wp-content\/uploads\/2024\/07\/Team_Lukas-12x12.jpg 12w, https:\/\/www.passionski.ch\/wp-content\/uploads\/2024\/07\/Team_Lukas-700x700.jpg 700w, https:\/\/www.passionski.ch\/wp-content\/uploads\/2024\/07\/Team_Lukas-400x400.jpg 400w\" sizes=\"(max-width: 900px) 100vw, 900px\" \/>\t\t\t\t\t\t\t\t\t\t\t\t\t\t\t<\/div>\n\t\t\t\t<\/div>\n\t\t\t\t\t<\/div>\n\t\t<\/div>\n\t\t\t\t<div class=\"elementor-column elementor-col-50 elementor-top-column elementor-element elementor-element-4a2f517\" data-id=\"4a2f517\" data-element_type=\"column\">\n\t\t\t<div class=\"elementor-widget-wrap elementor-element-populated\">\n\t\t\t\t\t\t<div class=\"elementor-element elementor-element-e9e59d2 elementor-widget elementor-widget-text-editor\" data-id=\"e9e59d2\" data-element_type=\"widget\" data-widget_type=\"text-editor.default\">\n\t\t\t\t<div class=\"elementor-widget-container\">\n\t\t\t\t\t\t\t\t\t<p>Skiing has taken Argentinean Lucas Swieykowski across the globe as a professional skier, ski instructor, and mountain guide. Renowned for his expertise, passion for extreme skiing, and his easygoing friendliness everywhere he travels to, Lucas is known to find good snow on unexplored, jaw-dropping runs everywhere he goes.<\/p>\n<p>Living the \u201cEndless Winter,\u201d Lucas is driven by his personal motto: \u201cEvery day counts.\u201d He relentlessly pursues the perfect day, blending unforgettable experiences with his passion for the mountains. From Bariloche, Argentina, he follows his dreams to ski and freeride on the world\u2019s most remarkable places.<\/p>\n<p>Lucas has dedicated his life to skiing, pushing boundaries, and discovering untouched mountains. \nWhether you\u2019re a beginner, an intermediate skier, or an expert sharing turns with him as a private client, or working together to capture the ultimate action shot, every moment becomes unforgettable\u2014an adventure guaranteed to inspire and thrill.<\/p>\n<p>\u201cThe way of the mountain is my way of life,\u201d Lucas says. \u201cI love discovering wild places and embracing nature in its purest form. Respect for the environment and a commitment to safety are the principles that enable me to continue pushing my limits and achieving my goals.\u201d<\/p>\t\t\t\t\t\t\t\t<\/div>\n\t\t\t\t<\/div>\n\t\t\t\t<div class=\"elementor-element elementor-element-36b7992 elementor-widget__width-auto elementor-widget elementor-widget-button\" data-id=\"36b7992\" data-element_type=\"widget\" data-widget_type=\"button.default\">\n\t\t\t\t<div class=\"elementor-widget-container\">\n\t\t\t\t\t\t\t\t\t<div class=\"elementor-button-wrapper\">\n\t\t\t\t\t<a class=\"elementor-button elementor-button-link elementor-size-sm\" href=\"https:\/\/www.instagram.com\/lswieykowski\/\" target=\"_blank\">\n\t\t\t\t\t\t<span class=\"elementor-button-content-wrapper\">\n\t\t\t\t\t\t\t\t\t<span class=\"elementor-button-text\">social media<\/span>\n\t\t\t\t\t<\/span>\n\t\t\t\t\t<\/a>\n\t\t\t\t<\/div>\n\t\t\t\t\t\t\t\t<\/div>\n\t\t\t\t<\/div>\n\t\t\t\t<div class=\"elementor-element elementor-element-ed31166 elementor-widget__width-auto elementor-widget elementor-widget-button\" data-id=\"ed31166\" data-element_type=\"widget\" data-widget_type=\"button.default\">\n\t\t\t\t<div class=\"elementor-widget-container\">\n\t\t\t\t\t\t\t\t\t<div class=\"elementor-button-wrapper\">\n\t\t\t\t\t<a class=\"elementor-button elementor-button-link elementor-size-sm\" href=\"https:\/\/www.lucasswieykowski.com\/\">\n\t\t\t\t\t\t<span class=\"elementor-button-content-wrapper\">\n\t\t\t\t\t\t\t\t\t<span class=\"elementor-button-text\">homepage<\/span>\n\t\t\t\t\t<\/span>\n\t\t\t\t\t<\/a>\n\t\t\t\t<\/div>\n\t\t\t\t\t\t\t\t<\/div>\n\t\t\t\t<\/div>\n\t\t\t\t\t<\/div>\n\t\t<\/div>\n\t\t\t\t\t<\/div>\n\t\t<\/section>\n\t\t\t\t<\/div>","protected":false},"excerpt":{"rendered":"<p>Skiing has taken Argentinian Lucas Swieykowski around the globe as a professional skier, ski instructor, and mountain guide. Known for his expertise, passion for extreme skiing, and easy-going nature, Lucas finds excellent snow on unexplored, breathtaking slopes wherever he travels. In his pursuit of &quot;Endless Winter,&quot; Lucas is driven by his personal motto: &quot;Every [\u2026]<\/p>","protected":false},"author":4,"featured_media":7681,"parent":5369,"menu_order":0,"comment_status":"closed","ping_status":"closed","template":"","meta":{"site-sidebar-layout":"no-sidebar","site-content-layout":"page-builder","ast-site-content-layout":"full-width-container","site-content-style":"default","site-sidebar-style":"default","ast-global-header-display":"","ast-banner-title-visibility":"","ast-main-header-display":"","ast-hfb-above-header-display":"","ast-hfb-below-header-display":"","ast-hfb-mobile-header-display":"","site-post-title":"disabled","ast-breadcrumbs-content":"","ast-featured-img":"disabled","footer-sml-layout":"","theme-transparent-header-meta":"","adv-header-id-meta":"","stick-header-meta":"","header-above-stick-meta":"","header-main-stick-meta":"","header-below-stick-meta":"","astra-migrate-meta-layouts":"set","ast-page-background-enabled":"default","ast-page-background-meta":{"desktop":{"background-color":"","background-image":"","background-repeat":"repeat","background-position":"center center","background-size":"auto","background-attachment":"scroll","background-type":"","background-media":"","overlay-type":"","overlay-color":"","overlay-opacity":"","overlay-gradient":""},"tablet":{"background-color":"","background-image":"","background-repeat":"repeat","background-position":"center center","background-size":"auto","background-attachment":"scroll","background-type":"","background-media":"","overlay-type":"","overlay-color":"","overlay-opacity":"","overlay-gradient":""},"mobile":{"background-color":"","background-image":"","background-repeat":"repeat","background-position":"center center","background-size":"auto","background-attachment":"scroll","background-type":"","background-media":"","overlay-type":"","overlay-color":"","overlay-opacity":"","overlay-gradient":""}},"ast-content-background-meta":{"desktop":{"background-color":"var(--ast-global-color-5)","background-image":"","background-repeat":"repeat","background-position":"center center","background-size":"auto","background-attachment":"scroll","background-type":"","background-media":"","overlay-type":"","overlay-color":"","overlay-opacity":"","overlay-gradient":""},"tablet":{"background-color":"var(--ast-global-color-5)","background-image":"","background-repeat":"repeat","background-position":"center center","background-size":"auto","background-attachment":"scroll","background-type":"","background-media":"","overlay-type":"","overlay-color":"","overlay-opacity":"","overlay-gradient":""},"mobile":{"background-color":"var(--ast-global-color-5)","background-image":"","background-repeat":"repeat","background-position":"center center","background-size":"auto","background-attachment":"scroll","background-type":"","background-media":"","overlay-type":"","overlay-color":"","overlay-opacity":"","overlay-gradient":""}},"footnotes":""},"categories":[20],"tags":[],"class_list":["post-7744","page","type-page","status-publish","has-post-thumbnail","hentry","category-schneesportlehrer-in"],"yoast_head":"<!-- This site is optimized with the Yoast SEO plugin v26.7 - https:\/\/yoast.com\/wordpress\/plugins\/seo\/ -->\n<title>Lucas Swieykowski - Passion Ski - St. Moritz Ski School<\/title>\n<meta name=\"robots\" content=\"index, follow, max-snippet:-1, max-image-preview:large, max-video-preview:-1\" \/>\n<link rel=\"canonical\" href=\"https:\/\/www.passionski.ch\/en\/team\/lucas-swieykowski-2\/\" \/>\n<meta property=\"og:locale\" content=\"en_GB\" \/>\n<meta property=\"og:type\" content=\"article\" \/>\n<meta property=\"og:title\" content=\"Lucas Swieykowski - Passion Ski - St. Moritz Ski School\" \/>\n<meta property=\"og:description\" content=\"Das Skifahren hat den Argentinier Lucas Swieykowski als Profiskifahrer, Skilehrer und Bergf\u00fchrer rund um den Globus gebracht. Bekannt f\u00fcr seine Expertise, Leidenschaft f\u00fcr extremes Skifahren und seine unkomplizierte Art, Lucas findet \u00fcberall, wo er hinreist, hervorragenden Schnee auf unerforschten, atemberaubenden Pisten. Im Streben nach dem \u201cEndlosen Winter\u201d wird Lucas von seinem pers\u00f6nlichen Motto angetrieben: \u201cJeder [&hellip;]\" \/>\n<meta property=\"og:url\" content=\"https:\/\/www.passionski.ch\/en\/team\/lucas-swieykowski-2\/\" \/>\n<meta property=\"og:site_name\" content=\"Passion Ski - St. Moritz Ski School\" \/>\n<meta property=\"article:modified_time\" content=\"2025-10-27T09:07:47+00:00\" \/>\n<meta property=\"og:image\" content=\"https:\/\/www.passionski.ch\/wp-content\/uploads\/2024\/07\/Team_Lukas.jpg\" \/>\n\t<meta property=\"og:image:width\" content=\"900\" \/>\n\t<meta property=\"og:image:height\" content=\"900\" \/>\n\t<meta property=\"og:image:type\" content=\"image\/jpeg\" \/>\n<meta name=\"twitter:card\" content=\"summary_large_image\" \/>\n<meta name=\"twitter:label1\" content=\"Estimated reading time\" \/>\n\t<meta name=\"twitter:data1\" content=\"2 minutes\" \/>\n<script type=\"application\/ld+json\" class=\"yoast-schema-graph\">{\"@context\":\"https:\/\/schema.org\",\"@graph\":[{\"@type\":\"WebPage\",\"@id\":\"https:\/\/www.passionski.ch\/team\/lucas-swieykowski\/\",\"url\":\"https:\/\/www.passionski.ch\/team\/lucas-swieykowski\/\",\"name\":\"Lucas Swieykowski - Passion Ski - St. Moritz Ski School\",\"isPartOf\":{\"@id\":\"https:\/\/www.passionski.ch\/#website\"},\"primaryImageOfPage\":{\"@id\":\"https:\/\/www.passionski.ch\/team\/lucas-swieykowski\/#primaryimage\"},\"image\":{\"@id\":\"https:\/\/www.passionski.ch\/team\/lucas-swieykowski\/#primaryimage\"},\"thumbnailUrl\":\"https:\/\/www.passionski.ch\/wp-content\/uploads\/2024\/07\/Team_Lukas.jpg\",\"datePublished\":\"2024-07-21T09:18:24+00:00\",\"dateModified\":\"2025-10-27T09:07:47+00:00\",\"breadcrumb\":{\"@id\":\"https:\/\/www.passionski.ch\/team\/lucas-swieykowski\/#breadcrumb\"},\"inLanguage\":\"en-GB\",\"potentialAction\":[{\"@type\":\"ReadAction\",\"target\":[\"https:\/\/www.passionski.ch\/team\/lucas-swieykowski\/\"]}]},{\"@type\":\"ImageObject\",\"inLanguage\":\"en-GB\",\"@id\":\"https:\/\/www.passionski.ch\/team\/lucas-swieykowski\/#primaryimage\",\"url\":\"https:\/\/www.passionski.ch\/wp-content\/uploads\/2024\/07\/Team_Lukas.jpg\",\"contentUrl\":\"https:\/\/www.passionski.ch\/wp-content\/uploads\/2024\/07\/Team_Lukas.jpg\",\"width\":900,\"height\":900},{\"@type\":\"BreadcrumbList\",\"@id\":\"https:\/\/www.passionski.ch\/team\/lucas-swieykowski\/#breadcrumb\",\"itemListElement\":[{\"@type\":\"ListItem\",\"position\":1,\"name\":\"Startseite\",\"item\":\"https:\/\/www.passionski.ch\/\"},{\"@type\":\"ListItem\",\"position\":2,\"name\":\"Team\",\"item\":\"https:\/\/www.passionski.ch\/team\/\"},{\"@type\":\"ListItem\",\"position\":3,\"name\":\"Lucas Swieykowski\"}]},{\"@type\":\"WebSite\",\"@id\":\"https:\/\/www.passionski.ch\/#website\",\"url\":\"https:\/\/www.passionski.ch\/\",\"name\":\"Passion Ski - St. Moritz Ski School\",\"description\":\"Your snow sports school\",\"publisher\":{\"@id\":\"https:\/\/www.passionski.ch\/#organization\"},\"potentialAction\":[{\"@type\":\"SearchAction\",\"target\":{\"@type\":\"EntryPoint\",\"urlTemplate\":\"https:\/\/www.passionski.ch\/?s={search_term_string}\"},\"query-input\":{\"@type\":\"PropertyValueSpecification\",\"valueRequired\":true,\"valueName\":\"search_term_string\"}}],\"inLanguage\":\"en-GB\"},{\"@type\":\"Organization\",\"@id\":\"https:\/\/www.passionski.ch\/#organization\",\"name\":\"PassionSki GmbH\",\"url\":\"https:\/\/www.passionski.ch\/\",\"logo\":{\"@type\":\"ImageObject\",\"inLanguage\":\"en-GB\",\"@id\":\"https:\/\/www.passionski.ch\/#\/schema\/logo\/image\/\",\"url\":\"https:\/\/www.passionski.ch\/wp-content\/uploads\/2016\/07\/LOGO-PASSIONSKI-COLOREOK.png\",\"contentUrl\":\"https:\/\/www.passionski.ch\/wp-content\/uploads\/2016\/07\/LOGO-PASSIONSKI-COLOREOK.png\",\"width\":150,\"height\":47,\"caption\":\"PassionSki GmbH\"},\"image\":{\"@id\":\"https:\/\/www.passionski.ch\/#\/schema\/logo\/image\/\"}}]}<\/script>\n<!-- \/ Yoast SEO plugin. -->","yoast_head_json":{"title":"Lucas Swieykowski - Passion Ski - St. Moritz Ski School","robots":{"index":"index","follow":"follow","max-snippet":"max-snippet:-1","max-image-preview":"max-image-preview:large","max-video-preview":"max-video-preview:-1"},"canonical":"https:\/\/www.passionski.ch\/en\/team\/lucas-swieykowski-2\/","og_locale":"en_GB","og_type":"article","og_title":"Lucas Swieykowski - Passion Ski - St. Moritz Ski School","og_description":"Das Skifahren hat den Argentinier Lucas Swieykowski als Profiskifahrer, Skilehrer und Bergf\u00fchrer rund um den Globus gebracht. Bekannt f\u00fcr seine Expertise, Leidenschaft f\u00fcr extremes Skifahren und seine unkomplizierte Art, Lucas findet \u00fcberall, wo er hinreist, hervorragenden Schnee auf unerforschten, atemberaubenden Pisten. Im Streben nach dem \u201cEndlosen Winter\u201d wird Lucas von seinem pers\u00f6nlichen Motto angetrieben: \u201cJeder [&hellip;]","og_url":"https:\/\/www.passionski.ch\/en\/team\/lucas-swieykowski-2\/","og_site_name":"Passion Ski - St. Moritz Ski School","article_modified_time":"2025-10-27T09:07:47+00:00","og_image":[{"width":900,"height":900,"url":"https:\/\/www.passionski.ch\/wp-content\/uploads\/2024\/07\/Team_Lukas.jpg","type":"image\/jpeg"}],"twitter_card":"summary_large_image","twitter_misc":{"Estimated reading time":"2 minutes"},"schema":{"@context":"https:\/\/schema.org","@graph":[{"@type":"WebPage","@id":"https:\/\/www.passionski.ch\/team\/lucas-swieykowski\/","url":"https:\/\/www.passionski.ch\/team\/lucas-swieykowski\/","name":"Lucas Swieykowski - Passion Ski - St. Moritz Ski School","isPartOf":{"@id":"https:\/\/www.passionski.ch\/#website"},"primaryImageOfPage":{"@id":"https:\/\/www.passionski.ch\/team\/lucas-swieykowski\/#primaryimage"},"image":{"@id":"https:\/\/www.passionski.ch\/team\/lucas-swieykowski\/#primaryimage"},"thumbnailUrl":"https:\/\/www.passionski.ch\/wp-content\/uploads\/2024\/07\/Team_Lukas.jpg","datePublished":"2024-07-21T09:18:24+00:00","dateModified":"2025-10-27T09:07:47+00:00","breadcrumb":{"@id":"https:\/\/www.passionski.ch\/team\/lucas-swieykowski\/#breadcrumb"},"inLanguage":"en-GB","potentialAction":[{"@type":"ReadAction","target":["https:\/\/www.passionski.ch\/team\/lucas-swieykowski\/"]}]},{"@type":"ImageObject","inLanguage":"en-GB","@id":"https:\/\/www.passionski.ch\/team\/lucas-swieykowski\/#primaryimage","url":"https:\/\/www.passionski.ch\/wp-content\/uploads\/2024\/07\/Team_Lukas.jpg","contentUrl":"https:\/\/www.passionski.ch\/wp-content\/uploads\/2024\/07\/Team_Lukas.jpg","width":900,"height":900},{"@type":"BreadcrumbList","@id":"https:\/\/www.passionski.ch\/team\/lucas-swieykowski\/#breadcrumb","itemListElement":[{"@type":"ListItem","position":1,"name":"Startseite","item":"https:\/\/www.passionski.ch\/"},{"@type":"ListItem","position":2,"name":"Team","item":"https:\/\/www.passionski.ch\/team\/"},{"@type":"ListItem","position":3,"name":"Lucas Swieykowski"}]},{"@type":"WebSite","@id":"https:\/\/www.passionski.ch\/#website","url":"https:\/\/www.passionski.ch\/","name":"Passion Ski - St. Moritz Ski School","description":"Your snow sports school","publisher":{"@id":"https:\/\/www.passionski.ch\/#organization"},"potentialAction":[{"@type":"SearchAction","target":{"@type":"EntryPoint","urlTemplate":"https:\/\/www.passionski.ch\/?s={search_term_string}"},"query-input":{"@type":"PropertyValueSpecification","valueRequired":true,"valueName":"search_term_string"}}],"inLanguage":"en-GB"},{"@type":"Organization","@id":"https:\/\/www.passionski.ch\/#organization","name":"PassionSki GmbH","url":"https:\/\/www.passionski.ch\/","logo":{"@type":"ImageObject","inLanguage":"en-GB","@id":"https:\/\/www.passionski.ch\/#\/schema\/logo\/image\/","url":"https:\/\/www.passionski.ch\/wp-content\/uploads\/2016\/07\/LOGO-PASSIONSKI-COLOREOK.png","contentUrl":"https:\/\/www.passionski.ch\/wp-content\/uploads\/2016\/07\/LOGO-PASSIONSKI-COLOREOK.png","width":150,"height":47,"caption":"PassionSki GmbH"},"image":{"@id":"https:\/\/www.passionski.ch\/#\/schema\/logo\/image\/"}}]}},"_links":{"self":[{"href":"https:\/\/www.passionski.ch\/en\/wp-json\/wp\/v2\/pages\/7744","targetHints":{"allow":["GET"]}}],"collection":[{"href":"https:\/\/www.passionski.ch\/en\/wp-json\/wp\/v2\/pages"}],"about":[{"href":"https:\/\/www.passionski.ch\/en\/wp-json\/wp\/v2\/types\/page"}],"author":[{"embeddable":true,"href":"https:\/\/www.passionski.ch\/en\/wp-json\/wp\/v2\/users\/4"}],"replies":[{"embeddable":true,"href":"https:\/\/www.passionski.ch\/en\/wp-json\/wp\/v2\/comments?post=7744"}],"version-history":[{"count":19,"href":"https:\/\/www.passionski.ch\/en\/wp-json\/wp\/v2\/pages\/7744\/revisions"}],"predecessor-version":[{"id":8391,"href":"https:\/\/www.passionski.ch\/en\/wp-json\/wp\/v2\/pages\/7744\/revisions\/8391"}],"up":[{"embeddable":true,"href":"https:\/\/www.passionski.ch\/en\/wp-json\/wp\/v2\/pages\/5369"}],"wp:featuredmedia":[{"embeddable":true,"href":"https:\/\/www.passionski.ch\/en\/wp-json\/wp\/v2\/media\/7681"}],"wp:attachment":[{"href":"https:\/\/www.passionski.ch\/en\/wp-json\/wp\/v2\/media?parent=7744"}],"wp:term":[{"taxonomy":"category","embeddable":true,"href":"https:\/\/www.passionski.ch\/en\/wp-json\/wp\/v2\/categories?post=7744"},{"taxonomy":"post_tag","embeddable":true,"href":"https:\/\/www.passionski.ch\/en\/wp-json\/wp\/v2\/tags?post=7744"}],"curies":[{"name":"wp","href":"https:\/\/api.w.org\/{rel}","templated":true}]}}